{"id":12992,"date":"2025-04-10T14:56:45","date_gmt":"2025-04-10T12:56:45","guid":{"rendered":"https:\/\/keluvo.com\/no\/produkt\/borstekutterhode\/"},"modified":"2025-04-10T14:56:49","modified_gmt":"2025-04-10T12:56:49","slug":"borstekutterhode","status":"publish","type":"product","link":"https:\/\/keluvo.com\/no\/produkt\/borstekutterhode\/","title":{"rendered":"B\u00f8rstekutterhode"},"content":{"rendered":"<h2 style=\"text-align: center\"><strong>Slitesterk Og Sterk Design<\/strong><\/h2>\n<p style=\"text-align: center\">B\u00f8rsteklipperhodet er laget av st\u00e5ltr\u00e5d av h\u00f8y kvalitet og en jernskive, noe som sikrer eksepsjonell holdbarhet. Den robuste konstruksjonen motst\u00e5r slitasje, noe som gj\u00f8r den perfekt til \u00e5 klippe gjennom t\u00f8ft ugress og gress. Du f\u00e5r jevn ytelse med et verkt\u00f8y som er bygget for \u00e5 vare.<\/p>\n<p><img decoding=\"async\" class=\"alignnone size-medium wp-image-8966 aligncenter\" src=\"https:\/\/keluvo.com\/template\/wp-content\/uploads\/sites\/5\/2025\/01\/S2fd6827141dd4ce5a30e7daf675200e8b.jpg_960x960q75.jpg_.jpeg\" alt=\"\" \/><\/p>\n<h2 style=\"text-align: center\"><strong>Allsidig For Flere Bruksomr\u00e5der<\/strong><\/h2>\n<p style=\"text-align: center\">Dette buskrydderhodet er egnet for en rekke oppgaver, fra trimming av plener til fjerning av mose og rust. Det er et p\u00e5litelig verkt\u00f8y for alle dine utend\u00f8rs vedlikeholdsbehov, og er ideelt for bruk i hager, p\u00e5 fortau, g\u00e5rdsplasser og parkeringsplasser.<\/p>\n<p><img decoding=\"async\" class=\"alignnone size-medium wp-image-8968 aligncenter\" src=\"https:\/\/keluvo.com\/template\/wp-content\/uploads\/sites\/5\/2025\/01\/Se511aa071a064ae5b80c25e313a3ac656.jpg_960x960q75.jpg_.jpeg\" alt=\"\" \/><\/p>\n","protected":false},"excerpt":{"rendered":"<p>Slitesterk Og Sterk Design B\u00f8rsteklipperhodet er laget av st\u00e5ltr\u00e5d av h\u00f8y kvalitet og en jernskive, noe som sikrer eksepsjonell holdbarhet. [&hellip;]<\/p>\n","protected":false},"featured_media":12988,"comment_status":"open","ping_status":"closed","template":"","meta":{"site-sidebar-layout":"default","site-content-layout":"","ast-site-content-layout":"default","site-content-style":"default","site-sidebar-style":"default","ast-global-header-display":"","ast-banner-title-visibility":"","ast-main-header-display":"","ast-hfb-above-header-display":"","ast-hfb-below-header-display":"","ast-hfb-mobile-header-display":"","site-post-title":"","ast-breadcrumbs-content":"","ast-featured-img":"","footer-sml-layout":"","theme-transparent-header-meta":"default","adv-header-id-meta":"","stick-header-meta":"","header-above-stick-meta":"","header-main-stick-meta":"","header-below-stick-meta":"","astra-migrate-meta-layouts":"set","ast-page-background-enabled":"default","ast-page-background-meta":{"desktop":{"background-color":"var(--ast-global-color-4)","background-image":"","background-repeat":"repeat","background-position":"center center","background-size":"auto","background-attachment":"scroll","background-type":"","background-media":"","overlay-type":"","overlay-color":"","overlay-opacity":"","overlay-gradient":""},"tablet":{"background-color":"","background-image":"","background-repeat":"repeat","background-position":"center center","background-size":"auto","background-attachment":"scroll","background-type":"","background-media":"","overlay-type":"","overlay-color":"","overlay-opacity":"","overlay-gradient":""},"mobile":{"background-color":"","background-image":"","background-repeat":"repeat","background-position":"center center","background-size":"auto","background-attachment":"scroll","background-type":"","background-media":"","overlay-type":"","overlay-color":"","overlay-opacity":"","overlay-gradient":""}},"ast-content-background-meta":{"desktop":{"background-color":"var(--ast-global-color-5)","background-image":"","background-repeat":"repeat","background-position":"center center","background-size":"auto","background-attachment":"scroll","background-type":"","background-media":"","overlay-type":"","overlay-color":"","overlay-opacity":"","overlay-gradient":""},"tablet":{"background-color":"var(--ast-global-color-5)","background-image":"","background-repeat":"repeat","background-position":"center center","background-size":"auto","background-attachment":"scroll","background-type":"","background-media":"","overlay-type":"","overlay-color":"","overlay-opacity":"","overlay-gradient":""},"mobile":{"background-color":"var(--ast-global-color-5)","background-image":"","background-repeat":"repeat","background-position":"center center","background-size":"auto","background-attachment":"scroll","background-type":"","background-media":"","overlay-type":"","overlay-color":"","overlay-opacity":"","overlay-gradient":""}}},"product_brand":[],"product_cat":[993],"product_tag":[],"class_list":{"0":"post-12992","1":"product","2":"type-product","3":"status-publish","4":"has-post-thumbnail","6":"product_cat-skotoy-tilbehor","7":"pa_37035_r6m5ycmb-3-kniver","8":"pa_37035_r6m5ycmb-6-kniver","9":"desktop-align-left","10":"tablet-align-left","11":"mobile-align-left","13":"first","14":"instock","15":"shipping-taxable","16":"purchasable","17":"product-type-variable"},"_links":{"self":[{"href":"https:\/\/keluvo.com\/no\/wp-json\/wp\/v2\/product\/12992","targetHints":{"allow":["GET"]}}],"collection":[{"href":"https:\/\/keluvo.com\/no\/wp-json\/wp\/v2\/product"}],"about":[{"href":"https:\/\/keluvo.com\/no\/wp-json\/wp\/v2\/types\/product"}],"replies":[{"embeddable":true,"href":"https:\/\/keluvo.com\/no\/wp-json\/wp\/v2\/comments?post=12992"}],"wp:featuredmedia":[{"embeddable":true,"href":"https:\/\/keluvo.com\/no\/wp-json\/wp\/v2\/media\/12988"}],"wp:attachment":[{"href":"https:\/\/keluvo.com\/no\/wp-json\/wp\/v2\/media?parent=12992"}],"wp:term":[{"taxonomy":"product_brand","embeddable":true,"href":"https:\/\/keluvo.com\/no\/wp-json\/wp\/v2\/product_brand?post=12992"},{"taxonomy":"product_cat","embeddable":true,"href":"https:\/\/keluvo.com\/no\/wp-json\/wp\/v2\/product_cat?post=12992"},{"taxonomy":"product_tag","embeddable":true,"href":"https:\/\/keluvo.com\/no\/wp-json\/wp\/v2\/product_tag?post=12992"}],"curies":[{"name":"wp","href":"https:\/\/api.w.org\/{rel}","templated":true}]}}