{"id":12977,"date":"2025-04-10T14:56:17","date_gmt":"2025-04-10T12:56:17","guid":{"rendered":"https:\/\/keluvo.com\/no\/produkt\/rattdeksel\/"},"modified":"2025-04-14T13:40:00","modified_gmt":"2025-04-14T11:40:00","slug":"rattdeksel-1","status":"publish","type":"product","link":"https:\/\/keluvo.com\/no\/produkt\/rattdeksel-1\/","title":{"rendered":"Rattdeksel"},"content":{"rendered":"<h2 class=\"\" style=\"text-align: center;\" data-start=\"0\" data-end=\"30\"><strong>Bedre Grep Under Kj\u00f8ring<\/strong><\/h2>\n<p class=\"\" style=\"text-align: center;\" data-start=\"31\" data-end=\"250\">Rattdekselet har en sklisikker overflate som hjelper deg \u00e5 holde rattet fastere. Dette gir deg bedre kontroll over bilen, selv under lange turer eller raske svinger. Det hjelper deg \u00e5 kj\u00f8re tryggere og mer komfortabelt.<\/p>\n<p data-start=\"31\" data-end=\"250\"><img decoding=\"async\" class=\"alignnone size-medium wp-image-13817 aligncenter\" src=\"https:\/\/keluvo.com\/template\/wp-content\/uploads\/sites\/5\/2025\/04\/40a2417c-7ae0-4a7b-a3d4-689ba6a5796a.webp\" alt=\"\" \/><\/p>\n<h2 class=\"\" style=\"text-align: center;\" data-start=\"252\" data-end=\"277\"><strong>Passer Til De Fleste Biler<\/strong><\/h2>\n<p class=\"\" style=\"text-align: center;\" data-start=\"278\" data-end=\"458\">Dette rattdekselet er laget for \u00e5 passe til de fleste standardhjul i biler, SUV-er og lastebiler. Det strekker seg lett og holder seg p\u00e5 plass uten \u00e5 skli. Du trenger ikke verkt\u00f8y for \u00e5 montere det.<\/p>\n<p data-start=\"278\" data-end=\"458\"><img decoding=\"async\" class=\"alignnone size-medium wp-image-13822 aligncenter\" src=\"https:\/\/keluvo.com\/template\/wp-content\/uploads\/sites\/5\/2025\/04\/S698e88632fa6496d8003238633c4cd30t.jpg_960x960q75.jpg_.jpeg\" alt=\"\" \/><\/p>\n","protected":false},"excerpt":{"rendered":"<p>Bedre Grep Under Kj\u00f8ring Rattdekselet har en sklisikker overflate som hjelper deg \u00e5 holde rattet fastere. Dette gir deg bedre [&hellip;]<\/p>\n","protected":false},"featured_media":12973,"comment_status":"open","ping_status":"closed","template":"","meta":{"site-sidebar-layout":"default","site-content-layout":"","ast-site-content-layout":"default","site-content-style":"default","site-sidebar-style":"default","ast-global-header-display":"","ast-banner-title-visibility":"","ast-main-header-display":"","ast-hfb-above-header-display":"","ast-hfb-below-header-display":"","ast-hfb-mobile-header-display":"","site-post-title":"","ast-breadcrumbs-content":"","ast-featured-img":"","footer-sml-layout":"","theme-transparent-header-meta":"default","adv-header-id-meta":"","stick-header-meta":"","header-above-stick-meta":"","header-main-stick-meta":"","header-below-stick-meta":"","astra-migrate-meta-layouts":"set","ast-page-background-enabled":"default","ast-page-background-meta":{"desktop":{"background-color":"var(--ast-global-color-4)","background-image":"","background-repeat":"repeat","background-position":"center center","background-size":"auto","background-attachment":"scroll","background-type":"","background-media":"","overlay-type":"","overlay-color":"","overlay-opacity":"","overlay-gradient":""},"tablet":{"background-color":"","background-image":"","background-repeat":"repeat","background-position":"center center","background-size":"auto","background-attachment":"scroll","background-type":"","background-media":"","overlay-type":"","overlay-color":"","overlay-opacity":"","overlay-gradient":""},"mobile":{"background-color":"","background-image":"","background-repeat":"repeat","background-position":"center center","background-size":"auto","background-attachment":"scroll","background-type":"","background-media":"","overlay-type":"","overlay-color":"","overlay-opacity":"","overlay-gradient":""}},"ast-content-background-meta":{"desktop":{"background-color":"var(--ast-global-color-5)","background-image":"","background-repeat":"repeat","background-position":"center center","background-size":"auto","background-attachment":"scroll","background-type":"","background-media":"","overlay-type":"","overlay-color":"","overlay-opacity":"","overlay-gradient":""},"tablet":{"background-color":"var(--ast-global-color-5)","background-image":"","background-repeat":"repeat","background-position":"center center","background-size":"auto","background-attachment":"scroll","background-type":"","background-media":"","overlay-type":"","overlay-color":"","overlay-opacity":"","overlay-gradient":""},"mobile":{"background-color":"var(--ast-global-color-5)","background-image":"","background-repeat":"repeat","background-position":"center center","background-size":"auto","background-attachment":"scroll","background-type":"","background-media":"","overlay-type":"","overlay-color":"","overlay-opacity":"","overlay-gradient":""}}},"product_brand":[],"product_cat":[993],"product_tag":[],"class_list":{"0":"post-12977","1":"product","2":"type-product","3":"status-publish","4":"has-post-thumbnail","6":"product_cat-skotoy-tilbehor","7":"pa_46445_veygcwxm-brun","8":"pa_46445_veygcwxm-gra","9":"pa_46445_veygcwxm-gul","10":"pa_46445_veygcwxm-rod","11":"pa_46445_veygcwxm-svart","12":"desktop-align-left","13":"tablet-align-left","14":"mobile-align-left","16":"first","17":"instock","18":"shipping-taxable","19":"purchasable","20":"product-type-variable"},"_links":{"self":[{"href":"https:\/\/keluvo.com\/no\/wp-json\/wp\/v2\/product\/12977","targetHints":{"allow":["GET"]}}],"collection":[{"href":"https:\/\/keluvo.com\/no\/wp-json\/wp\/v2\/product"}],"about":[{"href":"https:\/\/keluvo.com\/no\/wp-json\/wp\/v2\/types\/product"}],"replies":[{"embeddable":true,"href":"https:\/\/keluvo.com\/no\/wp-json\/wp\/v2\/comments?post=12977"}],"wp:featuredmedia":[{"embeddable":true,"href":"https:\/\/keluvo.com\/no\/wp-json\/wp\/v2\/media\/12973"}],"wp:attachment":[{"href":"https:\/\/keluvo.com\/no\/wp-json\/wp\/v2\/media?parent=12977"}],"wp:term":[{"taxonomy":"product_brand","embeddable":true,"href":"https:\/\/keluvo.com\/no\/wp-json\/wp\/v2\/product_brand?post=12977"},{"taxonomy":"product_cat","embeddable":true,"href":"https:\/\/keluvo.com\/no\/wp-json\/wp\/v2\/product_cat?post=12977"},{"taxonomy":"product_tag","embeddable":true,"href":"https:\/\/keluvo.com\/no\/wp-json\/wp\/v2\/product_tag?post=12977"}],"curies":[{"name":"wp","href":"https:\/\/api.w.org\/{rel}","templated":true}]}}