{"id":1296,"date":"2024-10-06T18:38:36","date_gmt":"2024-10-06T15:38:36","guid":{"rendered":"https:\/\/keluvo.com\/no\/product\/stjernetegn-lampe\/"},"modified":"2024-10-06T18:40:58","modified_gmt":"2024-10-06T15:40:58","slug":"stjernetegn-lampe","status":"publish","type":"product","link":"https:\/\/keluvo.com\/no\/produkt\/stjernetegn-lampe\/","title":{"rendered":"Stjernetegn-lampe"},"content":{"rendered":"<h2 style=\"text-align: center\"><strong>Lys opp rommet ditt med Zodiac Light<\/strong><\/h2>\n<p style=\"text-align: center\">En lampe med et lasergravert stjernetegn som gir et levende 3D-bilde n\u00e5r den er tent.<\/p>\n<p><img fetchpriority=\"high\" decoding=\"async\" width=\"800\" height=\"800\" class=\"size-medium wp-image-570 aligncenter\" src=\"https:\/\/keluvo.com\/template\/wp-content\/uploads\/sites\/5\/2024\/10\/leo-2.webp\" alt=\"\" srcset=\"https:\/\/keluvo.com\/no\/wp-content\/uploads\/sites\/10\/2024\/10\/leo-2.webp 800w, https:\/\/keluvo.com\/no\/wp-content\/uploads\/sites\/10\/2024\/10\/leo-2-300x300.webp 300w, https:\/\/keluvo.com\/no\/wp-content\/uploads\/sites\/10\/2024\/10\/leo-2-150x150.webp 150w, https:\/\/keluvo.com\/no\/wp-content\/uploads\/sites\/10\/2024\/10\/leo-2-768x768.webp 768w, https:\/\/keluvo.com\/no\/wp-content\/uploads\/sites\/10\/2024\/10\/leo-2-600x600.webp 600w, https:\/\/keluvo.com\/no\/wp-content\/uploads\/sites\/10\/2024\/10\/leo-2-100x100.webp 100w, https:\/\/keluvo.com\/no\/wp-content\/uploads\/sites\/10\/2024\/10\/leo-2-50x50.webp 50w\" sizes=\"(max-width: 800px) 100vw, 800px\" \/><\/p>\n<h2 style=\"text-align: center\"><strong>F\u00f8yer til et snev av eleganse<\/strong><\/h2>\n<p style=\"text-align: center\">Forvandle ethvert rom til en rolig oase med Zodiac Light. Det gl\u00f8dende 3D-bildet av dyrekretsen fungerer ikke bare som en nattlampe, men forbedrer ogs\u00e5 det estetiske uttrykket i rommet ditt, noe som gj\u00f8r den perfekt for avslapning eller som en unik gave til astrologientusiaster.<\/p>\n<\/p>\n<p><img decoding=\"async\" width=\"800\" height=\"800\" class=\"size-medium wp-image-571 aligncenter\" src=\"https:\/\/keluvo.com\/template\/wp-content\/uploads\/sites\/5\/2024\/10\/pisces-3.webp\" alt=\"\" srcset=\"https:\/\/keluvo.com\/no\/wp-content\/uploads\/sites\/10\/2024\/10\/pisces-3.webp 800w, https:\/\/keluvo.com\/no\/wp-content\/uploads\/sites\/10\/2024\/10\/pisces-3-300x300.webp 300w, https:\/\/keluvo.com\/no\/wp-content\/uploads\/sites\/10\/2024\/10\/pisces-3-150x150.webp 150w, https:\/\/keluvo.com\/no\/wp-content\/uploads\/sites\/10\/2024\/10\/pisces-3-768x768.webp 768w, https:\/\/keluvo.com\/no\/wp-content\/uploads\/sites\/10\/2024\/10\/pisces-3-600x600.webp 600w, https:\/\/keluvo.com\/no\/wp-content\/uploads\/sites\/10\/2024\/10\/pisces-3-100x100.webp 100w, https:\/\/keluvo.com\/no\/wp-content\/uploads\/sites\/10\/2024\/10\/pisces-3-50x50.webp 50w\" sizes=\"(max-width: 800px) 100vw, 800px\" \/><\/p>\n","protected":false},"excerpt":{"rendered":"<p>Lys opp rommet ditt med Zodiac Light, en lampe med et lasergravert stjernetegn som gir et levende 3D-bilde n\u00e5r den er tent.<\/p>\n<p>\n","protected":false},"featured_media":1292,"comment_status":"open","ping_status":"closed","template":"","meta":{"site-sidebar-layout":"default","site-content-layout":"","ast-site-content-layout":"default","site-content-style":"default","site-sidebar-style":"default","ast-global-header-display":"","ast-banner-title-visibility":"","ast-main-header-display":"","ast-hfb-above-header-display":"","ast-hfb-below-header-display":"","ast-hfb-mobile-header-display":"","site-post-title":"","ast-breadcrumbs-content":"","ast-featured-img":"","footer-sml-layout":"","theme-transparent-header-meta":"default","adv-header-id-meta":"","stick-header-meta":"","header-above-stick-meta":"","header-main-stick-meta":"","header-below-stick-meta":"","astra-migrate-meta-layouts":"set","ast-page-background-enabled":"default","ast-page-background-meta":{"desktop":{"background-color":"var(--ast-global-color-4)","background-image":"","background-repeat":"repeat","background-position":"center center","background-size":"auto","background-attachment":"scroll","background-type":"","background-media":"","overlay-type":"","overlay-color":"","overlay-opacity":"","overlay-gradient":""},"tablet":{"background-color":"","background-image":"","background-repeat":"repeat","background-position":"center center","background-size":"auto","background-attachment":"scroll","background-type":"","background-media":"","overlay-type":"","overlay-color":"","overlay-opacity":"","overlay-gradient":""},"mobile":{"background-color":"","background-image":"","background-repeat":"repeat","background-position":"center center","background-size":"auto","background-attachment":"scroll","background-type":"","background-media":"","overlay-type":"","overlay-color":"","overlay-opacity":"","overlay-gradient":""}},"ast-content-background-meta":{"desktop":{"background-color":"var(--ast-global-color-5)","background-image":"","background-repeat":"repeat","background-position":"center center","background-size":"auto","background-attachment":"scroll","background-type":"","background-media":"","overlay-type":"","overlay-color":"","overlay-opacity":"","overlay-gradient":""},"tablet":{"background-color":"var(--ast-global-color-5)","background-image":"","background-repeat":"repeat","background-position":"center center","background-size":"auto","background-attachment":"scroll","background-type":"","background-media":"","overlay-type":"","overlay-color":"","overlay-opacity":"","overlay-gradient":""},"mobile":{"background-color":"var(--ast-global-color-5)","background-image":"","background-repeat":"repeat","background-position":"center center","background-size":"auto","background-attachment":"scroll","background-type":"","background-media":"","overlay-type":"","overlay-color":"","overlay-opacity":"","overlay-gradient":""}}},"product_brand":[],"product_cat":[15],"product_tag":[],"class_list":{"0":"post-1296","1":"product","2":"type-product","3":"status-publish","4":"has-post-thumbnail","6":"product_cat-uncategorized","7":"pa_a6opovr3-fiskene","8":"pa_a6opovr3-jomfruen","9":"pa_a6opovr3-kreft","10":"pa_a6opovr3-leo","11":"pa_a6opovr3-skorpionen","12":"pa_a6opovr3-skytten","13":"pa_a6opovr3-steinbukken","14":"pa_a6opovr3-tvillingene","15":"pa_a6opovr3-tyren","16":"pa_a6opovr3-vaeren","17":"pa_a6opovr3-vannmannen","18":"pa_a6opovr3-vekten","19":"pa_lkpdi6wm-6-cm","20":"pa_lkpdi6wm-8-cm","21":"desktop-align-left","22":"tablet-align-left","23":"mobile-align-left","25":"first","26":"instock","27":"shipping-taxable","28":"purchasable","29":"product-type-variable"},"_links":{"self":[{"href":"https:\/\/keluvo.com\/no\/wp-json\/wp\/v2\/product\/1296","targetHints":{"allow":["GET"]}}],"collection":[{"href":"https:\/\/keluvo.com\/no\/wp-json\/wp\/v2\/product"}],"about":[{"href":"https:\/\/keluvo.com\/no\/wp-json\/wp\/v2\/types\/product"}],"replies":[{"embeddable":true,"href":"https:\/\/keluvo.com\/no\/wp-json\/wp\/v2\/comments?post=1296"}],"wp:featuredmedia":[{"embeddable":true,"href":"https:\/\/keluvo.com\/no\/wp-json\/wp\/v2\/media\/1292"}],"wp:attachment":[{"href":"https:\/\/keluvo.com\/no\/wp-json\/wp\/v2\/media?parent=1296"}],"wp:term":[{"taxonomy":"product_brand","embeddable":true,"href":"https:\/\/keluvo.com\/no\/wp-json\/wp\/v2\/product_brand?post=1296"},{"taxonomy":"product_cat","embeddable":true,"href":"https:\/\/keluvo.com\/no\/wp-json\/wp\/v2\/product_cat?post=1296"},{"taxonomy":"product_tag","embeddable":true,"href":"https:\/\/keluvo.com\/no\/wp-json\/wp\/v2\/product_tag?post=1296"}],"curies":[{"name":"wp","href":"https:\/\/api.w.org\/{rel}","templated":true}]}}