{"id":12908,"date":"2025-04-10T14:53:21","date_gmt":"2025-04-10T12:53:21","guid":{"rendered":"https:\/\/keluvo.com\/no\/produkt\/hoodie-teppe-som-leketoy\/"},"modified":"2025-04-10T14:53:27","modified_gmt":"2025-04-10T12:53:27","slug":"hoodie-teppe-som-leketoy","status":"publish","type":"product","link":"https:\/\/keluvo.com\/no\/produkt\/hoodie-teppe-som-leketoy\/","title":{"rendered":"Hoodie-teppe som leket\u00f8y"},"content":{"rendered":"<h2 class=\"\" style=\"text-align: center\" data-start=\"0\" data-end=\"26\"><strong>Varm Og Myk Komfort<\/strong><\/h2>\n<p class=\"\" style=\"text-align: center\" data-start=\"27\" data-end=\"260\">Hettegenserteppet er laget av myk polyester som holder barna varme og behagelige. Det er perfekt for kalde dager hjemme, mens du leser, ser p\u00e5 TV eller sover. Det myke materialet f\u00f8les godt mot huden og gir en f\u00f8lelse av komfort.<\/p>\n<p data-start=\"27\" data-end=\"260\"><img decoding=\"async\" class=\"alignnone size-medium wp-image-13836 aligncenter\" src=\"https:\/\/keluvo.com\/template\/wp-content\/uploads\/sites\/5\/2025\/04\/c02b2b3d-aec6-40ce-9083-cb6708258d41.webp\" alt=\"\" \/><\/p>\n<h2 class=\"\" style=\"text-align: center\" data-start=\"262\" data-end=\"287\"><strong>Morsomt Og Lett \u00c5 Ha P\u00e5<\/strong><\/h2>\n<p class=\"\" style=\"text-align: center\" data-start=\"288\" data-end=\"499\">Dette hettegenserteppet er designet som en stor sweatshirt med et morsomt tegneserieutseende. Barna kan enkelt ta det p\u00e5 seg uten hjelp. Det passer de fleste barn mellom 5 og 12 \u00e5r, noe som gj\u00f8r det flott for b\u00e5de gutter og jenter.<\/p>\n<p data-start=\"288\" data-end=\"499\"><img decoding=\"async\" class=\"alignnone size-medium wp-image-13834 aligncenter\" src=\"https:\/\/keluvo.com\/template\/wp-content\/uploads\/sites\/5\/2025\/04\/9d79819c-fd15-49a3-bf6b-7e63ab5d62d4.webp\" alt=\"\" \/><\/p>\n","protected":false},"excerpt":{"rendered":"<p>Varm Og Myk Komfort Hettegenserteppet er laget av myk polyester som holder barna varme og behagelige. Det er perfekt for [&hellip;]<\/p>\n","protected":false},"featured_media":12904,"comment_status":"open","ping_status":"closed","template":"","meta":{"site-sidebar-layout":"default","site-content-layout":"","ast-site-content-layout":"default","site-content-style":"default","site-sidebar-style":"default","ast-global-header-display":"","ast-banner-title-visibility":"","ast-main-header-display":"","ast-hfb-above-header-display":"","ast-hfb-below-header-display":"","ast-hfb-mobile-header-display":"","site-post-title":"","ast-breadcrumbs-content":"","ast-featured-img":"","footer-sml-layout":"","theme-transparent-header-meta":"default","adv-header-id-meta":"","stick-header-meta":"","header-above-stick-meta":"","header-main-stick-meta":"","header-below-stick-meta":"","astra-migrate-meta-layouts":"set","ast-page-background-enabled":"default","ast-page-background-meta":{"desktop":{"background-color":"var(--ast-global-color-4)","background-image":"","background-repeat":"repeat","background-position":"center center","background-size":"auto","background-attachment":"scroll","background-type":"","background-media":"","overlay-type":"","overlay-color":"","overlay-opacity":"","overlay-gradient":""},"tablet":{"background-color":"","background-image":"","background-repeat":"repeat","background-position":"center center","background-size":"auto","background-attachment":"scroll","background-type":"","background-media":"","overlay-type":"","overlay-color":"","overlay-opacity":"","overlay-gradient":""},"mobile":{"background-color":"","background-image":"","background-repeat":"repeat","background-position":"center center","background-size":"auto","background-attachment":"scroll","background-type":"","background-media":"","overlay-type":"","overlay-color":"","overlay-opacity":"","overlay-gradient":""}},"ast-content-background-meta":{"desktop":{"background-color":"var(--ast-global-color-5)","background-image":"","background-repeat":"repeat","background-position":"center center","background-size":"auto","background-attachment":"scroll","background-type":"","background-media":"","overlay-type":"","overlay-color":"","overlay-opacity":"","overlay-gradient":""},"tablet":{"background-color":"var(--ast-global-color-5)","background-image":"","background-repeat":"repeat","background-position":"center center","background-size":"auto","background-attachment":"scroll","background-type":"","background-media":"","overlay-type":"","overlay-color":"","overlay-opacity":"","overlay-gradient":""},"mobile":{"background-color":"var(--ast-global-color-5)","background-image":"","background-repeat":"repeat","background-position":"center center","background-size":"auto","background-attachment":"scroll","background-type":"","background-media":"","overlay-type":"","overlay-color":"","overlay-opacity":"","overlay-gradient":""}}},"product_brand":[],"product_cat":[990],"product_tag":[],"class_list":{"0":"post-12908","1":"product","2":"type-product","3":"status-publish","4":"has-post-thumbnail","6":"product_cat-leker-barne-og-babyprodukter","7":"pa_45796_fzr7icrg-bla","8":"pa_45796_fzr7icrg-gronn","9":"pa_45796_fzr7icrg-lilla","10":"pa_45796_fzr7icrg-rosa","11":"desktop-align-left","12":"tablet-align-left","13":"mobile-align-left","15":"first","16":"instock","17":"shipping-taxable","18":"purchasable","19":"product-type-variable"},"_links":{"self":[{"href":"https:\/\/keluvo.com\/no\/wp-json\/wp\/v2\/product\/12908","targetHints":{"allow":["GET"]}}],"collection":[{"href":"https:\/\/keluvo.com\/no\/wp-json\/wp\/v2\/product"}],"about":[{"href":"https:\/\/keluvo.com\/no\/wp-json\/wp\/v2\/types\/product"}],"replies":[{"embeddable":true,"href":"https:\/\/keluvo.com\/no\/wp-json\/wp\/v2\/comments?post=12908"}],"wp:featuredmedia":[{"embeddable":true,"href":"https:\/\/keluvo.com\/no\/wp-json\/wp\/v2\/media\/12904"}],"wp:attachment":[{"href":"https:\/\/keluvo.com\/no\/wp-json\/wp\/v2\/media?parent=12908"}],"wp:term":[{"taxonomy":"product_brand","embeddable":true,"href":"https:\/\/keluvo.com\/no\/wp-json\/wp\/v2\/product_brand?post=12908"},{"taxonomy":"product_cat","embeddable":true,"href":"https:\/\/keluvo.com\/no\/wp-json\/wp\/v2\/product_cat?post=12908"},{"taxonomy":"product_tag","embeddable":true,"href":"https:\/\/keluvo.com\/no\/wp-json\/wp\/v2\/product_tag?post=12908"}],"curies":[{"name":"wp","href":"https:\/\/api.w.org\/{rel}","templated":true}]}}