{"id":12888,"date":"2025-04-10T14:52:30","date_gmt":"2025-04-10T12:52:30","guid":{"rendered":"https:\/\/keluvo.com\/no\/produkt\/reflekterende-tape\/"},"modified":"2025-04-14T13:20:12","modified_gmt":"2025-04-14T11:20:12","slug":"reflekterende-tape-1","status":"publish","type":"product","link":"https:\/\/keluvo.com\/no\/produkt\/reflekterende-tape-1\/","title":{"rendered":"Reflekterende tape"},"content":{"rendered":"<h2 class=\"\" style=\"text-align: center;\" data-start=\"0\" data-end=\"26\"><strong>Lyssterk Og Reflekterende<\/strong><\/h2>\n<p class=\"\" style=\"text-align: center;\" data-start=\"27\" data-end=\"212\">Refleksteipen har sterke r\u00f8de og hvite farger som skinner i m\u00f8rket. Det hjelper sj\u00e5f\u00f8rene med \u00e5 se kj\u00f8ret\u00f8yet ditt bedre om natten. Dette forbedrer sikkerheten ved kj\u00f8ring om natten eller i svakt lys.<\/p>\n<p data-start=\"27\" data-end=\"212\"><img decoding=\"async\" class=\"alignnone size-medium wp-image-13796 aligncenter\" src=\"https:\/\/keluvo.com\/template\/wp-content\/uploads\/sites\/5\/2025\/04\/H03278aff635c4af2a7ec9939b1841f3dc.jpg_960x960q75.jpg_.jpeg\" alt=\"\" \/><\/p>\n<h2 class=\"\" style=\"text-align: center;\" data-start=\"214\" data-end=\"240\"><strong>Sitter Godt Og Varer Lenge<\/strong><\/h2>\n<p class=\"\" style=\"text-align: center;\" data-start=\"241\" data-end=\"411\">Denne refleksb\u00e5ndet har et sterkt lim som holder seg p\u00e5 plass. Den faller ikke lett av, selv ikke i varmt eller v\u00e5tt v\u00e6r. Overflaten er vanntett og falmer ikke over tid.<\/p>\n<p style=\"text-align: center;\" data-start=\"241\" data-end=\"411\"><img decoding=\"async\" class=\"alignnone size-medium wp-image-13794\" src=\"https:\/\/keluvo.com\/template\/wp-content\/uploads\/sites\/5\/2025\/04\/H8ee35a67275b40a4b31c9f64e9848657i.jpeg\" alt=\"\" \/><\/p>\n","protected":false},"excerpt":{"rendered":"<p>Lyssterk Og Reflekterende Refleksteipen har sterke r\u00f8de og hvite farger som skinner i m\u00f8rket. Det hjelper sj\u00e5f\u00f8rene med \u00e5 se [&hellip;]<\/p>\n","protected":false},"featured_media":12884,"comment_status":"open","ping_status":"closed","template":"","meta":{"site-sidebar-layout":"default","site-content-layout":"","ast-site-content-layout":"default","site-content-style":"default","site-sidebar-style":"default","ast-global-header-display":"","ast-banner-title-visibility":"","ast-main-header-display":"","ast-hfb-above-header-display":"","ast-hfb-below-header-display":"","ast-hfb-mobile-header-display":"","site-post-title":"","ast-breadcrumbs-content":"","ast-featured-img":"","footer-sml-layout":"","theme-transparent-header-meta":"default","adv-header-id-meta":"","stick-header-meta":"","header-above-stick-meta":"","header-main-stick-meta":"","header-below-stick-meta":"","astra-migrate-meta-layouts":"set","ast-page-background-enabled":"default","ast-page-background-meta":{"desktop":{"background-color":"var(--ast-global-color-4)","background-image":"","background-repeat":"repeat","background-position":"center center","background-size":"auto","background-attachment":"scroll","background-type":"","background-media":"","overlay-type":"","overlay-color":"","overlay-opacity":"","overlay-gradient":""},"tablet":{"background-color":"","background-image":"","background-repeat":"repeat","background-position":"center center","background-size":"auto","background-attachment":"scroll","background-type":"","background-media":"","overlay-type":"","overlay-color":"","overlay-opacity":"","overlay-gradient":""},"mobile":{"background-color":"","background-image":"","background-repeat":"repeat","background-position":"center center","background-size":"auto","background-attachment":"scroll","background-type":"","background-media":"","overlay-type":"","overlay-color":"","overlay-opacity":"","overlay-gradient":""}},"ast-content-background-meta":{"desktop":{"background-color":"var(--ast-global-color-5)","background-image":"","background-repeat":"repeat","background-position":"center center","background-size":"auto","background-attachment":"scroll","background-type":"","background-media":"","overlay-type":"","overlay-color":"","overlay-opacity":"","overlay-gradient":""},"tablet":{"background-color":"var(--ast-global-color-5)","background-image":"","background-repeat":"repeat","background-position":"center center","background-size":"auto","background-attachment":"scroll","background-type":"","background-media":"","overlay-type":"","overlay-color":"","overlay-opacity":"","overlay-gradient":""},"mobile":{"background-color":"var(--ast-global-color-5)","background-image":"","background-repeat":"repeat","background-position":"center center","background-size":"auto","background-attachment":"scroll","background-type":"","background-media":"","overlay-type":"","overlay-color":"","overlay-opacity":"","overlay-gradient":""}}},"product_brand":[],"product_cat":[993],"product_tag":[],"class_list":{"0":"post-12888","1":"product","2":"type-product","3":"status-publish","4":"has-post-thumbnail","6":"product_cat-skotoy-tilbehor","7":"desktop-align-left","8":"tablet-align-left","9":"mobile-align-left","11":"first","12":"instock","13":"shipping-taxable","14":"purchasable","15":"product-type-simple"},"_links":{"self":[{"href":"https:\/\/keluvo.com\/no\/wp-json\/wp\/v2\/product\/12888","targetHints":{"allow":["GET"]}}],"collection":[{"href":"https:\/\/keluvo.com\/no\/wp-json\/wp\/v2\/product"}],"about":[{"href":"https:\/\/keluvo.com\/no\/wp-json\/wp\/v2\/types\/product"}],"replies":[{"embeddable":true,"href":"https:\/\/keluvo.com\/no\/wp-json\/wp\/v2\/comments?post=12888"}],"wp:featuredmedia":[{"embeddable":true,"href":"https:\/\/keluvo.com\/no\/wp-json\/wp\/v2\/media\/12884"}],"wp:attachment":[{"href":"https:\/\/keluvo.com\/no\/wp-json\/wp\/v2\/media?parent=12888"}],"wp:term":[{"taxonomy":"product_brand","embeddable":true,"href":"https:\/\/keluvo.com\/no\/wp-json\/wp\/v2\/product_brand?post=12888"},{"taxonomy":"product_cat","embeddable":true,"href":"https:\/\/keluvo.com\/no\/wp-json\/wp\/v2\/product_cat?post=12888"},{"taxonomy":"product_tag","embeddable":true,"href":"https:\/\/keluvo.com\/no\/wp-json\/wp\/v2\/product_tag?post=12888"}],"curies":[{"name":"wp","href":"https:\/\/api.w.org\/{rel}","templated":true}]}}