{"id":12877,"date":"2025-04-10T14:52:06","date_gmt":"2025-04-10T12:52:06","guid":{"rendered":"https:\/\/keluvo.com\/no\/produkt\/trampoline\/"},"modified":"2025-09-12T14:04:49","modified_gmt":"2025-09-12T11:04:49","slug":"trampoline","status":"publish","type":"product","link":"https:\/\/keluvo.com\/no\/produkt\/trampoline\/","title":{"rendered":"Trampoline"},"content":{"rendered":"<h2 class=\"\" style=\"text-align: center;\" data-start=\"0\" data-end=\"27\"><strong>Sterk Og Sikker Design<\/strong><\/h2>\n<p class=\"\" style=\"text-align: center;\" data-start=\"28\" data-end=\"230\">Trampolinen er laget av sterke, galvaniserte st\u00e5lr\u00f8r som t\u00e5ler opptil 100 kg. Trampolinen er 1,4 meter bred. Sikkerhetsnettet og den stabile rammen bidrar til \u00e5 beskytte barna mens de hopper. Den er perfekt for innend\u00f8rs moro og trygg trening.<\/p>\n<p data-start=\"28\" data-end=\"230\"><img decoding=\"async\" class=\"alignnone size-medium wp-image-13786 aligncenter\" src=\"https:\/\/keluvo.com\/template\/wp-content\/uploads\/sites\/5\/2025\/04\/S05106cf390b64966bfdc7612946842daG.jpg_960x960q75.jpg_.jpeg\" alt=\"\" \/><\/p>\n<h2 class=\"\" style=\"text-align: center;\" data-start=\"232\" data-end=\"264\"><strong>Behagelig Hoppeoverflate<\/strong><\/h2>\n<p class=\"\" style=\"text-align: center;\" data-start=\"265\" data-end=\"456\">Trampolinen har en PP-hoppeduk av h\u00f8y kvalitet som gir en jevn og sterk sprett. Barna kan glede seg over \u00e5 hoppe mens overflaten forblir fast og myk. Det bidrar til \u00e5 bygge balanse og koordinasjon.<\/p>\n<p data-start=\"265\" data-end=\"456\"><img decoding=\"async\" class=\"alignnone size-medium wp-image-13785 aligncenter\" src=\"https:\/\/keluvo.com\/template\/wp-content\/uploads\/sites\/5\/2025\/04\/S9b84b1b2d6d0471d99c8014b58a240fay.jpeg\" alt=\"\" \/><\/p>\n","protected":false},"excerpt":{"rendered":"<p>Sterk Og Sikker Design Trampolinen er laget av sterke, galvaniserte st\u00e5lr\u00f8r som t\u00e5ler opptil 100 kg. Trampolinen er 1,4 meter [&hellip;]<\/p>\n","protected":false},"featured_media":12873,"comment_status":"open","ping_status":"closed","template":"","meta":{"site-sidebar-layout":"default","site-content-layout":"","ast-site-content-layout":"default","site-content-style":"default","site-sidebar-style":"default","ast-global-header-display":"","ast-banner-title-visibility":"","ast-main-header-display":"","ast-hfb-above-header-display":"","ast-hfb-below-header-display":"","ast-hfb-mobile-header-display":"","site-post-title":"","ast-breadcrumbs-content":"","ast-featured-img":"","footer-sml-layout":"","theme-transparent-header-meta":"default","adv-header-id-meta":"","stick-header-meta":"","header-above-stick-meta":"","header-main-stick-meta":"","header-below-stick-meta":"","astra-migrate-meta-layouts":"set","ast-page-background-enabled":"default","ast-page-background-meta":{"desktop":{"background-color":"var(--ast-global-color-4)","background-image":"","background-repeat":"repeat","background-position":"center center","background-size":"auto","background-attachment":"scroll","background-type":"","background-media":"","overlay-type":"","overlay-color":"","overlay-opacity":"","overlay-gradient":""},"tablet":{"background-color":"","background-image":"","background-repeat":"repeat","background-position":"center center","background-size":"auto","background-attachment":"scroll","background-type":"","background-media":"","overlay-type":"","overlay-color":"","overlay-opacity":"","overlay-gradient":""},"mobile":{"background-color":"","background-image":"","background-repeat":"repeat","background-position":"center center","background-size":"auto","background-attachment":"scroll","background-type":"","background-media":"","overlay-type":"","overlay-color":"","overlay-opacity":"","overlay-gradient":""}},"ast-content-background-meta":{"desktop":{"background-color":"var(--ast-global-color-5)","background-image":"","background-repeat":"repeat","background-position":"center center","background-size":"auto","background-attachment":"scroll","background-type":"","background-media":"","overlay-type":"","overlay-color":"","overlay-opacity":"","overlay-gradient":""},"tablet":{"background-color":"var(--ast-global-color-5)","background-image":"","background-repeat":"repeat","background-position":"center center","background-size":"auto","background-attachment":"scroll","background-type":"","background-media":"","overlay-type":"","overlay-color":"","overlay-opacity":"","overlay-gradient":""},"mobile":{"background-color":"var(--ast-global-color-5)","background-image":"","background-repeat":"repeat","background-position":"center center","background-size":"auto","background-attachment":"scroll","background-type":"","background-media":"","overlay-type":"","overlay-color":"","overlay-opacity":"","overlay-gradient":""}}},"product_brand":[],"product_cat":[990],"product_tag":[],"class_list":{"0":"post-12877","1":"product","2":"type-product","3":"status-publish","4":"has-post-thumbnail","6":"product_cat-leker-barne-og-babyprodukter","7":"pa_46175_5kq3hofn-bla","8":"pa_46175_5kq3hofn-gra","9":"pa_46175_5kq3hofn-rod","10":"desktop-align-left","11":"tablet-align-left","12":"mobile-align-left","14":"first","15":"instock","16":"shipping-taxable","17":"purchasable","18":"product-type-variable"},"_links":{"self":[{"href":"https:\/\/keluvo.com\/no\/wp-json\/wp\/v2\/product\/12877","targetHints":{"allow":["GET"]}}],"collection":[{"href":"https:\/\/keluvo.com\/no\/wp-json\/wp\/v2\/product"}],"about":[{"href":"https:\/\/keluvo.com\/no\/wp-json\/wp\/v2\/types\/product"}],"replies":[{"embeddable":true,"href":"https:\/\/keluvo.com\/no\/wp-json\/wp\/v2\/comments?post=12877"}],"wp:featuredmedia":[{"embeddable":true,"href":"https:\/\/keluvo.com\/no\/wp-json\/wp\/v2\/media\/12873"}],"wp:attachment":[{"href":"https:\/\/keluvo.com\/no\/wp-json\/wp\/v2\/media?parent=12877"}],"wp:term":[{"taxonomy":"product_brand","embeddable":true,"href":"https:\/\/keluvo.com\/no\/wp-json\/wp\/v2\/product_brand?post=12877"},{"taxonomy":"product_cat","embeddable":true,"href":"https:\/\/keluvo.com\/no\/wp-json\/wp\/v2\/product_cat?post=12877"},{"taxonomy":"product_tag","embeddable":true,"href":"https:\/\/keluvo.com\/no\/wp-json\/wp\/v2\/product_tag?post=12877"}],"curies":[{"name":"wp","href":"https:\/\/api.w.org\/{rel}","templated":true}]}}