{"id":12864,"date":"2025-04-10T14:51:35","date_gmt":"2025-04-10T12:51:35","guid":{"rendered":"https:\/\/keluvo.com\/no\/produkt\/bitehansker-for-babyer\/"},"modified":"2025-04-10T14:51:42","modified_gmt":"2025-04-10T12:51:42","slug":"bitehansker-for-babyer","status":"publish","type":"product","link":"https:\/\/keluvo.com\/no\/produkt\/bitehansker-for-babyer\/","title":{"rendered":"Bitehansker for babyer"},"content":{"rendered":"<h2 class=\"\" style=\"text-align: center\" data-start=\"0\" data-end=\"27\"><strong>Mykt Og Trygt Materiale<\/strong><\/h2>\n<p class=\"\" style=\"text-align: center\" data-start=\"28\" data-end=\"259\">Bideringhanskene er laget av mykt silikon som er trygt for babyer \u00e5 tygge p\u00e5. Materialet er sterkt og sk\u00e5nsomt mot tannkj\u00f8ttet, noe som bidrar til \u00e5 tr\u00f8ste babyen under tanngnagingen. De er enkle \u00e5 rengj\u00f8re og fri for skadelige stoffer.<\/p>\n<p data-start=\"28\" data-end=\"259\"><img decoding=\"async\" class=\"alignnone size-medium wp-image-13687 aligncenter\" src=\"https:\/\/keluvo.com\/template\/wp-content\/uploads\/sites\/5\/2025\/04\/S390c6021ecdd4162aaf1ab009893a593b.jpeg\" alt=\"\" \/><\/p>\n<h2 class=\"\" style=\"text-align: center\" data-start=\"261\" data-end=\"292\"><strong>Lindrer Smerter Ved Tannsmerter<\/strong><\/h2>\n<p class=\"\" style=\"text-align: center\" data-start=\"293\" data-end=\"491\">Babybitehanskene er utformet for \u00e5 massere tannkj\u00f8ttet og redusere ubehag ved tannsmerter. Den strukturerte overflaten hjelper babyen med \u00e5 tygge og slappe av. Dette gj\u00f8r det lettere \u00e5 f\u00e5 tenner og holder babyen rolig og glad.<\/p>\n<p style=\"text-align: center\" data-start=\"293\" data-end=\"491\"><img decoding=\"async\" class=\"alignnone size-medium wp-image-13688\" src=\"https:\/\/keluvo.com\/template\/wp-content\/uploads\/sites\/5\/2025\/04\/S61221565c546466ea3109ea33a9306b1H.jpeg\" alt=\"\" \/><\/p>\n","protected":false},"excerpt":{"rendered":"<p>Mykt Og Trygt Materiale Bideringhanskene er laget av mykt silikon som er trygt for babyer \u00e5 tygge p\u00e5. Materialet er [&hellip;]<\/p>\n","protected":false},"featured_media":12860,"comment_status":"open","ping_status":"closed","template":"","meta":{"site-sidebar-layout":"default","site-content-layout":"","ast-site-content-layout":"default","site-content-style":"default","site-sidebar-style":"default","ast-global-header-display":"","ast-banner-title-visibility":"","ast-main-header-display":"","ast-hfb-above-header-display":"","ast-hfb-below-header-display":"","ast-hfb-mobile-header-display":"","site-post-title":"","ast-breadcrumbs-content":"","ast-featured-img":"","footer-sml-layout":"","theme-transparent-header-meta":"default","adv-header-id-meta":"","stick-header-meta":"","header-above-stick-meta":"","header-main-stick-meta":"","header-below-stick-meta":"","astra-migrate-meta-layouts":"set","ast-page-background-enabled":"default","ast-page-background-meta":{"desktop":{"background-color":"var(--ast-global-color-4)","background-image":"","background-repeat":"repeat","background-position":"center center","background-size":"auto","background-attachment":"scroll","background-type":"","background-media":"","overlay-type":"","overlay-color":"","overlay-opacity":"","overlay-gradient":""},"tablet":{"background-color":"","background-image":"","background-repeat":"repeat","background-position":"center center","background-size":"auto","background-attachment":"scroll","background-type":"","background-media":"","overlay-type":"","overlay-color":"","overlay-opacity":"","overlay-gradient":""},"mobile":{"background-color":"","background-image":"","background-repeat":"repeat","background-position":"center center","background-size":"auto","background-attachment":"scroll","background-type":"","background-media":"","overlay-type":"","overlay-color":"","overlay-opacity":"","overlay-gradient":""}},"ast-content-background-meta":{"desktop":{"background-color":"var(--ast-global-color-5)","background-image":"","background-repeat":"repeat","background-position":"center center","background-size":"auto","background-attachment":"scroll","background-type":"","background-media":"","overlay-type":"","overlay-color":"","overlay-opacity":"","overlay-gradient":""},"tablet":{"background-color":"var(--ast-global-color-5)","background-image":"","background-repeat":"repeat","background-position":"center center","background-size":"auto","background-attachment":"scroll","background-type":"","background-media":"","overlay-type":"","overlay-color":"","overlay-opacity":"","overlay-gradient":""},"mobile":{"background-color":"var(--ast-global-color-5)","background-image":"","background-repeat":"repeat","background-position":"center center","background-size":"auto","background-attachment":"scroll","background-type":"","background-media":"","overlay-type":"","overlay-color":"","overlay-opacity":"","overlay-gradient":""}}},"product_brand":[],"product_cat":[990],"product_tag":[],"class_list":{"0":"post-12864","1":"product","2":"type-product","3":"status-publish","4":"has-post-thumbnail","6":"product_cat-leker-barne-og-babyprodukter","7":"pa_37973_mnrizqu0-beige","8":"pa_37973_mnrizqu0-bla","9":"pa_37973_mnrizqu0-gronn","10":"pa_37973_mnrizqu0-rosa","11":"desktop-align-left","12":"tablet-align-left","13":"mobile-align-left","15":"first","16":"instock","17":"shipping-taxable","18":"purchasable","19":"product-type-variable"},"_links":{"self":[{"href":"https:\/\/keluvo.com\/no\/wp-json\/wp\/v2\/product\/12864","targetHints":{"allow":["GET"]}}],"collection":[{"href":"https:\/\/keluvo.com\/no\/wp-json\/wp\/v2\/product"}],"about":[{"href":"https:\/\/keluvo.com\/no\/wp-json\/wp\/v2\/types\/product"}],"replies":[{"embeddable":true,"href":"https:\/\/keluvo.com\/no\/wp-json\/wp\/v2\/comments?post=12864"}],"wp:featuredmedia":[{"embeddable":true,"href":"https:\/\/keluvo.com\/no\/wp-json\/wp\/v2\/media\/12860"}],"wp:attachment":[{"href":"https:\/\/keluvo.com\/no\/wp-json\/wp\/v2\/media?parent=12864"}],"wp:term":[{"taxonomy":"product_brand","embeddable":true,"href":"https:\/\/keluvo.com\/no\/wp-json\/wp\/v2\/product_brand?post=12864"},{"taxonomy":"product_cat","embeddable":true,"href":"https:\/\/keluvo.com\/no\/wp-json\/wp\/v2\/product_cat?post=12864"},{"taxonomy":"product_tag","embeddable":true,"href":"https:\/\/keluvo.com\/no\/wp-json\/wp\/v2\/product_tag?post=12864"}],"curies":[{"name":"wp","href":"https:\/\/api.w.org\/{rel}","templated":true}]}}