{"id":12852,"date":"2025-04-10T10:49:31","date_gmt":"2025-04-10T08:49:31","guid":{"rendered":"https:\/\/keluvo.com\/no\/produkt\/parafinlighter-i-kobber-2\/"},"modified":"2025-04-10T10:54:31","modified_gmt":"2025-04-10T08:54:31","slug":"parafinlighter-i-kobber","status":"publish","type":"product","link":"https:\/\/keluvo.com\/no\/produkt\/parafinlighter-i-kobber\/","title":{"rendered":"Parafinlighter i kobber"},"content":{"rendered":"<h2 style=\"text-align: center;\" data-start=\"81\" data-end=\"116\">\ud83d\udd70\ufe0f Vintage-inspirert design<\/h2>\n<p class=\"\" style=\"text-align: center;\" data-start=\"117\" data-end=\"312\"><span class=\"relative -mx-px my-[-0.2rem] rounded px-px py-[0.2rem] transition-colors duration-100 ease-in-out\">Embass\u00e9r en blanding av historie og stil med denne trenchlighteren i antikk stil.<\/span> <span class=\"relative -mx-px my-[-0.2rem] rounded px-px py-[0.2rem] transition-colors duration-100 ease-in-out\">Det gjennomsiktige brennstoffkammeret tilf\u00f8rer ikke bare en retro-estetikk, men gj\u00f8r det ogs\u00e5 mulig \u00e5 holde \u00f8ye med brennstoffniv\u00e5et, slik at du aldri blir overrasket.<\/span> <span class=\"relative -mx-px my-[-0.2rem] rounded px-px py-[0.2rem] transition-colors duration-100 ease-in-out\">Den unike designen har et avtakbart ytterdeksel og et nagleslipeskive som gir jevn gnistdannelse for p\u00e5litelig tenning.<\/span><\/p>\n<p data-start=\"117\" data-end=\"312\"><img decoding=\"async\" class=\"size-medium wp-image-13780 aligncenter\" src=\"https:\/\/keluvo.com\/template\/wp-content\/uploads\/sites\/5\/2025\/02\/lightervideo-ezgif.com-video-to-webp-converter.webp\" alt=\"\" \/><\/p>\n<h2 style=\"text-align: center;\" data-start=\"319\" data-end=\"355\">\ud83d\udd04 P\u00e5fyllbar og milj\u00f8vennlig<\/h2>\n<p class=\"\" style=\"text-align: center;\" data-start=\"356\" data-end=\"551\"><span class=\"relative -mx-px my-[-0.2rem] rounded px-px py-[0.2rem] transition-colors duration-100 ease-in-out\">Designet med b\u00e6rekraft i tankene, har denne lighteren et p\u00e5fyllbart parafinkammer.<\/span> <span class=\"relative -mx-px my-[-0.2rem] rounded px-px py-[0.2rem] transition-colors duration-100 ease-in-out\">Bare roter bunndekselet for \u00e5 f\u00e5 tilgang til oljep\u00e5fyllingen, slik at det er enkelt \u00e5 fylle p\u00e5.<\/span> <span class=\"relative -mx-px my-[-0.2rem] rounded px-px py-[0.2rem] transition-colors duration-100 ease-in-out\">En integrert gummipute hindrer effektivt lekkasjer og s\u00f8rger for sikkerhet og lang levetid.<\/span> \u200b<\/p>\n<h2 style=\"text-align: center;\" data-start=\"558\" data-end=\"591\">\ud83d\udee1\ufe0f Holdbart h\u00e5ndverk<\/h2>\n<p class=\"\" style=\"text-align: center;\" data-start=\"592\" data-end=\"757\"><span class=\"relative -mx-px my-[-0.2rem] rounded px-px py-[0.2rem] transition-colors duration-100 ease-in-out\">Konstruert av kobber- og messingmaterialer av h\u00f8y kvalitet, gir denne lighteren holdbarhet og en solid f\u00f8lelse.<\/span> <span class=\"relative -mx-px my-[-0.2rem] rounded px-px py-[0.2rem] transition-colors duration-100 ease-in-out\">Tannhjulsdesignet gj\u00f8r det enkelt \u00e5 betjene slipeskiven, noe som sikrer en s\u00f8ml\u00f8s tenningsopplevelse.<\/span><\/p>\n<p><img decoding=\"async\" class=\"size-medium wp-image-13778 aligncenter\" src=\"https:\/\/keluvo.com\/template\/wp-content\/uploads\/sites\/5\/2025\/02\/118ca348-ad04-4fcd-be64-f26f5df597d2.webp\" alt=\"\" \/><\/p>\n<h2 style=\"text-align: center;\" data-start=\"764\" data-end=\"795\">\ud83d\udeb6 B\u00e6rbar og praktisk<\/h2>\n<p class=\"\" style=\"text-align: center;\" data-start=\"796\" data-end=\"961\"><span class=\"relative -mx-px my-[-0.2rem] rounded px-px py-[0.2rem] transition-colors duration-100 ease-in-out\">Den kompakte st\u00f8rrelsen gj\u00f8r den til en ideell f\u00f8lgesvenn for ulike aktiviteter.<\/span> <span class=\"relative -mx-px my-[-0.2rem] rounded px-px py-[0.2rem] transition-colors duration-100 ease-in-out\">Enten du skal tenne en sigarett, nyte en pipe eller trenger en p\u00e5litelig flamme p\u00e5 campingturen, passer denne lighteren lett i lommen eller lommeboken.<\/span> \u200b<\/p>\n<p><img decoding=\"async\" class=\"size-medium wp-image-13777 aligncenter\" src=\"https:\/\/keluvo.com\/template\/wp-content\/uploads\/sites\/5\/2025\/02\/b0fafeb0-4d6c-4c3d-8efc-381481cf8a23.webp\" alt=\"\" \/><\/p>\n<h2 style=\"text-align: center;\" data-start=\"968\" data-end=\"996\">\ud83c\udf81 Ideelt gavevalg<\/h2>\n<p class=\"\" style=\"text-align: center;\" data-start=\"997\" data-end=\"1122\"><span class=\"relative -mx-px my-[-0.2rem] rounded px-px py-[0.2rem] transition-colors duration-100 ease-in-out\">Presenteres i en uts\u00f8kt gaveeske, og denne vintageoljelighteren fungerer som en gjennomtenkt gave til dine kj\u00e6re ved anledninger som valentinsdagen, bursdager, bryllup, farsdag, merkedager, h\u00f8sttakkefest og jul.<\/span><\/p>\n<h2 style=\"text-align: center;\" data-start=\"1129\" data-end=\"1143\">\u2753 Ofte stilte sp\u00f8rsm\u00e5l:<\/h2>\n<p class=\"\" style=\"text-align: center;\" data-start=\"1145\" data-end=\"1280\"><strong data-start=\"1145\" data-end=\"1192\">Hvilken Type Drivstoff Bruker Denne Lighteren?<\/strong><br data-start=\"1192\" data-end=\"1195\" \/><span class=\"relative -mx-px my-[-0.2rem] rounded px-px py-[0.2rem] transition-colors duration-100 ease-in-out\">Denne lighteren er designet for bruk med standard parafin eller tennv\u00e6ske. V\u00e6r oppmerksom p\u00e5 at drivstoff ikke er inkludert p\u00e5 grunn av fraktbestemmelser.<\/span>\u200b<\/p>\n<p class=\"\" style=\"text-align: center;\" data-start=\"1282\" data-end=\"1405\"><strong data-start=\"1282\" data-end=\"1317\">Hvordan Fyller Jeg P\u00e5 Lighteren?<\/strong><br data-start=\"1317\" data-end=\"1320\" \/><span class=\"relative -mx-px my-[-0.2rem] rounded px-px py-[0.2rem] transition-colors duration-100 ease-in-out\">Roter bunndekselet for \u00e5 f\u00e5 tilgang til oljep\u00e5fyllingen, og fyll deretter forsiktig p\u00e5 passende drivstoff. S\u00f8rg for at dekselet er godt festet etter p\u00e5fylling.<\/span>\u200b<\/p>\n<p class=\"\" style=\"text-align: center;\" data-start=\"1407\" data-end=\"1527\"><strong data-start=\"1407\" data-end=\"1439\">Er Lighteren Vindtett?<\/strong><br data-start=\"1439\" data-end=\"1442\" \/><span class=\"relative -mx-px my-[-0.2rem] rounded px-px py-[0.2rem] transition-colors duration-100 ease-in-out\">Ja, designen er vindtett, noe som gj\u00f8r den egnet for utend\u00f8rsaktiviteter og ugunstige v\u00e6rforhold.<\/span><\/p>\n","protected":false},"excerpt":{"rendered":"<p>\ud83d\udd70\ufe0f Vintage-inspirert design Embass\u00e9r en blanding av historie og stil med denne trenchlighteren i antikk stil. Det gjennomsiktige brennstoffkammeret tilf\u00f8rer [&hellip;]<\/p>\n","protected":false},"featured_media":12848,"comment_status":"open","ping_status":"closed","template":"","meta":{"site-sidebar-layout":"default","site-content-layout":"","ast-site-content-layout":"default","site-content-style":"default","site-sidebar-style":"default","ast-global-header-display":"","ast-banner-title-visibility":"","ast-main-header-display":"","ast-hfb-above-header-display":"","ast-hfb-below-header-display":"","ast-hfb-mobile-header-display":"","site-post-title":"","ast-breadcrumbs-content":"","ast-featured-img":"","footer-sml-layout":"","theme-transparent-header-meta":"default","adv-header-id-meta":"","stick-header-meta":"","header-above-stick-meta":"","header-main-stick-meta":"","header-below-stick-meta":"","astra-migrate-meta-layouts":"set","ast-page-background-enabled":"default","ast-page-background-meta":{"desktop":{"background-color":"var(--ast-global-color-4)","background-image":"","background-repeat":"repeat","background-position":"center center","background-size":"auto","background-attachment":"scroll","background-type":"","background-media":"","overlay-type":"","overlay-color":"","overlay-opacity":"","overlay-gradient":""},"tablet":{"background-color":"","background-image":"","background-repeat":"repeat","background-position":"center center","background-size":"auto","background-attachment":"scroll","background-type":"","background-media":"","overlay-type":"","overlay-color":"","overlay-opacity":"","overlay-gradient":""},"mobile":{"background-color":"","background-image":"","background-repeat":"repeat","background-position":"center center","background-size":"auto","background-attachment":"scroll","background-type":"","background-media":"","overlay-type":"","overlay-color":"","overlay-opacity":"","overlay-gradient":""}},"ast-content-background-meta":{"desktop":{"background-color":"var(--ast-global-color-5)","background-image":"","background-repeat":"repeat","background-position":"center center","background-size":"auto","background-attachment":"scroll","background-type":"","background-media":"","overlay-type":"","overlay-color":"","overlay-opacity":"","overlay-gradient":""},"tablet":{"background-color":"var(--ast-global-color-5)","background-image":"","background-repeat":"repeat","background-position":"center center","background-size":"auto","background-attachment":"scroll","background-type":"","background-media":"","overlay-type":"","overlay-color":"","overlay-opacity":"","overlay-gradient":""},"mobile":{"background-color":"var(--ast-global-color-5)","background-image":"","background-repeat":"repeat","background-position":"center center","background-size":"auto","background-attachment":"scroll","background-type":"","background-media":"","overlay-type":"","overlay-color":"","overlay-opacity":"","overlay-gradient":""}}},"product_brand":[],"product_cat":[1000],"product_tag":[],"class_list":{"0":"post-12852","1":"product","2":"type-product","3":"status-publish","4":"has-post-thumbnail","6":"product_cat-tur-camping-og-fritidsutstyr","7":"pa_40536_m8f0ld4w-gull","8":"pa_40536_m8f0ld4w-solv","9":"desktop-align-left","10":"tablet-align-left","11":"mobile-align-left","13":"first","14":"instock","15":"shipping-taxable","16":"purchasable","17":"product-type-variable"},"_links":{"self":[{"href":"https:\/\/keluvo.com\/no\/wp-json\/wp\/v2\/product\/12852","targetHints":{"allow":["GET"]}}],"collection":[{"href":"https:\/\/keluvo.com\/no\/wp-json\/wp\/v2\/product"}],"about":[{"href":"https:\/\/keluvo.com\/no\/wp-json\/wp\/v2\/types\/product"}],"replies":[{"embeddable":true,"href":"https:\/\/keluvo.com\/no\/wp-json\/wp\/v2\/comments?post=12852"}],"wp:featuredmedia":[{"embeddable":true,"href":"https:\/\/keluvo.com\/no\/wp-json\/wp\/v2\/media\/12848"}],"wp:attachment":[{"href":"https:\/\/keluvo.com\/no\/wp-json\/wp\/v2\/media?parent=12852"}],"wp:term":[{"taxonomy":"product_brand","embeddable":true,"href":"https:\/\/keluvo.com\/no\/wp-json\/wp\/v2\/product_brand?post=12852"},{"taxonomy":"product_cat","embeddable":true,"href":"https:\/\/keluvo.com\/no\/wp-json\/wp\/v2\/product_cat?post=12852"},{"taxonomy":"product_tag","embeddable":true,"href":"https:\/\/keluvo.com\/no\/wp-json\/wp\/v2\/product_tag?post=12852"}],"curies":[{"name":"wp","href":"https:\/\/api.w.org\/{rel}","templated":true}]}}