{"id":12837,"date":"2025-04-09T14:56:26","date_gmt":"2025-04-09T12:56:26","guid":{"rendered":"https:\/\/keluvo.com\/no\/produkt\/maskin-for-maling-av-paskeegg\/"},"modified":"2025-04-09T15:01:02","modified_gmt":"2025-04-09T13:01:02","slug":"maskin-for-maling-av-paskeegg","status":"publish","type":"product","link":"https:\/\/keluvo.com\/no\/produkt\/maskin-for-maling-av-paskeegg\/","title":{"rendered":"Maskin for maling av p\u00e5skeegg"},"content":{"rendered":"<h2 style=\"text-align: center;\"><strong>Morsom Og Kreativ Eggmaling<\/strong><\/h2>\n<p style=\"text-align: center;\">P\u00e5skeeggmalingsmaskinen gj\u00f8r det morsomt og enkelt for b\u00e5de barn og voksne \u00e5 dekorere egg. Bare legg et egg i maskinen, og bruk de medf\u00f8lgende verkt\u00f8yene til \u00e5 lage fargerike og unike motiver. Den er perfekt for \u00e5 sette et personlig preg p\u00e5 p\u00e5skefeiringen.<\/p>\n<p><img decoding=\"async\" class=\"alignnone size-medium wp-image-7511 aligncenter\" src=\"https:\/\/keluvo.com\/template\/wp-content\/uploads\/sites\/5\/2025\/01\/665709b8-2d18-4e7d-8ab1-36cc4034863a.webp\" alt=\"\" \/><\/p>\n<h2 style=\"text-align: center;\"><strong>Sikker Og Enkel \u00c5 Bruke<\/strong><\/h2>\n<p style=\"text-align: center;\">P\u00e5skeeggmalingsmaskinen er designet med tanke p\u00e5 sikkerhet, og den er lett og enkel \u00e5 h\u00e5ndtere. Den enkle mekanismen sikrer problemfri bruk, noe som gj\u00f8r den egnet for alle aldre. Tilbring kvalitetstid med familien mens du lager vakre p\u00e5skedekorasjoner.<\/p>\n<p><img decoding=\"async\" class=\"alignnone size-medium wp-image-7518 aligncenter\" src=\"https:\/\/keluvo.com\/template\/wp-content\/uploads\/sites\/5\/2025\/01\/82db7f59-4072-40b9-8e0a-3bf12e938bd8.webp\" alt=\"\" \/><\/p>\n","protected":false},"excerpt":{"rendered":"<p>Morsom Og Kreativ Eggmaling P\u00e5skeeggmalingsmaskinen gj\u00f8r det morsomt og enkelt for b\u00e5de barn og voksne \u00e5 dekorere egg. Bare legg [&hellip;]<\/p>\n","protected":false},"featured_media":12833,"comment_status":"open","ping_status":"closed","template":"","meta":{"site-sidebar-layout":"default","site-content-layout":"","ast-site-content-layout":"default","site-content-style":"default","site-sidebar-style":"default","ast-global-header-display":"","ast-banner-title-visibility":"","ast-main-header-display":"","ast-hfb-above-header-display":"","ast-hfb-below-header-display":"","ast-hfb-mobile-header-display":"","site-post-title":"","ast-breadcrumbs-content":"","ast-featured-img":"","footer-sml-layout":"","theme-transparent-header-meta":"default","adv-header-id-meta":"","stick-header-meta":"","header-above-stick-meta":"","header-main-stick-meta":"","header-below-stick-meta":"","astra-migrate-meta-layouts":"set","ast-page-background-enabled":"default","ast-page-background-meta":{"desktop":{"background-color":"var(--ast-global-color-4)","background-image":"","background-repeat":"repeat","background-position":"center center","background-size":"auto","background-attachment":"scroll","background-type":"","background-media":"","overlay-type":"","overlay-color":"","overlay-opacity":"","overlay-gradient":""},"tablet":{"background-color":"","background-image":"","background-repeat":"repeat","background-position":"center center","background-size":"auto","background-attachment":"scroll","background-type":"","background-media":"","overlay-type":"","overlay-color":"","overlay-opacity":"","overlay-gradient":""},"mobile":{"background-color":"","background-image":"","background-repeat":"repeat","background-position":"center center","background-size":"auto","background-attachment":"scroll","background-type":"","background-media":"","overlay-type":"","overlay-color":"","overlay-opacity":"","overlay-gradient":""}},"ast-content-background-meta":{"desktop":{"background-color":"var(--ast-global-color-5)","background-image":"","background-repeat":"repeat","background-position":"center center","background-size":"auto","background-attachment":"scroll","background-type":"","background-media":"","overlay-type":"","overlay-color":"","overlay-opacity":"","overlay-gradient":""},"tablet":{"background-color":"var(--ast-global-color-5)","background-image":"","background-repeat":"repeat","background-position":"center center","background-size":"auto","background-attachment":"scroll","background-type":"","background-media":"","overlay-type":"","overlay-color":"","overlay-opacity":"","overlay-gradient":""},"mobile":{"background-color":"var(--ast-global-color-5)","background-image":"","background-repeat":"repeat","background-position":"center center","background-size":"auto","background-attachment":"scroll","background-type":"","background-media":"","overlay-type":"","overlay-color":"","overlay-opacity":"","overlay-gradient":""}}},"product_brand":[],"product_cat":[990],"product_tag":[],"class_list":{"0":"post-12837","1":"product","2":"type-product","3":"status-publish","4":"has-post-thumbnail","6":"product_cat-leker-barne-og-babyprodukter","7":"desktop-align-left","8":"tablet-align-left","9":"mobile-align-left","11":"first","12":"instock","13":"shipping-taxable","14":"purchasable","15":"product-type-simple"},"_links":{"self":[{"href":"https:\/\/keluvo.com\/no\/wp-json\/wp\/v2\/product\/12837","targetHints":{"allow":["GET"]}}],"collection":[{"href":"https:\/\/keluvo.com\/no\/wp-json\/wp\/v2\/product"}],"about":[{"href":"https:\/\/keluvo.com\/no\/wp-json\/wp\/v2\/types\/product"}],"replies":[{"embeddable":true,"href":"https:\/\/keluvo.com\/no\/wp-json\/wp\/v2\/comments?post=12837"}],"wp:featuredmedia":[{"embeddable":true,"href":"https:\/\/keluvo.com\/no\/wp-json\/wp\/v2\/media\/12833"}],"wp:attachment":[{"href":"https:\/\/keluvo.com\/no\/wp-json\/wp\/v2\/media?parent=12837"}],"wp:term":[{"taxonomy":"product_brand","embeddable":true,"href":"https:\/\/keluvo.com\/no\/wp-json\/wp\/v2\/product_brand?post=12837"},{"taxonomy":"product_cat","embeddable":true,"href":"https:\/\/keluvo.com\/no\/wp-json\/wp\/v2\/product_cat?post=12837"},{"taxonomy":"product_tag","embeddable":true,"href":"https:\/\/keluvo.com\/no\/wp-json\/wp\/v2\/product_tag?post=12837"}],"curies":[{"name":"wp","href":"https:\/\/api.w.org\/{rel}","templated":true}]}}