{"id":12814,"date":"2025-04-09T10:42:06","date_gmt":"2025-04-09T08:42:06","guid":{"rendered":"https:\/\/keluvo.com\/no\/produkt\/oppbevaringsstativ-for-kraner-2\/"},"modified":"2025-04-09T10:46:17","modified_gmt":"2025-04-09T08:46:17","slug":"oppbevaringsstativ-for-kraner","status":"publish","type":"product","link":"https:\/\/keluvo.com\/no\/produkt\/oppbevaringsstativ-for-kraner\/","title":{"rendered":"Oppbevaringsstativ for kraner"},"content":{"rendered":"<p style=\"text-align: center;\">Kranoppbevaringsstativet <strong data-start=\"16\" data-end=\"39\">&#8211; en elegant og praktisk l\u00f8sning<\/strong> for \u00e5 holde kj\u00f8kken- eller baderomsutstyret organisert og innen rekkevidde.<\/p>\n<p><img decoding=\"async\" class=\"size-medium wp-image-13667 aligncenter\" src=\"https:\/\/keluvo.com\/template\/wp-content\/uploads\/sites\/5\/2025\/02\/Faucetstoragerackvideo-ezgif.com-gif-to-webp-converter.webp\" alt=\"\" \/><\/p>\n<h2 style=\"text-align: center;\" data-start=\"128\" data-end=\"152\">\ud83c\udfc6 N\u00f8kkelfunksjoner:<\/h2>\n<ul data-start=\"154\" data-end=\"610\">\n<li class=\"\" data-start=\"154\" data-end=\"279\">\n<p class=\"\" data-start=\"156\" data-end=\"279\"><strong data-start=\"156\" data-end=\"197\">F\u00f8rsteklasses Konstruksjon I Rustfritt St\u00e5l:<\/strong> <span class=\"relative -mx-px my-[-0.2rem] rounded-sm px-px py-[0.2rem]\">Dette stativet er laget av rustfritt st\u00e5l av h\u00f8y kvalitet, og er rustfritt, slitesterkt og motstandsdyktig mot deformasjon, noe som sikrer langvarig bruk.<\/span>\u200b<\/p>\n<\/li>\n<li class=\"\" data-start=\"281\" data-end=\"383\">\n<p class=\"\" data-start=\"283\" data-end=\"383\"><strong data-start=\"283\" data-end=\"301\">2-I-1 Design:<\/strong> <span class=\"relative -mx-px my-[-0.2rem] rounded-sm px-px py-[0.2rem]\">Utstyrt med en avtakbar holder og krok, har den praktisk plass til svamper, skuresvamper, skuresvamper og mer, og holder dem opph\u00f8yet og t\u00f8rre.<\/span>\u200b<\/p>\n<\/li>\n<li class=\"\" data-start=\"385\" data-end=\"495\">\n<p class=\"\" data-start=\"387\" data-end=\"495\"><strong data-start=\"387\" data-end=\"413\">Klemmemontering:<\/strong> <span class=\"relative -mx-px my-[-0.2rem] rounded-sm px-px py-[0.2rem]\">Den brukervennlige klemmemonteringen gj\u00f8r det enkelt \u00e5 feste den p\u00e5 kraner med en diameter p\u00e5 mellom 18 mm og 25 mm, slik at du ikke trenger \u00e5 bruke verkt\u00f8y eller bore.<\/span>\u200b<\/p>\n<\/li>\n<li class=\"\" data-start=\"497\" data-end=\"610\">\n<p class=\"\" data-start=\"499\" data-end=\"610\"><strong data-start=\"499\" data-end=\"526\">Plassbesparende Arrang\u00f8r:<\/strong> <span class=\"relative -mx-px my-[-0.2rem] rounded-sm px-px py-[0.2rem]\">Ideell for kj\u00f8kken og bad, den rydder opp i vaskeomr\u00e5det ditt ved \u00e5 gi et bestemt sted for rengj\u00f8ringsverkt\u00f8y, noe som forbedrer b\u00e5de organisering og estetikk.<\/span><\/p>\n<\/li>\n<\/ul>\n<p class=\"\" data-start=\"499\" data-end=\"610\"><span class=\"relative -mx-px my-[-0.2rem] rounded-sm px-px py-[0.2rem]\"><img decoding=\"async\" class=\"size-medium wp-image-13669 aligncenter\" src=\"https:\/\/keluvo.com\/template\/wp-content\/uploads\/sites\/5\/2025\/02\/b9af2df1-f706-4b63-8a3a-4fb28f2072b3.webp\" alt=\"\" \/><\/span>\u200b<\/p>\n<h2 style=\"text-align: center;\" data-start=\"617\" data-end=\"663\">\ud83d\udca1 Hvorfor Velge Kranoppbevaringsstativet?<\/h2>\n<p class=\"\" style=\"text-align: center;\" data-start=\"665\" data-end=\"750\"><span class=\"relative -mx-px my-[-0.2rem] rounded-sm px-px py-[0.2rem]\">Dette innovative stativet organiserer ikke bare vaskeomr\u00e5det ditt, men gir ogs\u00e5 et snev av moderne eleganse til rommet ditt. Den enkle installasjonen og allsidige designen gj\u00f8r det til et must for \u00e5 opprettholde et ryddig og effektivt milj\u00f8.<\/span><\/p>\n<p style=\"text-align: center;\"><img decoding=\"async\" class=\"alignnone size-medium wp-image-11159 aligncenter\" style=\"font-size: 16px; font-style: inherit; font-weight: inherit;\" src=\"https:\/\/keluvo.com\/template\/wp-content\/uploads\/sites\/5\/2025\/02\/Sc5229d693e11482ca744dfa8c0f2b651m.jpg_960x960q75.jpg_.jpeg\" alt=\"\" \/><\/p>\n<h2 style=\"text-align: center;\" data-start=\"757\" data-end=\"772\">\u2753 Ofte Stilte Sp\u00f8rsm\u00e5l:<\/h2>\n<ul>\n<li data-start=\"774\" data-end=\"898\"><strong data-start=\"774\" data-end=\"810\">Passer Dette Stativet Til Kranen Min?<\/strong><br data-start=\"810\" data-end=\"813\" \/><span class=\"relative -mx-px my-[-0.2rem] rounded-sm px-px py-[0.2rem]\">Stativet er designet for \u00e5 passe til runde kraner med en diameter fra 18 mm til 25 mm.<\/span>\u200b<\/li>\n<li data-start=\"900\" data-end=\"1035\"><strong data-start=\"900\" data-end=\"947\">Er Installasjonsprosessen Komplisert?<\/strong><br data-start=\"947\" data-end=\"950\" \/><span class=\"relative -mx-px my-[-0.2rem] rounded-sm px-px py-[0.2rem]\">Ikke i det hele tatt! Den fastspente designen muliggj\u00f8r rask og verkt\u00f8yfri installasjon.<\/span>\u200b<\/li>\n<li data-start=\"1037\" data-end=\"1158\"><strong data-start=\"1037\" data-end=\"1070\">Kan Det Holde Tyngre Gjenstander?<\/strong><br data-start=\"1070\" data-end=\"1073\" \/><span class=\"relative -mx-px my-[-0.2rem] rounded-sm px-px py-[0.2rem]\">Selv om det er perfekt for svamper og skrubber, anbefales det \u00e5 unng\u00e5 \u00e5 plassere altfor tunge gjenstander for \u00e5 opprettholde stabiliteten.<\/span><\/li>\n<\/ul>\n","protected":false},"excerpt":{"rendered":"<p>Kranoppbevaringsstativet &#8211; en elegant og praktisk l\u00f8sning for \u00e5 holde kj\u00f8kken- eller baderomsutstyret organisert og innen rekkevidde. \ud83c\udfc6 N\u00f8kkelfunksjoner: F\u00f8rsteklasses [&hellip;]<\/p>\n","protected":false},"featured_media":12809,"comment_status":"open","ping_status":"closed","template":"","meta":{"site-sidebar-layout":"default","site-content-layout":"","ast-site-content-layout":"default","site-content-style":"default","site-sidebar-style":"default","ast-global-header-display":"","ast-banner-title-visibility":"","ast-main-header-display":"","ast-hfb-above-header-display":"","ast-hfb-below-header-display":"","ast-hfb-mobile-header-display":"","site-post-title":"","ast-breadcrumbs-content":"","ast-featured-img":"","footer-sml-layout":"","theme-transparent-header-meta":"default","adv-header-id-meta":"","stick-header-meta":"","header-above-stick-meta":"","header-main-stick-meta":"","header-below-stick-meta":"","astra-migrate-meta-layouts":"set","ast-page-background-enabled":"default","ast-page-background-meta":{"desktop":{"background-color":"var(--ast-global-color-4)","background-image":"","background-repeat":"repeat","background-position":"center center","background-size":"auto","background-attachment":"scroll","background-type":"","background-media":"","overlay-type":"","overlay-color":"","overlay-opacity":"","overlay-gradient":""},"tablet":{"background-color":"","background-image":"","background-repeat":"repeat","background-position":"center center","background-size":"auto","background-attachment":"scroll","background-type":"","background-media":"","overlay-type":"","overlay-color":"","overlay-opacity":"","overlay-gradient":""},"mobile":{"background-color":"","background-image":"","background-repeat":"repeat","background-position":"center center","background-size":"auto","background-attachment":"scroll","background-type":"","background-media":"","overlay-type":"","overlay-color":"","overlay-opacity":"","overlay-gradient":""}},"ast-content-background-meta":{"desktop":{"background-color":"var(--ast-global-color-5)","background-image":"","background-repeat":"repeat","background-position":"center center","background-size":"auto","background-attachment":"scroll","background-type":"","background-media":"","overlay-type":"","overlay-color":"","overlay-opacity":"","overlay-gradient":""},"tablet":{"background-color":"var(--ast-global-color-5)","background-image":"","background-repeat":"repeat","background-position":"center center","background-size":"auto","background-attachment":"scroll","background-type":"","background-media":"","overlay-type":"","overlay-color":"","overlay-opacity":"","overlay-gradient":""},"mobile":{"background-color":"var(--ast-global-color-5)","background-image":"","background-repeat":"repeat","background-position":"center center","background-size":"auto","background-attachment":"scroll","background-type":"","background-media":"","overlay-type":"","overlay-color":"","overlay-opacity":"","overlay-gradient":""}}},"product_brand":[],"product_cat":[993],"product_tag":[],"class_list":{"0":"post-12814","1":"product","2":"type-product","3":"status-publish","4":"has-post-thumbnail","6":"product_cat-skotoy-tilbehor","7":"desktop-align-left","8":"tablet-align-left","9":"mobile-align-left","11":"first","12":"instock","13":"shipping-taxable","14":"purchasable","15":"product-type-simple"},"_links":{"self":[{"href":"https:\/\/keluvo.com\/no\/wp-json\/wp\/v2\/product\/12814","targetHints":{"allow":["GET"]}}],"collection":[{"href":"https:\/\/keluvo.com\/no\/wp-json\/wp\/v2\/product"}],"about":[{"href":"https:\/\/keluvo.com\/no\/wp-json\/wp\/v2\/types\/product"}],"replies":[{"embeddable":true,"href":"https:\/\/keluvo.com\/no\/wp-json\/wp\/v2\/comments?post=12814"}],"wp:featuredmedia":[{"embeddable":true,"href":"https:\/\/keluvo.com\/no\/wp-json\/wp\/v2\/media\/12809"}],"wp:attachment":[{"href":"https:\/\/keluvo.com\/no\/wp-json\/wp\/v2\/media?parent=12814"}],"wp:term":[{"taxonomy":"product_brand","embeddable":true,"href":"https:\/\/keluvo.com\/no\/wp-json\/wp\/v2\/product_brand?post=12814"},{"taxonomy":"product_cat","embeddable":true,"href":"https:\/\/keluvo.com\/no\/wp-json\/wp\/v2\/product_cat?post=12814"},{"taxonomy":"product_tag","embeddable":true,"href":"https:\/\/keluvo.com\/no\/wp-json\/wp\/v2\/product_tag?post=12814"}],"curies":[{"name":"wp","href":"https:\/\/api.w.org\/{rel}","templated":true}]}}