{"id":12803,"date":"2025-04-09T10:29:50","date_gmt":"2025-04-09T08:29:50","guid":{"rendered":"https:\/\/keluvo.com\/no\/produkt\/runde-oreringer-2\/"},"modified":"2025-04-09T10:34:50","modified_gmt":"2025-04-09T08:34:50","slug":"runde-oreringer","status":"publish","type":"product","link":"https:\/\/keluvo.com\/no\/produkt\/runde-oreringer\/","title":{"rendered":"Runde \u00f8reringer"},"content":{"rendered":"<p style=\"text-align: center;\"><span class=\"relative -mx-px my-[-0.2rem] rounded-sm px-px py-[0.2rem]\">L\u00f8ft smykkesamlingen din med v\u00e5re <strong data-start=\"41\" data-end=\"64\">Round hoop-\u00f8redobber<\/strong>, en harmonisk blanding av klassisk eleganse og moderne design.<\/span><\/p>\n<p style=\"text-align: center;\"><img decoding=\"async\" class=\"alignnone size-medium wp-image-13671\" src=\"https:\/\/keluvo.com\/template\/wp-content\/uploads\/sites\/5\/2025\/02\/roundhoopearrings-ezgif.com-gif-to-webp-converter.webp\" alt=\"\" \/>\u200b<\/p>\n<h2 style=\"text-align: center;\" data-start=\"95\" data-end=\"124\">\u2728 Produkth\u00f8ydepunkter:<\/h2>\n<ul data-start=\"126\" data-end=\"585\">\n<li class=\"\" data-start=\"126\" data-end=\"245\">\n<p class=\"\" data-start=\"128\" data-end=\"245\"><strong data-start=\"128\" data-end=\"163\">Innovativ Multisirkeldesign:<\/strong> <span class=\"relative -mx-px my-[-0.2rem] rounded-sm px-px py-[0.2rem]\">Disse \u00f8redobbene har sammenkoblede sirkler og gir en unik vri p\u00e5 den tradisjonelle b\u00f8ylen, slik at du skiller deg ut hver gang du bruker dem.<\/span>\u200b<\/p>\n<\/li>\n<li class=\"\" data-start=\"247\" data-end=\"362\">\n<p class=\"\" data-start=\"249\" data-end=\"362\"><strong data-start=\"249\" data-end=\"280\">F\u00f8rsteklasses Legeringskonstruksjon:<\/strong> <span class=\"relative -mx-px my-[-0.2rem] rounded-sm px-px py-[0.2rem]\">Disse \u00f8reringene er laget av en legering av h\u00f8y kvalitet og er b\u00e5de slitesterke og lette, noe som gj\u00f8r dem behagelige \u00e5 ha p\u00e5 hele dagen eller hele natten.<\/span>\u200b<\/p>\n<\/li>\n<li class=\"\" data-start=\"364\" data-end=\"472\">\n<p class=\"\" data-start=\"366\" data-end=\"472\"><strong data-start=\"366\" data-end=\"390\">Allsidig Tilbeh\u00f8r:<\/strong> <span class=\"relative -mx-px my-[-0.2rem] rounded-sm px-px py-[0.2rem]\">Disse creolene passer perfekt til b\u00e5de uformelle og formelle antrekk, og er perfekte til enhver anledning.<\/span>\u200b<\/p>\n<\/li>\n<li class=\"\" data-start=\"474\" data-end=\"585\">\n<p class=\"\" data-start=\"476\" data-end=\"585\"><strong data-start=\"476\" data-end=\"503\">Gjennomtenkt Gave:<\/strong> <span class=\"relative -mx-px my-[-0.2rem] rounded-sm px-px py-[0.2rem]\">En ideell gave til kvinner i alle aldre, egnet til morsdag, jul, konfirmasjoner, bryllup, skoleball, fester og mye mer.<\/span><\/p>\n<\/li>\n<\/ul>\n<h2 style=\"text-align: center;\"><\/h2>\n<h2 style=\"text-align: center;\"><img decoding=\"async\" class=\"alignnone size-medium wp-image-11458 aligncenter\" style=\"font-size: 16px; font-style: inherit; font-weight: inherit;\" src=\"https:\/\/keluvo.com\/template\/wp-content\/uploads\/sites\/5\/2025\/02\/See6b4726797746259a987960ea47cd1bX.jpeg\" alt=\"\" \/><\/h2>\n<h2 style=\"text-align: center;\">\ud83d\udca1 Hvorfor Velge V\u00e5re Runde Hoop-\u00d8redobber?<\/h2>\n<p class=\"\" style=\"text-align: center;\" data-start=\"640\" data-end=\"725\"><span class=\"relative -mx-px my-[-0.2rem] rounded-sm px-px py-[0.2rem]\">Disse \u00f8redobbene forbedrer ikke bare antrekket ditt, men gjenspeiler ogs\u00e5 en sterk f\u00f8lelse av stil og individualitet. Det karakteristiske designet og den behagelige passformen gj\u00f8r dem til et tilbeh\u00f8r du kommer til \u00e5 ta frem igjen og igjen.<\/span><\/p>\n<h2 style=\"text-align: center;\"><img decoding=\"async\" class=\"alignnone size-medium wp-image-11454 aligncenter\" style=\"font-size: 16px; font-style: inherit; font-weight: inherit;\" src=\"https:\/\/keluvo.com\/template\/wp-content\/uploads\/sites\/5\/2025\/02\/S8b40a378afb34a0bb847c60c7fdadc6ec.jpeg\" alt=\"\" \/><\/h2>\n<h2 style=\"text-align: center;\" data-start=\"732\" data-end=\"747\">\u2753 Ofte Stilte Sp\u00f8rsm\u00e5l:<\/h2>\n<ul>\n<li data-start=\"749\" data-end=\"891\"><strong data-start=\"749\" data-end=\"803\">Er Disse \u00d8redobbene Egnet For F\u00f8lsomme \u00d8rer?<\/strong><br data-start=\"803\" data-end=\"806\" \/><span class=\"relative -mx-px my-[-0.2rem] rounded-sm px-px py-[0.2rem]\">Ja, de er laget av en allergivennlig legering og er sk\u00e5nsomme mot sensitiv hud.<\/span>\u200b<\/li>\n<li data-start=\"893\" data-end=\"1028\"><strong data-start=\"893\" data-end=\"940\">Hva Er St\u00f8rrelsen P\u00e5 \u00d8redobbene?<\/strong><br data-start=\"940\" data-end=\"943\" \/><span class=\"relative -mx-px my-[-0.2rem] rounded-sm px-px py-[0.2rem]\">\u00d8redobbene har en mellomstor b\u00f8yle, designet for \u00e5 v\u00e6re synlige, men likevel elegante.<\/span>\u200b<\/li>\n<li data-start=\"1030\" data-end=\"1162\"><strong data-start=\"1030\" data-end=\"1074\">Hvordan Skal Jeg Ta Vare P\u00e5 Disse \u00d8redobbene?<\/strong><br data-start=\"1074\" data-end=\"1077\" \/><span class=\"relative -mx-px my-[-0.2rem] rounded-sm px-px py-[0.2rem]\">For \u00e5 bevare glansen b\u00f8r du oppbevare dem p\u00e5 et t\u00f8rt sted og unng\u00e5 direkte kontakt med vann eller kjemikalier.<\/span><\/li>\n<\/ul>\n<p class=\"\" data-start=\"640\" data-end=\"725\">\u200b<\/p>\n","protected":false},"excerpt":{"rendered":"<p>L\u00f8ft smykkesamlingen din med v\u00e5re Round hoop-\u00f8redobber, en harmonisk blanding av klassisk eleganse og moderne design. \u200b \u2728 Produkth\u00f8ydepunkter: Innovativ [&hellip;]<\/p>\n","protected":false},"featured_media":12799,"comment_status":"open","ping_status":"closed","template":"","meta":{"site-sidebar-layout":"default","site-content-layout":"","ast-site-content-layout":"default","site-content-style":"default","site-sidebar-style":"default","ast-global-header-display":"","ast-banner-title-visibility":"","ast-main-header-display":"","ast-hfb-above-header-display":"","ast-hfb-below-header-display":"","ast-hfb-mobile-header-display":"","site-post-title":"","ast-breadcrumbs-content":"","ast-featured-img":"","footer-sml-layout":"","theme-transparent-header-meta":"default","adv-header-id-meta":"","stick-header-meta":"","header-above-stick-meta":"","header-main-stick-meta":"","header-below-stick-meta":"","astra-migrate-meta-layouts":"set","ast-page-background-enabled":"default","ast-page-background-meta":{"desktop":{"background-color":"var(--ast-global-color-4)","background-image":"","background-repeat":"repeat","background-position":"center center","background-size":"auto","background-attachment":"scroll","background-type":"","background-media":"","overlay-type":"","overlay-color":"","overlay-opacity":"","overlay-gradient":""},"tablet":{"background-color":"","background-image":"","background-repeat":"repeat","background-position":"center center","background-size":"auto","background-attachment":"scroll","background-type":"","background-media":"","overlay-type":"","overlay-color":"","overlay-opacity":"","overlay-gradient":""},"mobile":{"background-color":"","background-image":"","background-repeat":"repeat","background-position":"center center","background-size":"auto","background-attachment":"scroll","background-type":"","background-media":"","overlay-type":"","overlay-color":"","overlay-opacity":"","overlay-gradient":""}},"ast-content-background-meta":{"desktop":{"background-color":"var(--ast-global-color-5)","background-image":"","background-repeat":"repeat","background-position":"center center","background-size":"auto","background-attachment":"scroll","background-type":"","background-media":"","overlay-type":"","overlay-color":"","overlay-opacity":"","overlay-gradient":""},"tablet":{"background-color":"var(--ast-global-color-5)","background-image":"","background-repeat":"repeat","background-position":"center center","background-size":"auto","background-attachment":"scroll","background-type":"","background-media":"","overlay-type":"","overlay-color":"","overlay-opacity":"","overlay-gradient":""},"mobile":{"background-color":"var(--ast-global-color-5)","background-image":"","background-repeat":"repeat","background-position":"center center","background-size":"auto","background-attachment":"scroll","background-type":"","background-media":"","overlay-type":"","overlay-color":"","overlay-opacity":"","overlay-gradient":""}}},"product_brand":[],"product_cat":[993],"product_tag":[],"class_list":{"0":"post-12803","1":"product","2":"type-product","3":"status-publish","4":"has-post-thumbnail","6":"product_cat-skotoy-tilbehor","7":"pa_38803_jae479b3-gull","8":"pa_38803_jae479b3-solv","9":"desktop-align-left","10":"tablet-align-left","11":"mobile-align-left","13":"first","14":"instock","15":"shipping-taxable","16":"purchasable","17":"product-type-variable"},"_links":{"self":[{"href":"https:\/\/keluvo.com\/no\/wp-json\/wp\/v2\/product\/12803","targetHints":{"allow":["GET"]}}],"collection":[{"href":"https:\/\/keluvo.com\/no\/wp-json\/wp\/v2\/product"}],"about":[{"href":"https:\/\/keluvo.com\/no\/wp-json\/wp\/v2\/types\/product"}],"replies":[{"embeddable":true,"href":"https:\/\/keluvo.com\/no\/wp-json\/wp\/v2\/comments?post=12803"}],"wp:featuredmedia":[{"embeddable":true,"href":"https:\/\/keluvo.com\/no\/wp-json\/wp\/v2\/media\/12799"}],"wp:attachment":[{"href":"https:\/\/keluvo.com\/no\/wp-json\/wp\/v2\/media?parent=12803"}],"wp:term":[{"taxonomy":"product_brand","embeddable":true,"href":"https:\/\/keluvo.com\/no\/wp-json\/wp\/v2\/product_brand?post=12803"},{"taxonomy":"product_cat","embeddable":true,"href":"https:\/\/keluvo.com\/no\/wp-json\/wp\/v2\/product_cat?post=12803"},{"taxonomy":"product_tag","embeddable":true,"href":"https:\/\/keluvo.com\/no\/wp-json\/wp\/v2\/product_tag?post=12803"}],"curies":[{"name":"wp","href":"https:\/\/api.w.org\/{rel}","templated":true}]}}