{"id":12768,"date":"2025-04-08T19:09:59","date_gmt":"2025-04-08T17:09:59","guid":{"rendered":"https:\/\/keluvo.com\/no\/produkt\/myggspiralholder-2\/"},"modified":"2025-04-08T19:21:47","modified_gmt":"2025-04-08T17:21:47","slug":"myggspiralholder","status":"publish","type":"product","link":"https:\/\/keluvo.com\/no\/produkt\/myggspiralholder\/","title":{"rendered":"Myggspiralholder"},"content":{"rendered":"<h2 style=\"text-align: center;\">Holder Gulvene Rene<\/h2>\n<p style=\"text-align: center;\">Myggspoleholderen leveres med en askefanger for \u00e5 holde rommet ditt ryddig. Den holder spolen sikkert p\u00e5 plass og forhindrer at aske faller p\u00e5 gulvet. Du kan brenne myggspiraler innend\u00f8rs eller utend\u00f8rs p\u00e5 en ren og ryddig m\u00e5te.<\/p>\n<p style=\"text-align: center;\"><img decoding=\"async\" class=\"size-medium wp-image-13554 aligncenter\" src=\"https:\/\/keluvo.com\/template\/wp-content\/uploads\/sites\/5\/2025\/01\/mosquitocoilvideo-ezgif.com-gif-to-webp-converter.webp\" alt=\"\" \/><\/p>\n<h2 style=\"text-align: center;\" data-start=\"408\" data-end=\"451\">Slitesterk Og Brannsikker Konstruksjon<\/h2>\n<p class=\"\" style=\"text-align: center;\" data-start=\"452\" data-end=\"571\"><span class=\"relative -mx-px my-[-0.2rem] rounded-sm px-px py-[0.2rem]\">Laget av brannsikkert jern, s\u00f8rger denne holderen for trygg og p\u00e5litelig bruk, og gir et sikkert sted \u00e5 brenne myggspiraler eller r\u00f8kelse uten at det g\u00e5r p\u00e5 bekostning av sikkerheten.<\/span><\/p>\n<p style=\"text-align: center;\"><img decoding=\"async\" class=\"alignnone size-medium wp-image-10145 aligncenter\" src=\"https:\/\/keluvo.com\/template\/wp-content\/uploads\/sites\/5\/2025\/01\/S6770f134aa3d4dcf8c42d0cd38bf0b75M.jpg_960x960q75.jpg_.jpeg\" alt=\"\" \/><\/p>\n<h2 style=\"text-align: center;\">Effektivt Myggmiddel<\/h2>\n<p class=\"\" style=\"text-align: center;\" data-start=\"618\" data-end=\"701\"><span class=\"relative -mx-px my-[-0.2rem] rounded-sm px-px py-[0.2rem]\">Skap en myggfri sone i hjemmet, hagen eller p\u00e5 campingplassen ved \u00e5 bruke denne stilige holderen til \u00e5 brenne spiraler eller r\u00f8kelse, noe som \u00f8ker komforten din under fritidsaktiviteter.<\/span><\/p>\n<h2 style=\"text-align: center;\" data-start=\"708\" data-end=\"745\">Allsidig Dekorativt Element<\/h2>\n<p class=\"\" style=\"text-align: center;\" data-start=\"746\" data-end=\"831\"><span class=\"relative -mx-px my-[-0.2rem] rounded-sm px-px py-[0.2rem]\">Utover sin prim\u00e6re funksjon fungerer denne holderen som et unikt dekorativt element som tilf\u00f8rer sjarm og raffinement til innredningen din med sin designerappell.<\/span><\/p>\n<p class=\"\" style=\"text-align: center;\" data-start=\"746\" data-end=\"831\"><img decoding=\"async\" class=\"alignnone size-medium wp-image-10143\" style=\"font-weight: inherit;\" src=\"https:\/\/keluvo.com\/template\/wp-content\/uploads\/sites\/5\/2025\/01\/S48ea988bf5854236af45ae6f57094b06f.jpg_960x960q75.jpg_.jpeg\" alt=\"\" \/><\/p>\n<h2 style=\"text-align: center;\" data-start=\"838\" data-end=\"852\">Ofte Stilte Sp\u00f8rsm\u00e5l<\/h2>\n<p class=\"\" style=\"text-align: center;\" data-start=\"854\" data-end=\"978\"><strong data-start=\"854\" data-end=\"890\">Er H\u00e5ndtaket Varmebestandig?<\/strong><br data-start=\"890\" data-end=\"893\" \/><span class=\"relative -mx-px my-[-0.2rem] rounded-sm px-px py-[0.2rem]\">Ja, h\u00e5ndtaket er designet for \u00e5 holde seg kj\u00f8lig, slik at det er trygt \u00e5 flytte p\u00e5 det selv under bruk.<\/span>\u200b<\/p>\n<p class=\"\" style=\"text-align: center;\" data-start=\"980\" data-end=\"1137\"><strong data-start=\"980\" data-end=\"1049\">Kan Denne Holderen Passe Til Forskjellige St\u00f8rrelser Myggspiraler?<\/strong><br data-start=\"1049\" data-end=\"1052\" \/><span class=\"relative -mx-px my-[-0.2rem] rounded-sm px-px py-[0.2rem]\">Absolutt, holderen er designet for \u00e5 passe til standard myggspiraler og kan passe til forskjellige st\u00f8rrelser uten problemer.<\/span>\u200b<\/p>\n<p class=\"\" style=\"text-align: center;\" data-start=\"1139\" data-end=\"1265\"><strong data-start=\"1139\" data-end=\"1177\">Er Den Egnet For Utend\u00f8rs Bruk?<\/strong><br data-start=\"1177\" data-end=\"1180\" \/><span class=\"relative -mx-px my-[-0.2rem] rounded-sm px-px py-[0.2rem]\">Ja, den slitesterke konstruksjonen gj\u00f8r den ideell for b\u00e5de innend\u00f8rs og utend\u00f8rs milj\u00f8er, inkludert hager og campingplasser.<\/span><\/p>\n","protected":false},"excerpt":{"rendered":"<p>Holder Gulvene Rene Myggspoleholderen leveres med en askefanger for \u00e5 holde rommet ditt ryddig. Den holder spolen sikkert p\u00e5 plass [&hellip;]<\/p>\n","protected":false},"featured_media":12764,"comment_status":"open","ping_status":"closed","template":"","meta":{"site-sidebar-layout":"default","site-content-layout":"","ast-site-content-layout":"default","site-content-style":"default","site-sidebar-style":"default","ast-global-header-display":"","ast-banner-title-visibility":"","ast-main-header-display":"","ast-hfb-above-header-display":"","ast-hfb-below-header-display":"","ast-hfb-mobile-header-display":"","site-post-title":"","ast-breadcrumbs-content":"","ast-featured-img":"","footer-sml-layout":"","theme-transparent-header-meta":"default","adv-header-id-meta":"","stick-header-meta":"","header-above-stick-meta":"","header-main-stick-meta":"","header-below-stick-meta":"","astra-migrate-meta-layouts":"set","ast-page-background-enabled":"default","ast-page-background-meta":{"desktop":{"background-color":"var(--ast-global-color-4)","background-image":"","background-repeat":"repeat","background-position":"center center","background-size":"auto","background-attachment":"scroll","background-type":"","background-media":"","overlay-type":"","overlay-color":"","overlay-opacity":"","overlay-gradient":""},"tablet":{"background-color":"","background-image":"","background-repeat":"repeat","background-position":"center center","background-size":"auto","background-attachment":"scroll","background-type":"","background-media":"","overlay-type":"","overlay-color":"","overlay-opacity":"","overlay-gradient":""},"mobile":{"background-color":"","background-image":"","background-repeat":"repeat","background-position":"center center","background-size":"auto","background-attachment":"scroll","background-type":"","background-media":"","overlay-type":"","overlay-color":"","overlay-opacity":"","overlay-gradient":""}},"ast-content-background-meta":{"desktop":{"background-color":"var(--ast-global-color-5)","background-image":"","background-repeat":"repeat","background-position":"center center","background-size":"auto","background-attachment":"scroll","background-type":"","background-media":"","overlay-type":"","overlay-color":"","overlay-opacity":"","overlay-gradient":""},"tablet":{"background-color":"var(--ast-global-color-5)","background-image":"","background-repeat":"repeat","background-position":"center center","background-size":"auto","background-attachment":"scroll","background-type":"","background-media":"","overlay-type":"","overlay-color":"","overlay-opacity":"","overlay-gradient":""},"mobile":{"background-color":"var(--ast-global-color-5)","background-image":"","background-repeat":"repeat","background-position":"center center","background-size":"auto","background-attachment":"scroll","background-type":"","background-media":"","overlay-type":"","overlay-color":"","overlay-opacity":"","overlay-gradient":""}}},"product_brand":[],"product_cat":[993],"product_tag":[],"class_list":{"0":"post-12768","1":"product","2":"type-product","3":"status-publish","4":"has-post-thumbnail","6":"product_cat-skotoy-tilbehor","7":"pa_41629_s4moy2re-gronn","8":"pa_41629_s4moy2re-svart","9":"desktop-align-left","10":"tablet-align-left","11":"mobile-align-left","13":"first","14":"instock","15":"shipping-taxable","16":"purchasable","17":"product-type-variable"},"_links":{"self":[{"href":"https:\/\/keluvo.com\/no\/wp-json\/wp\/v2\/product\/12768","targetHints":{"allow":["GET"]}}],"collection":[{"href":"https:\/\/keluvo.com\/no\/wp-json\/wp\/v2\/product"}],"about":[{"href":"https:\/\/keluvo.com\/no\/wp-json\/wp\/v2\/types\/product"}],"replies":[{"embeddable":true,"href":"https:\/\/keluvo.com\/no\/wp-json\/wp\/v2\/comments?post=12768"}],"wp:featuredmedia":[{"embeddable":true,"href":"https:\/\/keluvo.com\/no\/wp-json\/wp\/v2\/media\/12764"}],"wp:attachment":[{"href":"https:\/\/keluvo.com\/no\/wp-json\/wp\/v2\/media?parent=12768"}],"wp:term":[{"taxonomy":"product_brand","embeddable":true,"href":"https:\/\/keluvo.com\/no\/wp-json\/wp\/v2\/product_brand?post=12768"},{"taxonomy":"product_cat","embeddable":true,"href":"https:\/\/keluvo.com\/no\/wp-json\/wp\/v2\/product_cat?post=12768"},{"taxonomy":"product_tag","embeddable":true,"href":"https:\/\/keluvo.com\/no\/wp-json\/wp\/v2\/product_tag?post=12768"}],"curies":[{"name":"wp","href":"https:\/\/api.w.org\/{rel}","templated":true}]}}