{"id":12761,"date":"2025-04-08T18:50:39","date_gmt":"2025-04-08T16:50:39","guid":{"rendered":"https:\/\/keluvo.com\/no\/produkt\/gronnsakskutter-2\/"},"modified":"2025-07-11T18:26:26","modified_gmt":"2025-07-11T16:26:26","slug":"gronnsakskutter","status":"publish","type":"product","link":"https:\/\/keluvo.com\/no\/produkt\/gronnsakskutter\/","title":{"rendered":"Gr\u00f8nnsakskutter"},"content":{"rendered":"<h2 style=\"text-align: center;\" data-start=\"94\" data-end=\"133\">\ud83c\udf7d\ufe0f Multifunksjonell bekvemmelighet<\/h2>\n<p class=\"\" style=\"text-align: center;\" data-start=\"134\" data-end=\"215\"><span class=\"relative -mx-px my-[-0.2rem] rounded-sm px-px py-[0.2rem]\">Dette allsidige kj\u00f8kkenverkt\u00f8yet kombinerer fire viktige funksjoner som kutting, hakking, skrelling og rengj\u00f8ring i \u00e9n kompakt enhet. Tilbered en rekke ingredienser uten problemer, og spar tid og krefter p\u00e5 kj\u00f8kkenet.<\/span><\/p>\n<p class=\"\" style=\"text-align: center;\" data-start=\"134\" data-end=\"215\"><img decoding=\"async\" class=\"alignnone size-medium wp-image-13551\" src=\"https:\/\/keluvo.com\/template\/wp-content\/uploads\/sites\/5\/2025\/01\/Vegetablecuttervideo-ezgif.com-gif-to-webp-converter.webp\" alt=\"\" \/>\u200b<\/p>\n<h2 style=\"text-align: center;\" data-start=\"222\" data-end=\"264\">\ud83d\udd73\ufe0f Innovativt design av p\u00e5fyllingshull<\/h2>\n<p class=\"\" style=\"text-align: center;\" data-start=\"265\" data-end=\"346\"><span class=\"relative -mx-px my-[-0.2rem] rounded-sm px-px py-[0.2rem]\">Den unike, \u00e5pne p\u00e5fyllingsporten gj\u00f8r at du kan tilsette hele ingredienser direkte uten \u00e5 m\u00e5tte skj\u00e6re dem p\u00e5 forh\u00e5nd. Lange ingredienser som paprika, erter og yams kan settes inn s\u00f8ml\u00f8st, noe som effektiviserer tilberedningsprosessen.<\/span><\/p>\n<h2 style=\"text-align: center;\"><img decoding=\"async\" class=\"alignnone size-medium wp-image-9248 aligncenter\" style=\"font-size: 16px; font-style: inherit; font-weight: inherit;\" src=\"https:\/\/keluvo.com\/template\/wp-content\/uploads\/sites\/5\/2025\/01\/Sd3a1c706dacd4f82aad9c1711d587859f.jpg_960x960q75.jpg_.jpeg\" alt=\"\" \/><\/h2>\n<h2 style=\"text-align: center;\" data-start=\"353\" data-end=\"391\">\ud83d\udd90\ufe0f Ergonomisk grep<\/h2>\n<p class=\"\" style=\"text-align: center;\" data-start=\"392\" data-end=\"473\"><span class=\"relative -mx-px my-[-0.2rem] rounded-sm px-px py-[0.2rem]\">Designet med tanke p\u00e5 brukerkomfort, reduserer det ergonomiske h\u00e5ndtaket tretthet i hendene, noe som gj\u00f8r langvarig bruk mer behagelig sammenlignet med tradisjonelle hvitl\u00f8kspressere.<\/span><\/p>\n<h2 style=\"text-align: center;\"><img decoding=\"async\" class=\"alignnone size-medium wp-image-9249 aligncenter\" style=\"font-size: 16px; font-style: inherit; font-weight: inherit;\" src=\"https:\/\/keluvo.com\/template\/wp-content\/uploads\/sites\/5\/2025\/01\/S9ab03429b3844369a886182e207e6eddj.jpg_960x960q75.jpg_.jpeg\" alt=\"\" \/><\/h2>\n<h2 style=\"text-align: center;\" data-start=\"480\" data-end=\"512\">\ud83e\uddfc Enkel rengj\u00f8ring med et trykk<\/h2>\n<p class=\"\" style=\"text-align: center;\" data-start=\"513\" data-end=\"594\">Rengj\u00f8ring er en lek med rengj\u00f8ringsfunksjonen med et trykk. Bare tilsett vaskemiddel i innmatingshullet, trykk p\u00e5 knappen og skyll med rennende vann for \u00e5 f\u00e5 en skinnende ren enhet p\u00e5 f\u00e5 sekunder.<\/p>\n<h2 style=\"text-align: center;\" data-start=\"601\" data-end=\"638\">\ud83d\udd0b B\u00e6rbart &amp; tr\u00e5dl\u00f8st design<\/h2>\n<p class=\"\" style=\"text-align: center;\" data-start=\"639\" data-end=\"720\"><span class=\"relative -mx-px my-[-0.2rem] rounded-sm px-px py-[0.2rem]\">Utstyrt med USB-ladefunksjoner, tilbyr denne tr\u00e5dl\u00f8se mini-matprosessoren b\u00e6rbarhet og bekvemmelighet. Bruk den hvor som helst p\u00e5 kj\u00f8kkenet eller til og med utend\u00f8rs uten \u00e5 v\u00e6re bundet til et str\u00f8muttak.<\/span><\/p>\n<h2 style=\"text-align: center;\" data-start=\"727\" data-end=\"741\">\u2753 <strong data-start=\"733\" data-end=\"741\">Ofte Stilte Sp\u00f8rsm\u00e5l<\/strong><\/h2>\n<p>&nbsp;<\/p>\n<p class=\"\" style=\"text-align: center;\" data-start=\"743\" data-end=\"880\"><strong data-start=\"743\" data-end=\"792\">Hvilke typer mat kan denne kutteren h\u00e5ndtere?<\/strong><\/p>\n<p class=\"\" style=\"text-align: center;\" data-start=\"743\" data-end=\"880\"><span class=\"relative -mx-px my-[-0.2rem] rounded-sm px-px py-[0.2rem]\">Den er perfekt til \u00e5 hakke hvitl\u00f8k, chili, ingef\u00e6r, pean\u00f8tter og kan ogs\u00e5 skj\u00e6re gr\u00f8nnsaker i skiver. I tillegg er den egnet til \u00e5 tilberede babymat som gresskar- og bananmos.<\/span>\u200b<\/p>\n<p class=\"\" style=\"text-align: center;\" data-start=\"882\" data-end=\"1004\"><strong data-start=\"882\" data-end=\"916\">Hvordan lader jeg enheten?<\/strong><\/p>\n<p class=\"\" style=\"text-align: center;\" data-start=\"882\" data-end=\"1004\"><span class=\"relative -mx-px my-[-0.2rem] rounded-sm px-px py-[0.2rem]\">Kutteren leveres med en USB-ladekabel. Koble den til en hvilken som helst standard USB-port for \u00e5 lade den opp.<\/span>\u200b<\/p>\n<p class=\"\" style=\"text-align: center;\" data-start=\"1006\" data-end=\"1123\"><strong data-start=\"1006\" data-end=\"1035\">T\u00e5ler den oppvaskmaskin?<\/strong><\/p>\n<p class=\"\" style=\"text-align: center;\" data-start=\"1006\" data-end=\"1123\"><span class=\"relative -mx-px my-[-0.2rem] rounded-sm px-px py-[0.2rem]\">Selv om enheten har en et-trykks-rengj\u00f8ringsfunksjon, anbefales det \u00e5 vaske hovedenheten for h\u00e5nd. De avtakbare delene kan vaskes i oppvaskmaskinen.<\/span><\/p>\n","protected":false},"excerpt":{"rendered":"<p>\ud83c\udf7d\ufe0f Multifunksjonell bekvemmelighet Dette allsidige kj\u00f8kkenverkt\u00f8yet kombinerer fire viktige funksjoner som kutting, hakking, skrelling og rengj\u00f8ring i \u00e9n kompakt enhet. [&hellip;]<\/p>\n","protected":false},"featured_media":12757,"comment_status":"open","ping_status":"closed","template":"","meta":{"site-sidebar-layout":"default","site-content-layout":"","ast-site-content-layout":"default","site-content-style":"default","site-sidebar-style":"default","ast-global-header-display":"","ast-banner-title-visibility":"","ast-main-header-display":"","ast-hfb-above-header-display":"","ast-hfb-below-header-display":"","ast-hfb-mobile-header-display":"","site-post-title":"","ast-breadcrumbs-content":"","ast-featured-img":"","footer-sml-layout":"","theme-transparent-header-meta":"default","adv-header-id-meta":"","stick-header-meta":"","header-above-stick-meta":"","header-main-stick-meta":"","header-below-stick-meta":"","astra-migrate-meta-layouts":"set","ast-page-background-enabled":"default","ast-page-background-meta":{"desktop":{"background-color":"var(--ast-global-color-4)","background-image":"","background-repeat":"repeat","background-position":"center center","background-size":"auto","background-attachment":"scroll","background-type":"","background-media":"","overlay-type":"","overlay-color":"","overlay-opacity":"","overlay-gradient":""},"tablet":{"background-color":"","background-image":"","background-repeat":"repeat","background-position":"center center","background-size":"auto","background-attachment":"scroll","background-type":"","background-media":"","overlay-type":"","overlay-color":"","overlay-opacity":"","overlay-gradient":""},"mobile":{"background-color":"","background-image":"","background-repeat":"repeat","background-position":"center center","background-size":"auto","background-attachment":"scroll","background-type":"","background-media":"","overlay-type":"","overlay-color":"","overlay-opacity":"","overlay-gradient":""}},"ast-content-background-meta":{"desktop":{"background-color":"var(--ast-global-color-5)","background-image":"","background-repeat":"repeat","background-position":"center center","background-size":"auto","background-attachment":"scroll","background-type":"","background-media":"","overlay-type":"","overlay-color":"","overlay-opacity":"","overlay-gradient":""},"tablet":{"background-color":"var(--ast-global-color-5)","background-image":"","background-repeat":"repeat","background-position":"center center","background-size":"auto","background-attachment":"scroll","background-type":"","background-media":"","overlay-type":"","overlay-color":"","overlay-opacity":"","overlay-gradient":""},"mobile":{"background-color":"var(--ast-global-color-5)","background-image":"","background-repeat":"repeat","background-position":"center center","background-size":"auto","background-attachment":"scroll","background-type":"","background-media":"","overlay-type":"","overlay-color":"","overlay-opacity":"","overlay-gradient":""}}},"product_brand":[],"product_cat":[1001],"product_tag":[],"class_list":{"0":"post-12761","1":"product","2":"type-product","3":"status-publish","4":"has-post-thumbnail","6":"product_cat-husholdningsartikler","7":"desktop-align-left","8":"tablet-align-left","9":"mobile-align-left","11":"first","12":"instock","13":"shipping-taxable","14":"purchasable","15":"product-type-simple"},"_links":{"self":[{"href":"https:\/\/keluvo.com\/no\/wp-json\/wp\/v2\/product\/12761","targetHints":{"allow":["GET"]}}],"collection":[{"href":"https:\/\/keluvo.com\/no\/wp-json\/wp\/v2\/product"}],"about":[{"href":"https:\/\/keluvo.com\/no\/wp-json\/wp\/v2\/types\/product"}],"replies":[{"embeddable":true,"href":"https:\/\/keluvo.com\/no\/wp-json\/wp\/v2\/comments?post=12761"}],"wp:featuredmedia":[{"embeddable":true,"href":"https:\/\/keluvo.com\/no\/wp-json\/wp\/v2\/media\/12757"}],"wp:attachment":[{"href":"https:\/\/keluvo.com\/no\/wp-json\/wp\/v2\/media?parent=12761"}],"wp:term":[{"taxonomy":"product_brand","embeddable":true,"href":"https:\/\/keluvo.com\/no\/wp-json\/wp\/v2\/product_brand?post=12761"},{"taxonomy":"product_cat","embeddable":true,"href":"https:\/\/keluvo.com\/no\/wp-json\/wp\/v2\/product_cat?post=12761"},{"taxonomy":"product_tag","embeddable":true,"href":"https:\/\/keluvo.com\/no\/wp-json\/wp\/v2\/product_tag?post=12761"}],"curies":[{"name":"wp","href":"https:\/\/api.w.org\/{rel}","templated":true}]}}