{"id":12614,"date":"2025-04-05T17:28:13","date_gmt":"2025-04-05T15:28:13","guid":{"rendered":"https:\/\/keluvo.com\/no\/produkt\/pute-med-plysj-av-gas\/"},"modified":"2025-09-04T17:39:38","modified_gmt":"2025-09-04T14:39:38","slug":"pute-med-plysj-av-gas","status":"publish","type":"product","link":"https:\/\/keluvo.com\/no\/produkt\/pute-med-plysj-av-gas\/","title":{"rendered":"Pute med plysj av g\u00e5s"},"content":{"rendered":"<h2 style=\"text-align: center\"><strong>Myk Og Komfortabel Design<\/strong><\/h2>\n<p style=\"text-align: center\">G\u00e5seputen er laget av myke materialer av h\u00f8y kvalitet som gir maksimal komfort. Den myke teksturen gj\u00f8r den perfekt til \u00e5 klemme, hvile eller bruke som en koselig pute i sofaen. Puten er ideell for b\u00e5de barn og voksne, og den gir en tr\u00f8stende touch til rommet ditt.<\/p>\n<p><img decoding=\"async\" class=\"alignnone size-medium wp-image-6791 aligncenter\" src=\"https:\/\/keluvo.com\/template\/wp-content\/uploads\/sites\/5\/2025\/01\/Sa8384c7cbc67466da9603352563766b2w.jpg_960x960q75.jpg_.webp\" \/><\/p>\n<h2 style=\"text-align: center\"><strong>S\u00f8t Og Allsidig Dekorasjon<\/strong><\/h2>\n<p style=\"text-align: center\">Med sin s\u00f8te g\u00e5seform fungerer denne puten b\u00e5de som et funksjonelt tilbeh\u00f8r og en sjarmerende dekorasjon. Legg den p\u00e5 sengen eller sofaen, eller bruk den som en gave til en spesiell person. Det lekne designet passer s\u00f8ml\u00f8st inn i alle rom og omgivelser.<\/p>\n<p><img decoding=\"async\" class=\"alignnone size-medium wp-image-6671 aligncenter\" src=\"https:\/\/keluvo.com\/template\/wp-content\/uploads\/sites\/5\/2025\/01\/S8aae488580e643c5b493635720d12cb23.jpeg\" alt=\"\" \/><\/p>\n","protected":false},"excerpt":{"rendered":"<p>Myk Og Komfortabel Design G\u00e5seputen er laget av myke materialer av h\u00f8y kvalitet som gir maksimal komfort. Den myke teksturen [&hellip;]<\/p>\n","protected":false},"featured_media":12610,"comment_status":"open","ping_status":"closed","template":"","meta":{"site-sidebar-layout":"default","site-content-layout":"","ast-site-content-layout":"default","site-content-style":"default","site-sidebar-style":"default","ast-global-header-display":"","ast-banner-title-visibility":"","ast-main-header-display":"","ast-hfb-above-header-display":"","ast-hfb-below-header-display":"","ast-hfb-mobile-header-display":"","site-post-title":"","ast-breadcrumbs-content":"","ast-featured-img":"","footer-sml-layout":"","theme-transparent-header-meta":"default","adv-header-id-meta":"","stick-header-meta":"","header-above-stick-meta":"","header-main-stick-meta":"","header-below-stick-meta":"","astra-migrate-meta-layouts":"set","ast-page-background-enabled":"default","ast-page-background-meta":{"desktop":{"background-color":"var(--ast-global-color-4)","background-image":"","background-repeat":"repeat","background-position":"center center","background-size":"auto","background-attachment":"scroll","background-type":"","background-media":"","overlay-type":"","overlay-color":"","overlay-opacity":"","overlay-gradient":""},"tablet":{"background-color":"","background-image":"","background-repeat":"repeat","background-position":"center center","background-size":"auto","background-attachment":"scroll","background-type":"","background-media":"","overlay-type":"","overlay-color":"","overlay-opacity":"","overlay-gradient":""},"mobile":{"background-color":"","background-image":"","background-repeat":"repeat","background-position":"center center","background-size":"auto","background-attachment":"scroll","background-type":"","background-media":"","overlay-type":"","overlay-color":"","overlay-opacity":"","overlay-gradient":""}},"ast-content-background-meta":{"desktop":{"background-color":"var(--ast-global-color-5)","background-image":"","background-repeat":"repeat","background-position":"center center","background-size":"auto","background-attachment":"scroll","background-type":"","background-media":"","overlay-type":"","overlay-color":"","overlay-opacity":"","overlay-gradient":""},"tablet":{"background-color":"var(--ast-global-color-5)","background-image":"","background-repeat":"repeat","background-position":"center center","background-size":"auto","background-attachment":"scroll","background-type":"","background-media":"","overlay-type":"","overlay-color":"","overlay-opacity":"","overlay-gradient":""},"mobile":{"background-color":"var(--ast-global-color-5)","background-image":"","background-repeat":"repeat","background-position":"center center","background-size":"auto","background-attachment":"scroll","background-type":"","background-media":"","overlay-type":"","overlay-color":"","overlay-opacity":"","overlay-gradient":""}}},"product_brand":[],"product_cat":[1001],"product_tag":[],"class_list":{"0":"post-12614","1":"product","2":"type-product","3":"status-publish","4":"has-post-thumbnail","6":"product_cat-husholdningsartikler","7":"pa_16244_50b1h074-130-cm","8":"pa_16244_50b1h074-50-cm","9":"pa_16244_50b1h074-90-cm","10":"desktop-align-left","11":"tablet-align-left","12":"mobile-align-left","14":"first","15":"instock","16":"shipping-taxable","17":"purchasable","18":"product-type-variable"},"_links":{"self":[{"href":"https:\/\/keluvo.com\/no\/wp-json\/wp\/v2\/product\/12614","targetHints":{"allow":["GET"]}}],"collection":[{"href":"https:\/\/keluvo.com\/no\/wp-json\/wp\/v2\/product"}],"about":[{"href":"https:\/\/keluvo.com\/no\/wp-json\/wp\/v2\/types\/product"}],"replies":[{"embeddable":true,"href":"https:\/\/keluvo.com\/no\/wp-json\/wp\/v2\/comments?post=12614"}],"wp:featuredmedia":[{"embeddable":true,"href":"https:\/\/keluvo.com\/no\/wp-json\/wp\/v2\/media\/12610"}],"wp:attachment":[{"href":"https:\/\/keluvo.com\/no\/wp-json\/wp\/v2\/media?parent=12614"}],"wp:term":[{"taxonomy":"product_brand","embeddable":true,"href":"https:\/\/keluvo.com\/no\/wp-json\/wp\/v2\/product_brand?post=12614"},{"taxonomy":"product_cat","embeddable":true,"href":"https:\/\/keluvo.com\/no\/wp-json\/wp\/v2\/product_cat?post=12614"},{"taxonomy":"product_tag","embeddable":true,"href":"https:\/\/keluvo.com\/no\/wp-json\/wp\/v2\/product_tag?post=12614"}],"curies":[{"name":"wp","href":"https:\/\/api.w.org\/{rel}","templated":true}]}}