{"id":12574,"date":"2025-04-05T17:27:10","date_gmt":"2025-04-05T15:27:10","guid":{"rendered":"https:\/\/keluvo.com\/no\/produkt\/klassisk-romersk-ring\/"},"modified":"2025-04-05T17:27:32","modified_gmt":"2025-04-05T15:27:32","slug":"klassisk-romersk-ring","status":"publish","type":"product","link":"https:\/\/keluvo.com\/no\/produkt\/klassisk-romersk-ring\/","title":{"rendered":"Klassisk romersk ring"},"content":{"rendered":"<h2 style=\"text-align: center\"><strong>Tidl\u00f8s Romersk-Inspirert Design<\/strong><\/h2>\n<p style=\"text-align: center\">Den klassiske romerske ringen har elegante romertall etset rundt b\u00e5ndet. Den tidl\u00f8se designen tilf\u00f8rer et sofistikert preg til b\u00e5de uformelle og formelle antrekk.<\/p>\n<p><img decoding=\"async\" class=\"alignnone size-medium wp-image-11552 aligncenter\" src=\"https:\/\/keluvo.com\/template\/wp-content\/uploads\/sites\/5\/2025\/02\/S99efb8371ed1422fa9a33bf337c6241da.jpeg\" alt=\"\" \/><\/p>\n<h2 style=\"text-align: center\"><strong>Slitesterkt Og Vanntett Materiale<\/strong><\/h2>\n<p style=\"text-align: center\">Ringen er laget av rustfritt st\u00e5l av h\u00f8y kvalitet og er konstruert for \u00e5 vare. De vanntette og ripebestandige egenskapene sikrer at den beholder sitt polerte utseende over tid.<\/p>\n<p><img decoding=\"async\" class=\"alignnone size-medium wp-image-11556 aligncenter\" src=\"https:\/\/keluvo.com\/template\/wp-content\/uploads\/sites\/5\/2025\/02\/Sa8576ccb7d6a4c49a05289be4b2a9b0b0.jpeg\" alt=\"\" \/><\/p>\n","protected":false},"excerpt":{"rendered":"<p>Tidl\u00f8s Romersk-Inspirert Design Den klassiske romerske ringen har elegante romertall etset rundt b\u00e5ndet. Den tidl\u00f8se designen tilf\u00f8rer et sofistikert preg [&hellip;]<\/p>\n","protected":false},"featured_media":12570,"comment_status":"open","ping_status":"closed","template":"","meta":{"site-sidebar-layout":"default","site-content-layout":"","ast-site-content-layout":"default","site-content-style":"default","site-sidebar-style":"default","ast-global-header-display":"","ast-banner-title-visibility":"","ast-main-header-display":"","ast-hfb-above-header-display":"","ast-hfb-below-header-display":"","ast-hfb-mobile-header-display":"","site-post-title":"","ast-breadcrumbs-content":"","ast-featured-img":"","footer-sml-layout":"","theme-transparent-header-meta":"default","adv-header-id-meta":"","stick-header-meta":"","header-above-stick-meta":"","header-main-stick-meta":"","header-below-stick-meta":"","astra-migrate-meta-layouts":"set","ast-page-background-enabled":"default","ast-page-background-meta":{"desktop":{"background-color":"var(--ast-global-color-4)","background-image":"","background-repeat":"repeat","background-position":"center center","background-size":"auto","background-attachment":"scroll","background-type":"","background-media":"","overlay-type":"","overlay-color":"","overlay-opacity":"","overlay-gradient":""},"tablet":{"background-color":"","background-image":"","background-repeat":"repeat","background-position":"center center","background-size":"auto","background-attachment":"scroll","background-type":"","background-media":"","overlay-type":"","overlay-color":"","overlay-opacity":"","overlay-gradient":""},"mobile":{"background-color":"","background-image":"","background-repeat":"repeat","background-position":"center center","background-size":"auto","background-attachment":"scroll","background-type":"","background-media":"","overlay-type":"","overlay-color":"","overlay-opacity":"","overlay-gradient":""}},"ast-content-background-meta":{"desktop":{"background-color":"var(--ast-global-color-5)","background-image":"","background-repeat":"repeat","background-position":"center center","background-size":"auto","background-attachment":"scroll","background-type":"","background-media":"","overlay-type":"","overlay-color":"","overlay-opacity":"","overlay-gradient":""},"tablet":{"background-color":"var(--ast-global-color-5)","background-image":"","background-repeat":"repeat","background-position":"center center","background-size":"auto","background-attachment":"scroll","background-type":"","background-media":"","overlay-type":"","overlay-color":"","overlay-opacity":"","overlay-gradient":""},"mobile":{"background-color":"var(--ast-global-color-5)","background-image":"","background-repeat":"repeat","background-position":"center center","background-size":"auto","background-attachment":"scroll","background-type":"","background-media":"","overlay-type":"","overlay-color":"","overlay-opacity":"","overlay-gradient":""}}},"product_brand":[],"product_cat":[993],"product_tag":[],"class_list":{"0":"post-12574","1":"product","2":"type-product","3":"status-publish","4":"has-post-thumbnail","6":"product_cat-skotoy-tilbehor","7":"pa_38250_05sakwe3-2671","8":"pa_38250_05sakwe3-2672","9":"pa_38250_05sakwe3-2673","10":"pa_38250_05sakwe3-2674","11":"pa_38250_86lifc4t-gull","12":"pa_38250_86lifc4t-solv","13":"pa_38250_86lifc4t-svart","14":"desktop-align-left","15":"tablet-align-left","16":"mobile-align-left","18":"first","19":"instock","20":"shipping-taxable","21":"purchasable","22":"product-type-variable"},"_links":{"self":[{"href":"https:\/\/keluvo.com\/no\/wp-json\/wp\/v2\/product\/12574","targetHints":{"allow":["GET"]}}],"collection":[{"href":"https:\/\/keluvo.com\/no\/wp-json\/wp\/v2\/product"}],"about":[{"href":"https:\/\/keluvo.com\/no\/wp-json\/wp\/v2\/types\/product"}],"replies":[{"embeddable":true,"href":"https:\/\/keluvo.com\/no\/wp-json\/wp\/v2\/comments?post=12574"}],"wp:featuredmedia":[{"embeddable":true,"href":"https:\/\/keluvo.com\/no\/wp-json\/wp\/v2\/media\/12570"}],"wp:attachment":[{"href":"https:\/\/keluvo.com\/no\/wp-json\/wp\/v2\/media?parent=12574"}],"wp:term":[{"taxonomy":"product_brand","embeddable":true,"href":"https:\/\/keluvo.com\/no\/wp-json\/wp\/v2\/product_brand?post=12574"},{"taxonomy":"product_cat","embeddable":true,"href":"https:\/\/keluvo.com\/no\/wp-json\/wp\/v2\/product_cat?post=12574"},{"taxonomy":"product_tag","embeddable":true,"href":"https:\/\/keluvo.com\/no\/wp-json\/wp\/v2\/product_tag?post=12574"}],"curies":[{"name":"wp","href":"https:\/\/api.w.org\/{rel}","templated":true}]}}