{"id":12508,"date":"2025-04-05T17:24:34","date_gmt":"2025-04-05T15:24:34","guid":{"rendered":"https:\/\/keluvo.com\/no\/produkt\/steinarmband-i-skinn\/"},"modified":"2025-04-05T17:24:39","modified_gmt":"2025-04-05T15:24:39","slug":"steinarmband-i-skinn","status":"publish","type":"product","link":"https:\/\/keluvo.com\/no\/produkt\/steinarmband-i-skinn\/","title":{"rendered":"Steinarmb\u00e5nd i skinn"},"content":{"rendered":"<h2 style=\"text-align: center\"><strong>Stilig Og Moderne Design<\/strong><\/h2>\n<p style=\"text-align: center\">Armb\u00e5ndet i steinl\u00e6r kombinerer natursteinsperler med en elegant l\u00e6rrem for et dristig og moderne utseende. Den lagdelte designen gir dybde og karakter, noe som gj\u00f8r det perfekt til b\u00e5de uformelle antrekk og forretningsantrekk. Dette armb\u00e5ndet er et allsidig tilbeh\u00f8r til enhver herregarderobe.<\/p>\n<p><img decoding=\"async\" class=\"alignnone size-medium wp-image-6315 aligncenter\" src=\"https:\/\/keluvo.com\/template\/wp-content\/uploads\/sites\/5\/2025\/01\/Ae84f69147542403eb388fc1050185aa4R.jpg_960x960q75.jpg_.webp\" \/><\/p>\n<h2 style=\"text-align: center\"><strong>Slitesterkt Og Komfortabelt Materiale<\/strong><\/h2>\n<p style=\"text-align: center\">Armb\u00e5ndet er laget av PU-l\u00e6r av h\u00f8y kvalitet og vulkansk stein eller tiger\u00f8yestein, og er b\u00e5de slitesterkt og komfortabelt. Det myke l\u00e6ret f\u00f8les sk\u00e5nsomt mot h\u00e5ndleddet, mens de robuste steinene s\u00f8rger for langvarig bruk. Det er en flott blanding av styrke og stil.<\/p>\n<p><img decoding=\"async\" class=\"alignnone size-medium wp-image-6317 aligncenter\" src=\"https:\/\/keluvo.com\/template\/wp-content\/uploads\/sites\/5\/2025\/01\/A9192c164ddcf4ffc83157c4828328d25L.jpg_960x960q75.jpg_.webp\" \/><\/p>\n","protected":false},"excerpt":{"rendered":"<p>Stilig Og Moderne Design Armb\u00e5ndet i steinl\u00e6r kombinerer natursteinsperler med en elegant l\u00e6rrem for et dristig og moderne utseende. Den [&hellip;]<\/p>\n","protected":false},"featured_media":12504,"comment_status":"open","ping_status":"closed","template":"","meta":{"site-sidebar-layout":"default","site-content-layout":"","ast-site-content-layout":"default","site-content-style":"default","site-sidebar-style":"default","ast-global-header-display":"","ast-banner-title-visibility":"","ast-main-header-display":"","ast-hfb-above-header-display":"","ast-hfb-below-header-display":"","ast-hfb-mobile-header-display":"","site-post-title":"","ast-breadcrumbs-content":"","ast-featured-img":"","footer-sml-layout":"","theme-transparent-header-meta":"default","adv-header-id-meta":"","stick-header-meta":"","header-above-stick-meta":"","header-main-stick-meta":"","header-below-stick-meta":"","astra-migrate-meta-layouts":"set","ast-page-background-enabled":"default","ast-page-background-meta":{"desktop":{"background-color":"var(--ast-global-color-4)","background-image":"","background-repeat":"repeat","background-position":"center center","background-size":"auto","background-attachment":"scroll","background-type":"","background-media":"","overlay-type":"","overlay-color":"","overlay-opacity":"","overlay-gradient":""},"tablet":{"background-color":"","background-image":"","background-repeat":"repeat","background-position":"center center","background-size":"auto","background-attachment":"scroll","background-type":"","background-media":"","overlay-type":"","overlay-color":"","overlay-opacity":"","overlay-gradient":""},"mobile":{"background-color":"","background-image":"","background-repeat":"repeat","background-position":"center center","background-size":"auto","background-attachment":"scroll","background-type":"","background-media":"","overlay-type":"","overlay-color":"","overlay-opacity":"","overlay-gradient":""}},"ast-content-background-meta":{"desktop":{"background-color":"var(--ast-global-color-5)","background-image":"","background-repeat":"repeat","background-position":"center center","background-size":"auto","background-attachment":"scroll","background-type":"","background-media":"","overlay-type":"","overlay-color":"","overlay-opacity":"","overlay-gradient":""},"tablet":{"background-color":"var(--ast-global-color-5)","background-image":"","background-repeat":"repeat","background-position":"center center","background-size":"auto","background-attachment":"scroll","background-type":"","background-media":"","overlay-type":"","overlay-color":"","overlay-opacity":"","overlay-gradient":""},"mobile":{"background-color":"var(--ast-global-color-5)","background-image":"","background-repeat":"repeat","background-position":"center center","background-size":"auto","background-attachment":"scroll","background-type":"","background-media":"","overlay-type":"","overlay-color":"","overlay-opacity":"","overlay-gradient":""}}},"product_brand":[],"product_cat":[993],"product_tag":[],"class_list":{"0":"post-12508","1":"product","2":"type-product","3":"status-publish","4":"has-post-thumbnail","6":"product_cat-skotoy-tilbehor","7":"pa_42051_hearmdk5-brun","8":"pa_42051_hearmdk5-svart","9":"pa_42051_hearmdk5-svart-brun","10":"desktop-align-left","11":"tablet-align-left","12":"mobile-align-left","14":"first","15":"instock","16":"shipping-taxable","17":"purchasable","18":"product-type-variable"},"_links":{"self":[{"href":"https:\/\/keluvo.com\/no\/wp-json\/wp\/v2\/product\/12508","targetHints":{"allow":["GET"]}}],"collection":[{"href":"https:\/\/keluvo.com\/no\/wp-json\/wp\/v2\/product"}],"about":[{"href":"https:\/\/keluvo.com\/no\/wp-json\/wp\/v2\/types\/product"}],"replies":[{"embeddable":true,"href":"https:\/\/keluvo.com\/no\/wp-json\/wp\/v2\/comments?post=12508"}],"wp:featuredmedia":[{"embeddable":true,"href":"https:\/\/keluvo.com\/no\/wp-json\/wp\/v2\/media\/12504"}],"wp:attachment":[{"href":"https:\/\/keluvo.com\/no\/wp-json\/wp\/v2\/media?parent=12508"}],"wp:term":[{"taxonomy":"product_brand","embeddable":true,"href":"https:\/\/keluvo.com\/no\/wp-json\/wp\/v2\/product_brand?post=12508"},{"taxonomy":"product_cat","embeddable":true,"href":"https:\/\/keluvo.com\/no\/wp-json\/wp\/v2\/product_cat?post=12508"},{"taxonomy":"product_tag","embeddable":true,"href":"https:\/\/keluvo.com\/no\/wp-json\/wp\/v2\/product_tag?post=12508"}],"curies":[{"name":"wp","href":"https:\/\/api.w.org\/{rel}","templated":true}]}}