{"id":12487,"date":"2025-04-05T17:23:43","date_gmt":"2025-04-05T15:23:43","guid":{"rendered":"https:\/\/keluvo.com\/no\/produkt\/sproyte-for-oljeoverforing\/"},"modified":"2025-04-05T17:23:47","modified_gmt":"2025-04-05T15:23:47","slug":"sproyte-for-oljeoverforing","status":"publish","type":"product","link":"https:\/\/keluvo.com\/no\/produkt\/sproyte-for-oljeoverforing\/","title":{"rendered":"Spr\u00f8yte for oljeoverf\u00f8ring"},"content":{"rendered":"<h2 style=\"text-align: center\"><strong>Stor Kapasitet P\u00e5 1,5 L<\/strong><\/h2>\n<p style=\"text-align: center\">Oljeoverf\u00f8ringsspr\u00f8yten har en kapasitet p\u00e5 1,5 l, noe som gj\u00f8r den ideell for h\u00e5ndtering av st\u00f8rre mengder olje eller v\u00e6sker. Enten du skal skifte olje eller overf\u00f8re drivstoff, gir dette verkt\u00f8yet nok plass til effektiv og problemfri bruk.<\/p>\n<p style=\"text-align: center\"><img decoding=\"async\" class=\"alignnone size-medium wp-image-7524\" src=\"https:\/\/keluvo.com\/template\/wp-content\/uploads\/sites\/5\/2025\/01\/S97c360afa09840399367bd506fa1d7a5O.jpg_960x960q75.jpg_.webp\" alt=\"\" \/><\/p>\n<h2 style=\"text-align: center\"><strong>Slitesterk Og Brukervennlig<\/strong><\/h2>\n<p style=\"text-align: center\">Laget av materialer av h\u00f8y kvalitet, er oljeoverf\u00f8ringsspr\u00f8yten bygget for \u00e5 t\u00e5le hyppig bruk. Den enkle utformingen sikrer brukervennlighet, selv for nybegynnere, og gj\u00f8r oljeskift og v\u00e6skeoverf\u00f8ringer raske og problemfrie.<\/p>\n<p><img decoding=\"async\" class=\"alignnone size-medium wp-image-7521 aligncenter\" src=\"https:\/\/keluvo.com\/template\/wp-content\/uploads\/sites\/5\/2025\/01\/a37f8ccc-2978-4752-91bd-037ee128db1b.webp\" alt=\"\" \/><\/p>\n","protected":false},"excerpt":{"rendered":"<p>Stor Kapasitet P\u00e5 1,5 L Oljeoverf\u00f8ringsspr\u00f8yten har en kapasitet p\u00e5 1,5 l, noe som gj\u00f8r den ideell for h\u00e5ndtering av [&hellip;]<\/p>\n","protected":false},"featured_media":12483,"comment_status":"open","ping_status":"closed","template":"","meta":{"site-sidebar-layout":"default","site-content-layout":"","ast-site-content-layout":"default","site-content-style":"default","site-sidebar-style":"default","ast-global-header-display":"","ast-banner-title-visibility":"","ast-main-header-display":"","ast-hfb-above-header-display":"","ast-hfb-below-header-display":"","ast-hfb-mobile-header-display":"","site-post-title":"","ast-breadcrumbs-content":"","ast-featured-img":"","footer-sml-layout":"","theme-transparent-header-meta":"default","adv-header-id-meta":"","stick-header-meta":"","header-above-stick-meta":"","header-main-stick-meta":"","header-below-stick-meta":"","astra-migrate-meta-layouts":"set","ast-page-background-enabled":"default","ast-page-background-meta":{"desktop":{"background-color":"var(--ast-global-color-4)","background-image":"","background-repeat":"repeat","background-position":"center center","background-size":"auto","background-attachment":"scroll","background-type":"","background-media":"","overlay-type":"","overlay-color":"","overlay-opacity":"","overlay-gradient":""},"tablet":{"background-color":"","background-image":"","background-repeat":"repeat","background-position":"center center","background-size":"auto","background-attachment":"scroll","background-type":"","background-media":"","overlay-type":"","overlay-color":"","overlay-opacity":"","overlay-gradient":""},"mobile":{"background-color":"","background-image":"","background-repeat":"repeat","background-position":"center center","background-size":"auto","background-attachment":"scroll","background-type":"","background-media":"","overlay-type":"","overlay-color":"","overlay-opacity":"","overlay-gradient":""}},"ast-content-background-meta":{"desktop":{"background-color":"var(--ast-global-color-5)","background-image":"","background-repeat":"repeat","background-position":"center center","background-size":"auto","background-attachment":"scroll","background-type":"","background-media":"","overlay-type":"","overlay-color":"","overlay-opacity":"","overlay-gradient":""},"tablet":{"background-color":"var(--ast-global-color-5)","background-image":"","background-repeat":"repeat","background-position":"center center","background-size":"auto","background-attachment":"scroll","background-type":"","background-media":"","overlay-type":"","overlay-color":"","overlay-opacity":"","overlay-gradient":""},"mobile":{"background-color":"var(--ast-global-color-5)","background-image":"","background-repeat":"repeat","background-position":"center center","background-size":"auto","background-attachment":"scroll","background-type":"","background-media":"","overlay-type":"","overlay-color":"","overlay-opacity":"","overlay-gradient":""}}},"product_brand":[],"product_cat":[996],"product_tag":[],"class_list":{"0":"post-12487","1":"product","2":"type-product","3":"status-publish","4":"has-post-thumbnail","6":"product_cat-verktoy","7":"pa_42508_0ppwt10x-1500cc","8":"pa_42508_0ppwt10x-200cc","9":"pa_42508_0ppwt10x-500cc","10":"desktop-align-left","11":"tablet-align-left","12":"mobile-align-left","14":"first","15":"instock","16":"shipping-taxable","17":"purchasable","18":"product-type-variable"},"_links":{"self":[{"href":"https:\/\/keluvo.com\/no\/wp-json\/wp\/v2\/product\/12487","targetHints":{"allow":["GET"]}}],"collection":[{"href":"https:\/\/keluvo.com\/no\/wp-json\/wp\/v2\/product"}],"about":[{"href":"https:\/\/keluvo.com\/no\/wp-json\/wp\/v2\/types\/product"}],"replies":[{"embeddable":true,"href":"https:\/\/keluvo.com\/no\/wp-json\/wp\/v2\/comments?post=12487"}],"wp:featuredmedia":[{"embeddable":true,"href":"https:\/\/keluvo.com\/no\/wp-json\/wp\/v2\/media\/12483"}],"wp:attachment":[{"href":"https:\/\/keluvo.com\/no\/wp-json\/wp\/v2\/media?parent=12487"}],"wp:term":[{"taxonomy":"product_brand","embeddable":true,"href":"https:\/\/keluvo.com\/no\/wp-json\/wp\/v2\/product_brand?post=12487"},{"taxonomy":"product_cat","embeddable":true,"href":"https:\/\/keluvo.com\/no\/wp-json\/wp\/v2\/product_cat?post=12487"},{"taxonomy":"product_tag","embeddable":true,"href":"https:\/\/keluvo.com\/no\/wp-json\/wp\/v2\/product_tag?post=12487"}],"curies":[{"name":"wp","href":"https:\/\/api.w.org\/{rel}","templated":true}]}}