{"id":12471,"date":"2025-04-05T17:23:03","date_gmt":"2025-04-05T15:23:03","guid":{"rendered":"https:\/\/keluvo.com\/no\/produkt\/gjenbrukbar-ovnsforing\/"},"modified":"2025-04-05T17:23:03","modified_gmt":"2025-04-05T15:23:03","slug":"gjenbrukbar-ovnsforing","status":"publish","type":"product","link":"https:\/\/keluvo.com\/no\/produkt\/gjenbrukbar-ovnsforing\/","title":{"rendered":"Gjenbrukbar ovnsforing"},"content":{"rendered":"<h2 style=\"text-align: center\"><strong>Holder Ovnen Ren<\/strong><\/h2>\n<p style=\"text-align: center\">Den gjenbrukbare ovnsfolien beskytter bunnen av ovnen mot s\u00f8l, drypp og innbakt smuss. Den fanger opp matpartikler og fett, noe som gj\u00f8r rengj\u00f8ringen rask og enkel. Med dette f\u00f4ret kan du holde ovnen skinnende ren uten \u00e5 m\u00e5tte skrubbe.<\/p>\n<p><img decoding=\"async\" class=\"alignnone size-medium wp-image-6625 aligncenter\" src=\"https:\/\/keluvo.com\/template\/wp-content\/uploads\/sites\/5\/2025\/01\/S3098b59c1c224822b492e8d17721db27I.jpg_960x960q75.jpg_.jpeg\" alt=\"\" \/><\/p>\n<h2 style=\"text-align: center\"><strong>Slitesterk Og Varmebestandig<\/strong><\/h2>\n<p style=\"text-align: center\">Laget av varmebestandig materiale av h\u00f8y kvalitet, t\u00e5ler det gjenbrukbare ovnsf\u00f4ret h\u00f8ye temperaturer uten \u00e5 ta skade. Den er trygg \u00e5 bruke i ovner, mikroovner og til og med p\u00e5 grillen. Dette slitesterke f\u00f4ret sikrer langvarig beskyttelse for alle dine matlagingsbehov.<\/p>\n<p><img decoding=\"async\" class=\"alignnone size-medium wp-image-6626 aligncenter\" src=\"https:\/\/keluvo.com\/template\/wp-content\/uploads\/sites\/5\/2025\/01\/S96e75b5d4c7d4b698d1dfe406c53b017m.jpeg\" alt=\"\" \/><\/p>\n","protected":false},"excerpt":{"rendered":"<p>Holder Ovnen Ren Den gjenbrukbare ovnsfolien beskytter bunnen av ovnen mot s\u00f8l, drypp og innbakt smuss. Den fanger opp matpartikler [&hellip;]<\/p>\n","protected":false},"featured_media":12467,"comment_status":"open","ping_status":"closed","template":"","meta":{"site-sidebar-layout":"default","site-content-layout":"","ast-site-content-layout":"default","site-content-style":"default","site-sidebar-style":"default","ast-global-header-display":"","ast-banner-title-visibility":"","ast-main-header-display":"","ast-hfb-above-header-display":"","ast-hfb-below-header-display":"","ast-hfb-mobile-header-display":"","site-post-title":"","ast-breadcrumbs-content":"","ast-featured-img":"","footer-sml-layout":"","theme-transparent-header-meta":"default","adv-header-id-meta":"","stick-header-meta":"","header-above-stick-meta":"","header-main-stick-meta":"","header-below-stick-meta":"","astra-migrate-meta-layouts":"set","ast-page-background-enabled":"default","ast-page-background-meta":{"desktop":{"background-color":"var(--ast-global-color-4)","background-image":"","background-repeat":"repeat","background-position":"center center","background-size":"auto","background-attachment":"scroll","background-type":"","background-media":"","overlay-type":"","overlay-color":"","overlay-opacity":"","overlay-gradient":""},"tablet":{"background-color":"","background-image":"","background-repeat":"repeat","background-position":"center center","background-size":"auto","background-attachment":"scroll","background-type":"","background-media":"","overlay-type":"","overlay-color":"","overlay-opacity":"","overlay-gradient":""},"mobile":{"background-color":"","background-image":"","background-repeat":"repeat","background-position":"center center","background-size":"auto","background-attachment":"scroll","background-type":"","background-media":"","overlay-type":"","overlay-color":"","overlay-opacity":"","overlay-gradient":""}},"ast-content-background-meta":{"desktop":{"background-color":"var(--ast-global-color-5)","background-image":"","background-repeat":"repeat","background-position":"center center","background-size":"auto","background-attachment":"scroll","background-type":"","background-media":"","overlay-type":"","overlay-color":"","overlay-opacity":"","overlay-gradient":""},"tablet":{"background-color":"var(--ast-global-color-5)","background-image":"","background-repeat":"repeat","background-position":"center center","background-size":"auto","background-attachment":"scroll","background-type":"","background-media":"","overlay-type":"","overlay-color":"","overlay-opacity":"","overlay-gradient":""},"mobile":{"background-color":"var(--ast-global-color-5)","background-image":"","background-repeat":"repeat","background-position":"center center","background-size":"auto","background-attachment":"scroll","background-type":"","background-media":"","overlay-type":"","overlay-color":"","overlay-opacity":"","overlay-gradient":""}}},"product_brand":[],"product_cat":[1001],"product_tag":[],"class_list":{"0":"post-12471","1":"product","2":"type-product","3":"status-publish","4":"has-post-thumbnail","6":"product_cat-husholdningsartikler","7":"desktop-align-left","8":"tablet-align-left","9":"mobile-align-left","11":"first","12":"instock","13":"shipping-taxable","14":"purchasable","15":"product-type-simple"},"_links":{"self":[{"href":"https:\/\/keluvo.com\/no\/wp-json\/wp\/v2\/product\/12471","targetHints":{"allow":["GET"]}}],"collection":[{"href":"https:\/\/keluvo.com\/no\/wp-json\/wp\/v2\/product"}],"about":[{"href":"https:\/\/keluvo.com\/no\/wp-json\/wp\/v2\/types\/product"}],"replies":[{"embeddable":true,"href":"https:\/\/keluvo.com\/no\/wp-json\/wp\/v2\/comments?post=12471"}],"wp:featuredmedia":[{"embeddable":true,"href":"https:\/\/keluvo.com\/no\/wp-json\/wp\/v2\/media\/12467"}],"wp:attachment":[{"href":"https:\/\/keluvo.com\/no\/wp-json\/wp\/v2\/media?parent=12471"}],"wp:term":[{"taxonomy":"product_brand","embeddable":true,"href":"https:\/\/keluvo.com\/no\/wp-json\/wp\/v2\/product_brand?post=12471"},{"taxonomy":"product_cat","embeddable":true,"href":"https:\/\/keluvo.com\/no\/wp-json\/wp\/v2\/product_cat?post=12471"},{"taxonomy":"product_tag","embeddable":true,"href":"https:\/\/keluvo.com\/no\/wp-json\/wp\/v2\/product_tag?post=12471"}],"curies":[{"name":"wp","href":"https:\/\/api.w.org\/{rel}","templated":true}]}}