{"id":12466,"date":"2025-04-05T17:22:50","date_gmt":"2025-04-05T15:22:50","guid":{"rendered":"https:\/\/keluvo.com\/no\/produkt\/handhansker-for-hagearbeid\/"},"modified":"2025-04-05T17:22:50","modified_gmt":"2025-04-05T15:22:50","slug":"handhansker-for-hagearbeid","status":"publish","type":"product","link":"https:\/\/keluvo.com\/no\/produkt\/handhansker-for-hagearbeid\/","title":{"rendered":"H\u00e5ndhansker for hagearbeid"},"content":{"rendered":"<h2 style=\"text-align: center\"><strong>Innebygde Kl\u00f8r For Hagearbeid<\/strong><\/h2>\n<p style=\"text-align: center\">Havehanskene har innebygde kl\u00f8r i ABS-plast, noe som gj\u00f8r grave-, plante- og riveoppgaver enklere og raskere. Disse kl\u00f8rne gir ekstra presisjon og beskyttelse for fingrene, og gj\u00f8r hanskene til et praktisk alt-i-ett-hageredskap.<\/p>\n<p><img decoding=\"async\" class=\"alignnone size-medium wp-image-8477 aligncenter\" src=\"https:\/\/keluvo.com\/template\/wp-content\/uploads\/sites\/5\/2025\/01\/Sf78082a9cb0840eb9282afe6c7b23bfbP.jpg_960x960q75.jpg_.jpeg\" \/><\/p>\n<h2 style=\"text-align: center\"><strong>Slitesterkt Og Fleksibelt Materiale<\/strong><\/h2>\n<p style=\"text-align: center\">Laget av slitesterk ABS-plast og fleksibelt stoff er disse hagehanskene rivebestandige og designet for langvarig bruk. De er egnet for en lang rekke oppgaver, fra planting til generell oppussing, og gir b\u00e5de styrke og komfort.<\/p>\n<p><img decoding=\"async\" class=\"alignnone size-medium wp-image-8481 aligncenter\" src=\"https:\/\/keluvo.com\/template\/wp-content\/uploads\/sites\/5\/2025\/01\/S4486c3196278428b83b597a9ef5019f7S.jpg_960x960q75.jpg_.jpeg\" \/><\/p>\n","protected":false},"excerpt":{"rendered":"<p>Innebygde Kl\u00f8r For Hagearbeid Havehanskene har innebygde kl\u00f8r i ABS-plast, noe som gj\u00f8r grave-, plante- og riveoppgaver enklere og raskere. [&hellip;]<\/p>\n","protected":false},"featured_media":12462,"comment_status":"open","ping_status":"closed","template":"","meta":{"site-sidebar-layout":"default","site-content-layout":"","ast-site-content-layout":"default","site-content-style":"default","site-sidebar-style":"default","ast-global-header-display":"","ast-banner-title-visibility":"","ast-main-header-display":"","ast-hfb-above-header-display":"","ast-hfb-below-header-display":"","ast-hfb-mobile-header-display":"","site-post-title":"","ast-breadcrumbs-content":"","ast-featured-img":"","footer-sml-layout":"","theme-transparent-header-meta":"default","adv-header-id-meta":"","stick-header-meta":"","header-above-stick-meta":"","header-main-stick-meta":"","header-below-stick-meta":"","astra-migrate-meta-layouts":"set","ast-page-background-enabled":"default","ast-page-background-meta":{"desktop":{"background-color":"var(--ast-global-color-4)","background-image":"","background-repeat":"repeat","background-position":"center center","background-size":"auto","background-attachment":"scroll","background-type":"","background-media":"","overlay-type":"","overlay-color":"","overlay-opacity":"","overlay-gradient":""},"tablet":{"background-color":"","background-image":"","background-repeat":"repeat","background-position":"center center","background-size":"auto","background-attachment":"scroll","background-type":"","background-media":"","overlay-type":"","overlay-color":"","overlay-opacity":"","overlay-gradient":""},"mobile":{"background-color":"","background-image":"","background-repeat":"repeat","background-position":"center center","background-size":"auto","background-attachment":"scroll","background-type":"","background-media":"","overlay-type":"","overlay-color":"","overlay-opacity":"","overlay-gradient":""}},"ast-content-background-meta":{"desktop":{"background-color":"var(--ast-global-color-5)","background-image":"","background-repeat":"repeat","background-position":"center center","background-size":"auto","background-attachment":"scroll","background-type":"","background-media":"","overlay-type":"","overlay-color":"","overlay-opacity":"","overlay-gradient":""},"tablet":{"background-color":"var(--ast-global-color-5)","background-image":"","background-repeat":"repeat","background-position":"center center","background-size":"auto","background-attachment":"scroll","background-type":"","background-media":"","overlay-type":"","overlay-color":"","overlay-opacity":"","overlay-gradient":""},"mobile":{"background-color":"var(--ast-global-color-5)","background-image":"","background-repeat":"repeat","background-position":"center center","background-size":"auto","background-attachment":"scroll","background-type":"","background-media":"","overlay-type":"","overlay-color":"","overlay-opacity":"","overlay-gradient":""}}},"product_brand":[],"product_cat":[993],"product_tag":[],"class_list":{"0":"post-12466","1":"product","2":"type-product","3":"status-publish","4":"has-post-thumbnail","6":"product_cat-skotoy-tilbehor","7":"desktop-align-left","8":"tablet-align-left","9":"mobile-align-left","11":"first","12":"instock","13":"shipping-taxable","14":"purchasable","15":"product-type-simple"},"_links":{"self":[{"href":"https:\/\/keluvo.com\/no\/wp-json\/wp\/v2\/product\/12466","targetHints":{"allow":["GET"]}}],"collection":[{"href":"https:\/\/keluvo.com\/no\/wp-json\/wp\/v2\/product"}],"about":[{"href":"https:\/\/keluvo.com\/no\/wp-json\/wp\/v2\/types\/product"}],"replies":[{"embeddable":true,"href":"https:\/\/keluvo.com\/no\/wp-json\/wp\/v2\/comments?post=12466"}],"wp:featuredmedia":[{"embeddable":true,"href":"https:\/\/keluvo.com\/no\/wp-json\/wp\/v2\/media\/12462"}],"wp:attachment":[{"href":"https:\/\/keluvo.com\/no\/wp-json\/wp\/v2\/media?parent=12466"}],"wp:term":[{"taxonomy":"product_brand","embeddable":true,"href":"https:\/\/keluvo.com\/no\/wp-json\/wp\/v2\/product_brand?post=12466"},{"taxonomy":"product_cat","embeddable":true,"href":"https:\/\/keluvo.com\/no\/wp-json\/wp\/v2\/product_cat?post=12466"},{"taxonomy":"product_tag","embeddable":true,"href":"https:\/\/keluvo.com\/no\/wp-json\/wp\/v2\/product_tag?post=12466"}],"curies":[{"name":"wp","href":"https:\/\/api.w.org\/{rel}","templated":true}]}}