{"id":12450,"date":"2025-04-05T17:22:20","date_gmt":"2025-04-05T15:22:20","guid":{"rendered":"https:\/\/keluvo.com\/no\/produkt\/bilkrok-i-semsket-skinn\/"},"modified":"2025-04-05T17:22:26","modified_gmt":"2025-04-05T15:22:26","slug":"bilkrok-i-semsket-skinn","status":"publish","type":"product","link":"https:\/\/keluvo.com\/no\/produkt\/bilkrok-i-semsket-skinn\/","title":{"rendered":"Bilkrok i semsket skinn"},"content":{"rendered":"<h2 style=\"text-align: center\"><strong>F\u00f8rsteklasses Semsket Materiale<\/strong><\/h2>\n<p style=\"text-align: center\">Bilkroken i semsket skinn er laget av semsket skinn av h\u00f8y kvalitet, noe som gir et luksuri\u00f8st preg til bilinteri\u00f8ret. Den myke teksturen smelter s\u00f8ml\u00f8st inn i bilens design, samtidig som den gir et solid og holdbart grep.<\/p>\n<p><img decoding=\"async\" class=\"alignnone size-medium wp-image-10585 aligncenter\" src=\"https:\/\/keluvo.com\/template\/wp-content\/uploads\/sites\/5\/2025\/02\/Sb9c5db93504b48b79961dfe446953dd8U.jpg_960x960q75.jpg_.jpeg\" alt=\"\" \/><\/p>\n<h2 style=\"text-align: center\"><strong>Dobbel Krok For Mer Oppbevaring<\/strong><\/h2>\n<p style=\"text-align: center\">Med en dobbel krokdesign gir semsket bilkrok ekstra plass til \u00e5 henge opp vesker, vesker og sm\u00e5 verkt\u00f8y. Den bidrar til \u00e5 holde orden i bilen ved \u00e5 forhindre at gjenstander ruller rundt p\u00e5 gulvet.<\/p>\n<p><img decoding=\"async\" class=\"alignnone size-medium wp-image-10591 aligncenter\" src=\"https:\/\/keluvo.com\/template\/wp-content\/uploads\/sites\/5\/2025\/02\/S60a9dfdc2c534d2ea319cf54677fbac8K.jpg_960x960q75.jpg_.jpeg\" alt=\"\" \/><\/p>\n","protected":false},"excerpt":{"rendered":"<p>F\u00f8rsteklasses Semsket Materiale Bilkroken i semsket skinn er laget av semsket skinn av h\u00f8y kvalitet, noe som gir et luksuri\u00f8st [&hellip;]<\/p>\n","protected":false},"featured_media":12446,"comment_status":"open","ping_status":"closed","template":"","meta":{"site-sidebar-layout":"default","site-content-layout":"","ast-site-content-layout":"default","site-content-style":"default","site-sidebar-style":"default","ast-global-header-display":"","ast-banner-title-visibility":"","ast-main-header-display":"","ast-hfb-above-header-display":"","ast-hfb-below-header-display":"","ast-hfb-mobile-header-display":"","site-post-title":"","ast-breadcrumbs-content":"","ast-featured-img":"","footer-sml-layout":"","theme-transparent-header-meta":"default","adv-header-id-meta":"","stick-header-meta":"","header-above-stick-meta":"","header-main-stick-meta":"","header-below-stick-meta":"","astra-migrate-meta-layouts":"set","ast-page-background-enabled":"default","ast-page-background-meta":{"desktop":{"background-color":"var(--ast-global-color-4)","background-image":"","background-repeat":"repeat","background-position":"center center","background-size":"auto","background-attachment":"scroll","background-type":"","background-media":"","overlay-type":"","overlay-color":"","overlay-opacity":"","overlay-gradient":""},"tablet":{"background-color":"","background-image":"","background-repeat":"repeat","background-position":"center center","background-size":"auto","background-attachment":"scroll","background-type":"","background-media":"","overlay-type":"","overlay-color":"","overlay-opacity":"","overlay-gradient":""},"mobile":{"background-color":"","background-image":"","background-repeat":"repeat","background-position":"center center","background-size":"auto","background-attachment":"scroll","background-type":"","background-media":"","overlay-type":"","overlay-color":"","overlay-opacity":"","overlay-gradient":""}},"ast-content-background-meta":{"desktop":{"background-color":"var(--ast-global-color-5)","background-image":"","background-repeat":"repeat","background-position":"center center","background-size":"auto","background-attachment":"scroll","background-type":"","background-media":"","overlay-type":"","overlay-color":"","overlay-opacity":"","overlay-gradient":""},"tablet":{"background-color":"var(--ast-global-color-5)","background-image":"","background-repeat":"repeat","background-position":"center center","background-size":"auto","background-attachment":"scroll","background-type":"","background-media":"","overlay-type":"","overlay-color":"","overlay-opacity":"","overlay-gradient":""},"mobile":{"background-color":"var(--ast-global-color-5)","background-image":"","background-repeat":"repeat","background-position":"center center","background-size":"auto","background-attachment":"scroll","background-type":"","background-media":"","overlay-type":"","overlay-color":"","overlay-opacity":"","overlay-gradient":""}}},"product_brand":[],"product_cat":[998],"product_tag":[],"class_list":{"0":"post-12450","1":"product","2":"type-product","3":"status-publish","4":"has-post-thumbnail","6":"product_cat-bilprodukter","7":"pa_41082_wp9zvkuc-brun","8":"pa_41082_wp9zvkuc-gra","9":"pa_41082_wp9zvkuc-svart","10":"desktop-align-left","11":"tablet-align-left","12":"mobile-align-left","14":"first","15":"instock","16":"shipping-taxable","17":"purchasable","18":"product-type-variable"},"_links":{"self":[{"href":"https:\/\/keluvo.com\/no\/wp-json\/wp\/v2\/product\/12450","targetHints":{"allow":["GET"]}}],"collection":[{"href":"https:\/\/keluvo.com\/no\/wp-json\/wp\/v2\/product"}],"about":[{"href":"https:\/\/keluvo.com\/no\/wp-json\/wp\/v2\/types\/product"}],"replies":[{"embeddable":true,"href":"https:\/\/keluvo.com\/no\/wp-json\/wp\/v2\/comments?post=12450"}],"wp:featuredmedia":[{"embeddable":true,"href":"https:\/\/keluvo.com\/no\/wp-json\/wp\/v2\/media\/12446"}],"wp:attachment":[{"href":"https:\/\/keluvo.com\/no\/wp-json\/wp\/v2\/media?parent=12450"}],"wp:term":[{"taxonomy":"product_brand","embeddable":true,"href":"https:\/\/keluvo.com\/no\/wp-json\/wp\/v2\/product_brand?post=12450"},{"taxonomy":"product_cat","embeddable":true,"href":"https:\/\/keluvo.com\/no\/wp-json\/wp\/v2\/product_cat?post=12450"},{"taxonomy":"product_tag","embeddable":true,"href":"https:\/\/keluvo.com\/no\/wp-json\/wp\/v2\/product_tag?post=12450"}],"curies":[{"name":"wp","href":"https:\/\/api.w.org\/{rel}","templated":true}]}}