{"id":12425,"date":"2025-04-05T16:45:36","date_gmt":"2025-04-05T14:45:36","guid":{"rendered":"https:\/\/keluvo.com\/no\/produkt\/uttrekkbar-stovborste\/"},"modified":"2025-04-05T16:45:36","modified_gmt":"2025-04-05T14:45:36","slug":"uttrekkbar-stovborste","status":"publish","type":"product","link":"https:\/\/keluvo.com\/no\/produkt\/uttrekkbar-stovborste\/","title":{"rendered":"Uttrekkbar st\u00f8vb\u00f8rste"},"content":{"rendered":"<h2 style=\"text-align: center\" data-start=\"0\" data-end=\"41\"><strong>Langt H\u00e5ndtak For Vanskelig Tilgjengelige Steder<\/strong><\/h2>\n<p style=\"text-align: center\" data-start=\"42\" data-end=\"304\">Den uttrekkbare st\u00f8vb\u00f8rsten har et uttrekkbart h\u00e5ndtak som gj\u00f8r det enkelt \u00e5 rengj\u00f8re h\u00f8ye og trange omr\u00e5der. Med den lange rekkevidden kan du uten problemer takle st\u00f8v og smuss i takhj\u00f8rner eller mellom m\u00f8bel\u00e5pninger. Rengj\u00f8ringen ble nettopp enklere og mer effektiv.<\/p>\n<p data-start=\"42\" data-end=\"304\"><img decoding=\"async\" class=\"alignnone size-medium wp-image-11734 aligncenter\" src=\"https:\/\/keluvo.com\/template\/wp-content\/uploads\/sites\/5\/2025\/02\/Seae85d8bc5054039adc633647f82d96aX.jpeg\" alt=\"\" \/><\/p>\n<h2 style=\"text-align: center\" data-start=\"306\" data-end=\"340\"><strong>Flatt B\u00f8rstehode For Sprekker<\/strong><\/h2>\n<p style=\"text-align: center\" data-start=\"341\" data-end=\"546\">Det flate b\u00f8rstehodet er utformet for \u00e5 passe inn i trange rom der smuss ofte skjuler seg. Det glir lett inn i \u00e5pninger og feier bort st\u00f8v og h\u00e5r. Denne designen sikrer at selv vanskelig tilgjengelige omr\u00e5der forblir plettfrie.<\/p>\n<p data-start=\"341\" data-end=\"546\"><img decoding=\"async\" class=\"alignnone size-medium wp-image-11735 aligncenter\" src=\"https:\/\/keluvo.com\/template\/wp-content\/uploads\/sites\/5\/2025\/02\/Sf9d04d1da59b4ab18a0bdfd2021c8d3cF.jpeg\" alt=\"\" \/><\/p>\n","protected":false},"excerpt":{"rendered":"<p>Langt H\u00e5ndtak For Vanskelig Tilgjengelige Steder Den uttrekkbare st\u00f8vb\u00f8rsten har et uttrekkbart h\u00e5ndtak som gj\u00f8r det enkelt \u00e5 rengj\u00f8re h\u00f8ye [&hellip;]<\/p>\n","protected":false},"featured_media":12421,"comment_status":"open","ping_status":"closed","template":"","meta":{"site-sidebar-layout":"default","site-content-layout":"","ast-site-content-layout":"default","site-content-style":"default","site-sidebar-style":"default","ast-global-header-display":"","ast-banner-title-visibility":"","ast-main-header-display":"","ast-hfb-above-header-display":"","ast-hfb-below-header-display":"","ast-hfb-mobile-header-display":"","site-post-title":"","ast-breadcrumbs-content":"","ast-featured-img":"","footer-sml-layout":"","theme-transparent-header-meta":"default","adv-header-id-meta":"","stick-header-meta":"","header-above-stick-meta":"","header-main-stick-meta":"","header-below-stick-meta":"","astra-migrate-meta-layouts":"set","ast-page-background-enabled":"default","ast-page-background-meta":{"desktop":{"background-color":"var(--ast-global-color-4)","background-image":"","background-repeat":"repeat","background-position":"center center","background-size":"auto","background-attachment":"scroll","background-type":"","background-media":"","overlay-type":"","overlay-color":"","overlay-opacity":"","overlay-gradient":""},"tablet":{"background-color":"","background-image":"","background-repeat":"repeat","background-position":"center center","background-size":"auto","background-attachment":"scroll","background-type":"","background-media":"","overlay-type":"","overlay-color":"","overlay-opacity":"","overlay-gradient":""},"mobile":{"background-color":"","background-image":"","background-repeat":"repeat","background-position":"center center","background-size":"auto","background-attachment":"scroll","background-type":"","background-media":"","overlay-type":"","overlay-color":"","overlay-opacity":"","overlay-gradient":""}},"ast-content-background-meta":{"desktop":{"background-color":"var(--ast-global-color-5)","background-image":"","background-repeat":"repeat","background-position":"center center","background-size":"auto","background-attachment":"scroll","background-type":"","background-media":"","overlay-type":"","overlay-color":"","overlay-opacity":"","overlay-gradient":""},"tablet":{"background-color":"var(--ast-global-color-5)","background-image":"","background-repeat":"repeat","background-position":"center center","background-size":"auto","background-attachment":"scroll","background-type":"","background-media":"","overlay-type":"","overlay-color":"","overlay-opacity":"","overlay-gradient":""},"mobile":{"background-color":"var(--ast-global-color-5)","background-image":"","background-repeat":"repeat","background-position":"center center","background-size":"auto","background-attachment":"scroll","background-type":"","background-media":"","overlay-type":"","overlay-color":"","overlay-opacity":"","overlay-gradient":""}}},"product_brand":[],"product_cat":[1001],"product_tag":[],"class_list":{"0":"post-12425","1":"product","2":"type-product","3":"status-publish","4":"has-post-thumbnail","6":"product_cat-husholdningsartikler","7":"desktop-align-left","8":"tablet-align-left","9":"mobile-align-left","11":"first","12":"instock","13":"shipping-taxable","14":"purchasable","15":"product-type-simple"},"_links":{"self":[{"href":"https:\/\/keluvo.com\/no\/wp-json\/wp\/v2\/product\/12425","targetHints":{"allow":["GET"]}}],"collection":[{"href":"https:\/\/keluvo.com\/no\/wp-json\/wp\/v2\/product"}],"about":[{"href":"https:\/\/keluvo.com\/no\/wp-json\/wp\/v2\/types\/product"}],"replies":[{"embeddable":true,"href":"https:\/\/keluvo.com\/no\/wp-json\/wp\/v2\/comments?post=12425"}],"wp:featuredmedia":[{"embeddable":true,"href":"https:\/\/keluvo.com\/no\/wp-json\/wp\/v2\/media\/12421"}],"wp:attachment":[{"href":"https:\/\/keluvo.com\/no\/wp-json\/wp\/v2\/media?parent=12425"}],"wp:term":[{"taxonomy":"product_brand","embeddable":true,"href":"https:\/\/keluvo.com\/no\/wp-json\/wp\/v2\/product_brand?post=12425"},{"taxonomy":"product_cat","embeddable":true,"href":"https:\/\/keluvo.com\/no\/wp-json\/wp\/v2\/product_cat?post=12425"},{"taxonomy":"product_tag","embeddable":true,"href":"https:\/\/keluvo.com\/no\/wp-json\/wp\/v2\/product_tag?post=12425"}],"curies":[{"name":"wp","href":"https:\/\/api.w.org\/{rel}","templated":true}]}}