{"id":12412,"date":"2025-04-05T16:45:14","date_gmt":"2025-04-05T14:45:14","guid":{"rendered":"https:\/\/keluvo.com\/no\/produkt\/muskelmassasjepistol\/"},"modified":"2025-04-05T16:45:21","modified_gmt":"2025-04-05T14:45:21","slug":"muskelmassasjepistol","status":"publish","type":"product","link":"https:\/\/keluvo.com\/no\/produkt\/muskelmassasjepistol\/","title":{"rendered":"Muskelmassasjepistol"},"content":{"rendered":"<h2 style=\"text-align: center\"><strong>Justerbare Hastigheter For Alle Behov<\/strong><\/h2>\n<p style=\"text-align: center\">Muskelmassasjepistolen har seks justerbare hastigheter for \u00e5 matche dine behov for restitusjon. Du kan velge riktig intensitetsniv\u00e5, fra lett avslapping til dyp muskelavlastning. Den er perfekt for oppvarming, lindring av \u00f8mhet eller for \u00e5 jobbe med stramme muskler etter trening.<\/p>\n<p><img decoding=\"async\" class=\"alignnone size-medium wp-image-7000 aligncenter\" src=\"https:\/\/keluvo.com\/template\/wp-content\/uploads\/sites\/5\/2025\/01\/S86766adb35a047ce85898455f22ef4aa0.jpg_960x960q75.jpg_.webp\" \/><\/p>\n<h2 style=\"text-align: center\"><strong>Lang Batterilevetid<\/strong><\/h2>\n<p style=\"text-align: center\">Med et kraftig 2500 mAh-batteri kan muskelmassasjepistolen brukes i opptil 6 timer p\u00e5 en full lading. Den raske ladetiden p\u00e5 bare 2 timer holder deg klar til neste \u00f8kt. Den b\u00f8rstel\u00f8se motorteknologien s\u00f8rger for en stille og stabil opplevelse hver gang.<\/p>\n<p><img decoding=\"async\" class=\"alignnone size-medium wp-image-6996 aligncenter\" src=\"https:\/\/keluvo.com\/template\/wp-content\/uploads\/sites\/5\/2025\/01\/Sdb38b99908fa49b88212bb789d56a4fcL.jpg_960x960q75.jpg_.webp\" \/><\/p>\n","protected":false},"excerpt":{"rendered":"<p>Justerbare Hastigheter For Alle Behov Muskelmassasjepistolen har seks justerbare hastigheter for \u00e5 matche dine behov for restitusjon. Du kan velge [&hellip;]<\/p>\n","protected":false},"featured_media":12408,"comment_status":"open","ping_status":"closed","template":"","meta":{"site-sidebar-layout":"default","site-content-layout":"","ast-site-content-layout":"default","site-content-style":"default","site-sidebar-style":"default","ast-global-header-display":"","ast-banner-title-visibility":"","ast-main-header-display":"","ast-hfb-above-header-display":"","ast-hfb-below-header-display":"","ast-hfb-mobile-header-display":"","site-post-title":"","ast-breadcrumbs-content":"","ast-featured-img":"","footer-sml-layout":"","theme-transparent-header-meta":"default","adv-header-id-meta":"","stick-header-meta":"","header-above-stick-meta":"","header-main-stick-meta":"","header-below-stick-meta":"","astra-migrate-meta-layouts":"set","ast-page-background-enabled":"default","ast-page-background-meta":{"desktop":{"background-color":"var(--ast-global-color-4)","background-image":"","background-repeat":"repeat","background-position":"center center","background-size":"auto","background-attachment":"scroll","background-type":"","background-media":"","overlay-type":"","overlay-color":"","overlay-opacity":"","overlay-gradient":""},"tablet":{"background-color":"","background-image":"","background-repeat":"repeat","background-position":"center center","background-size":"auto","background-attachment":"scroll","background-type":"","background-media":"","overlay-type":"","overlay-color":"","overlay-opacity":"","overlay-gradient":""},"mobile":{"background-color":"","background-image":"","background-repeat":"repeat","background-position":"center center","background-size":"auto","background-attachment":"scroll","background-type":"","background-media":"","overlay-type":"","overlay-color":"","overlay-opacity":"","overlay-gradient":""}},"ast-content-background-meta":{"desktop":{"background-color":"var(--ast-global-color-5)","background-image":"","background-repeat":"repeat","background-position":"center center","background-size":"auto","background-attachment":"scroll","background-type":"","background-media":"","overlay-type":"","overlay-color":"","overlay-opacity":"","overlay-gradient":""},"tablet":{"background-color":"var(--ast-global-color-5)","background-image":"","background-repeat":"repeat","background-position":"center center","background-size":"auto","background-attachment":"scroll","background-type":"","background-media":"","overlay-type":"","overlay-color":"","overlay-opacity":"","overlay-gradient":""},"mobile":{"background-color":"var(--ast-global-color-5)","background-image":"","background-repeat":"repeat","background-position":"center center","background-size":"auto","background-attachment":"scroll","background-type":"","background-media":"","overlay-type":"","overlay-color":"","overlay-opacity":"","overlay-gradient":""}}},"product_brand":[],"product_cat":[991],"product_tag":[],"class_list":{"0":"post-12412","1":"product","2":"type-product","3":"status-publish","4":"has-post-thumbnail","6":"product_cat-helseprodukter","7":"pa_20160_jkkysb9i-bla","8":"pa_20160_jkkysb9i-gra","9":"pa_20160_jkkysb9i-rod","10":"pa_20160_jkkysb9i-svart","11":"desktop-align-left","12":"tablet-align-left","13":"mobile-align-left","15":"first","16":"instock","17":"shipping-taxable","18":"purchasable","19":"product-type-variable"},"_links":{"self":[{"href":"https:\/\/keluvo.com\/no\/wp-json\/wp\/v2\/product\/12412","targetHints":{"allow":["GET"]}}],"collection":[{"href":"https:\/\/keluvo.com\/no\/wp-json\/wp\/v2\/product"}],"about":[{"href":"https:\/\/keluvo.com\/no\/wp-json\/wp\/v2\/types\/product"}],"replies":[{"embeddable":true,"href":"https:\/\/keluvo.com\/no\/wp-json\/wp\/v2\/comments?post=12412"}],"wp:featuredmedia":[{"embeddable":true,"href":"https:\/\/keluvo.com\/no\/wp-json\/wp\/v2\/media\/12408"}],"wp:attachment":[{"href":"https:\/\/keluvo.com\/no\/wp-json\/wp\/v2\/media?parent=12412"}],"wp:term":[{"taxonomy":"product_brand","embeddable":true,"href":"https:\/\/keluvo.com\/no\/wp-json\/wp\/v2\/product_brand?post=12412"},{"taxonomy":"product_cat","embeddable":true,"href":"https:\/\/keluvo.com\/no\/wp-json\/wp\/v2\/product_cat?post=12412"},{"taxonomy":"product_tag","embeddable":true,"href":"https:\/\/keluvo.com\/no\/wp-json\/wp\/v2\/product_tag?post=12412"}],"curies":[{"name":"wp","href":"https:\/\/api.w.org\/{rel}","templated":true}]}}