{"id":12407,"date":"2025-04-05T16:44:52","date_gmt":"2025-04-05T14:44:52","guid":{"rendered":"https:\/\/keluvo.com\/no\/produkt\/mopp-for-rengjoring-av-gulv\/"},"modified":"2025-04-09T14:43:17","modified_gmt":"2025-04-09T12:43:17","slug":"mopp-for-rengjoring-av-gulv","status":"publish","type":"product","link":"https:\/\/keluvo.com\/no\/produkt\/mopp-for-rengjoring-av-gulv\/","title":{"rendered":"Mopp for rengj\u00f8ring av gulv"},"content":{"rendered":"<h2 style=\"text-align: center;\">Allsidig Rengj\u00f8ringseffektivitet<\/h2>\n<p style=\"text-align: center;\">Gulvmoppen er designet med et ultrafint fiberhode som enkelt fanger opp smuss, st\u00f8v og s\u00f8l. Den flate moppestrukturen sikrer at den n\u00e5r inn i hj\u00f8rner og under m\u00f8bler, noe som gj\u00f8r rengj\u00f8ringen grundigere og mer effektiv.<\/p>\n<h2 style=\"text-align: center;\"><img decoding=\"async\" class=\"size-medium wp-image-5938 aligncenter\" src=\"https:\/\/keluvo.com\/template\/wp-content\/uploads\/sites\/5\/2024\/12\/f62f56d1-9767-4c0a-8292-658618d57b26.webp\" alt=\"\" \/>Praktisk B\u00f8tteutforming<\/h2>\n<p style=\"text-align: center;\">Dette settet inneholder en spesialdesignet moppeb\u00f8tte med et roterende system for enkel skylling og vridning. B\u00f8ttelokket og moppebrettet har n\u00e5 en oppdatert gr\u00e5 farge, mens den hvite og gr\u00f8nne b\u00f8ttekroppen forblir uendret for et friskt, moderne utseende.<\/p>\n<p><img decoding=\"async\" class=\"alignnone size-medium wp-image-5983 aligncenter\" src=\"https:\/\/keluvo.com\/template\/wp-content\/uploads\/sites\/5\/2024\/12\/S45bcb4e3aa30432b83228bd718bc47c4D.jpg_960x960q75.jpg_.webp\" \/><\/p>\n","protected":false},"excerpt":{"rendered":"<p>Allsidig Rengj\u00f8ringseffektivitet Gulvmoppen er designet med et ultrafint fiberhode som enkelt fanger opp smuss, st\u00f8v og s\u00f8l. Den flate moppestrukturen [&hellip;]<\/p>\n","protected":false},"featured_media":12403,"comment_status":"open","ping_status":"closed","template":"","meta":{"site-sidebar-layout":"default","site-content-layout":"","ast-site-content-layout":"default","site-content-style":"default","site-sidebar-style":"default","ast-global-header-display":"","ast-banner-title-visibility":"","ast-main-header-display":"","ast-hfb-above-header-display":"","ast-hfb-below-header-display":"","ast-hfb-mobile-header-display":"","site-post-title":"","ast-breadcrumbs-content":"","ast-featured-img":"","footer-sml-layout":"","theme-transparent-header-meta":"default","adv-header-id-meta":"","stick-header-meta":"","header-above-stick-meta":"","header-main-stick-meta":"","header-below-stick-meta":"","astra-migrate-meta-layouts":"set","ast-page-background-enabled":"default","ast-page-background-meta":{"desktop":{"background-color":"var(--ast-global-color-4)","background-image":"","background-repeat":"repeat","background-position":"center center","background-size":"auto","background-attachment":"scroll","background-type":"","background-media":"","overlay-type":"","overlay-color":"","overlay-opacity":"","overlay-gradient":""},"tablet":{"background-color":"","background-image":"","background-repeat":"repeat","background-position":"center center","background-size":"auto","background-attachment":"scroll","background-type":"","background-media":"","overlay-type":"","overlay-color":"","overlay-opacity":"","overlay-gradient":""},"mobile":{"background-color":"","background-image":"","background-repeat":"repeat","background-position":"center center","background-size":"auto","background-attachment":"scroll","background-type":"","background-media":"","overlay-type":"","overlay-color":"","overlay-opacity":"","overlay-gradient":""}},"ast-content-background-meta":{"desktop":{"background-color":"var(--ast-global-color-5)","background-image":"","background-repeat":"repeat","background-position":"center center","background-size":"auto","background-attachment":"scroll","background-type":"","background-media":"","overlay-type":"","overlay-color":"","overlay-opacity":"","overlay-gradient":""},"tablet":{"background-color":"var(--ast-global-color-5)","background-image":"","background-repeat":"repeat","background-position":"center center","background-size":"auto","background-attachment":"scroll","background-type":"","background-media":"","overlay-type":"","overlay-color":"","overlay-opacity":"","overlay-gradient":""},"mobile":{"background-color":"var(--ast-global-color-5)","background-image":"","background-repeat":"repeat","background-position":"center center","background-size":"auto","background-attachment":"scroll","background-type":"","background-media":"","overlay-type":"","overlay-color":"","overlay-opacity":"","overlay-gradient":""}}},"product_brand":[],"product_cat":[1001],"product_tag":[],"class_list":{"0":"post-12407","1":"product","2":"type-product","3":"status-publish","4":"has-post-thumbnail","6":"product_cat-husholdningsartikler","7":"desktop-align-left","8":"tablet-align-left","9":"mobile-align-left","11":"first","12":"instock","13":"shipping-taxable","14":"purchasable","15":"product-type-simple"},"_links":{"self":[{"href":"https:\/\/keluvo.com\/no\/wp-json\/wp\/v2\/product\/12407","targetHints":{"allow":["GET"]}}],"collection":[{"href":"https:\/\/keluvo.com\/no\/wp-json\/wp\/v2\/product"}],"about":[{"href":"https:\/\/keluvo.com\/no\/wp-json\/wp\/v2\/types\/product"}],"replies":[{"embeddable":true,"href":"https:\/\/keluvo.com\/no\/wp-json\/wp\/v2\/comments?post=12407"}],"wp:featuredmedia":[{"embeddable":true,"href":"https:\/\/keluvo.com\/no\/wp-json\/wp\/v2\/media\/12403"}],"wp:attachment":[{"href":"https:\/\/keluvo.com\/no\/wp-json\/wp\/v2\/media?parent=12407"}],"wp:term":[{"taxonomy":"product_brand","embeddable":true,"href":"https:\/\/keluvo.com\/no\/wp-json\/wp\/v2\/product_brand?post=12407"},{"taxonomy":"product_cat","embeddable":true,"href":"https:\/\/keluvo.com\/no\/wp-json\/wp\/v2\/product_cat?post=12407"},{"taxonomy":"product_tag","embeddable":true,"href":"https:\/\/keluvo.com\/no\/wp-json\/wp\/v2\/product_tag?post=12407"}],"curies":[{"name":"wp","href":"https:\/\/api.w.org\/{rel}","templated":true}]}}