{"id":12380,"date":"2025-04-05T16:43:47","date_gmt":"2025-04-05T14:43:47","guid":{"rendered":"https:\/\/keluvo.com\/no\/produkt\/sproytedyse-for-oppvaskkum\/"},"modified":"2025-04-05T16:44:02","modified_gmt":"2025-04-05T14:44:02","slug":"sproytedyse-for-oppvaskkum","status":"publish","type":"product","link":"https:\/\/keluvo.com\/no\/produkt\/sproytedyse-for-oppvaskkum\/","title":{"rendered":"Spr\u00f8ytedyse for oppvaskkum"},"content":{"rendered":"<h2 style=\"text-align: center\"><strong>Tre Vannmoduser for Allsidighet<\/strong><\/h2>\n<p style=\"text-align: center\">Vaskespr\u00f8ytemunnstykket har tre vannstr\u00f8mningsmoduser som passer til dine behov. Bruk den myke vannstr\u00f8mmen for sk\u00e5nsom skylling, nettutl\u00f8pene for rengj\u00f8ring av store omr\u00e5der eller den vifteformede sprayen for \u00e5 spyle bort rusk. Disse alternativene gj\u00f8r rengj\u00f8ringsoppgavene raskere og mer effektive.<\/p>\n<p><img decoding=\"async\" class=\"alignnone size-medium wp-image-7111 aligncenter\" src=\"https:\/\/keluvo.com\/template\/wp-content\/uploads\/sites\/5\/2025\/01\/S4bb215991ddd436fb43f2cf8c89cb296d.jpg_960x960q75.jpg_.webp\" \/><\/p>\n<h2 style=\"text-align: center\"><strong>Enkel \u00e5 Rengj\u00f8re og Vedlikeholde<\/strong><\/h2>\n<p style=\"text-align: center\">Med selvrensende silikonstr\u00e5ler motst\u00e5r vaskespylemunnstykket smuss, mineraler og avleiringer av hardt vann. Dette sikrer langvarig ytelse og gj\u00f8r rengj\u00f8ringen av munnstykket rask og problemfri. Den er designet for \u00e5 holde seg ren og funksjonell med minimal innsats.<\/p>\n<p style=\"text-align: center\"><img decoding=\"async\" class=\"alignnone size-medium wp-image-7113\" src=\"https:\/\/keluvo.com\/template\/wp-content\/uploads\/sites\/5\/2025\/01\/S12828674a561401f9fc4ae00075590c49.jpg_960x960q75.jpg_.webp\" alt=\"\" \/><\/p>\n","protected":false},"excerpt":{"rendered":"<p>Tre Vannmoduser for Allsidighet Vaskespr\u00f8ytemunnstykket har tre vannstr\u00f8mningsmoduser som passer til dine behov. Bruk den myke vannstr\u00f8mmen for sk\u00e5nsom skylling, [&hellip;]<\/p>\n","protected":false},"featured_media":12376,"comment_status":"open","ping_status":"closed","template":"","meta":{"site-sidebar-layout":"default","site-content-layout":"","ast-site-content-layout":"default","site-content-style":"default","site-sidebar-style":"default","ast-global-header-display":"","ast-banner-title-visibility":"","ast-main-header-display":"","ast-hfb-above-header-display":"","ast-hfb-below-header-display":"","ast-hfb-mobile-header-display":"","site-post-title":"","ast-breadcrumbs-content":"","ast-featured-img":"","footer-sml-layout":"","theme-transparent-header-meta":"default","adv-header-id-meta":"","stick-header-meta":"","header-above-stick-meta":"","header-main-stick-meta":"","header-below-stick-meta":"","astra-migrate-meta-layouts":"set","ast-page-background-enabled":"default","ast-page-background-meta":{"desktop":{"background-color":"var(--ast-global-color-4)","background-image":"","background-repeat":"repeat","background-position":"center center","background-size":"auto","background-attachment":"scroll","background-type":"","background-media":"","overlay-type":"","overlay-color":"","overlay-opacity":"","overlay-gradient":""},"tablet":{"background-color":"","background-image":"","background-repeat":"repeat","background-position":"center center","background-size":"auto","background-attachment":"scroll","background-type":"","background-media":"","overlay-type":"","overlay-color":"","overlay-opacity":"","overlay-gradient":""},"mobile":{"background-color":"","background-image":"","background-repeat":"repeat","background-position":"center center","background-size":"auto","background-attachment":"scroll","background-type":"","background-media":"","overlay-type":"","overlay-color":"","overlay-opacity":"","overlay-gradient":""}},"ast-content-background-meta":{"desktop":{"background-color":"var(--ast-global-color-5)","background-image":"","background-repeat":"repeat","background-position":"center center","background-size":"auto","background-attachment":"scroll","background-type":"","background-media":"","overlay-type":"","overlay-color":"","overlay-opacity":"","overlay-gradient":""},"tablet":{"background-color":"var(--ast-global-color-5)","background-image":"","background-repeat":"repeat","background-position":"center center","background-size":"auto","background-attachment":"scroll","background-type":"","background-media":"","overlay-type":"","overlay-color":"","overlay-opacity":"","overlay-gradient":""},"mobile":{"background-color":"var(--ast-global-color-5)","background-image":"","background-repeat":"repeat","background-position":"center center","background-size":"auto","background-attachment":"scroll","background-type":"","background-media":"","overlay-type":"","overlay-color":"","overlay-opacity":"","overlay-gradient":""}}},"product_brand":[],"product_cat":[1001],"product_tag":[],"class_list":{"0":"post-12380","1":"product","2":"type-product","3":"status-publish","4":"has-post-thumbnail","6":"product_cat-husholdningsartikler","7":"pa_36951_2tjigeaq-borstet","8":"pa_36951_2tjigeaq-gull","9":"pa_36951_2tjigeaq-solv","10":"pa_36951_2tjigeaq-svart","11":"desktop-align-left","12":"tablet-align-left","13":"mobile-align-left","15":"first","16":"instock","17":"shipping-taxable","18":"purchasable","19":"product-type-variable"},"_links":{"self":[{"href":"https:\/\/keluvo.com\/no\/wp-json\/wp\/v2\/product\/12380","targetHints":{"allow":["GET"]}}],"collection":[{"href":"https:\/\/keluvo.com\/no\/wp-json\/wp\/v2\/product"}],"about":[{"href":"https:\/\/keluvo.com\/no\/wp-json\/wp\/v2\/types\/product"}],"replies":[{"embeddable":true,"href":"https:\/\/keluvo.com\/no\/wp-json\/wp\/v2\/comments?post=12380"}],"wp:featuredmedia":[{"embeddable":true,"href":"https:\/\/keluvo.com\/no\/wp-json\/wp\/v2\/media\/12376"}],"wp:attachment":[{"href":"https:\/\/keluvo.com\/no\/wp-json\/wp\/v2\/media?parent=12380"}],"wp:term":[{"taxonomy":"product_brand","embeddable":true,"href":"https:\/\/keluvo.com\/no\/wp-json\/wp\/v2\/product_brand?post=12380"},{"taxonomy":"product_cat","embeddable":true,"href":"https:\/\/keluvo.com\/no\/wp-json\/wp\/v2\/product_cat?post=12380"},{"taxonomy":"product_tag","embeddable":true,"href":"https:\/\/keluvo.com\/no\/wp-json\/wp\/v2\/product_tag?post=12380"}],"curies":[{"name":"wp","href":"https:\/\/api.w.org\/{rel}","templated":true}]}}