{"id":12302,"date":"2025-04-05T16:41:32","date_gmt":"2025-04-05T14:41:32","guid":{"rendered":"https:\/\/keluvo.com\/no\/produkt\/glodende-sprettball\/"},"modified":"2025-04-16T13:56:35","modified_gmt":"2025-04-16T11:56:35","slug":"glodende-sprettball-1","status":"publish","type":"product","link":"https:\/\/keluvo.com\/no\/produkt\/glodende-sprettball-1\/","title":{"rendered":"Gl\u00f8dende sprettball"},"content":{"rendered":"<h2 style=\"text-align: center;\"><strong>Morsom Og Aktiv Lek<\/strong><\/h2>\n<p style=\"text-align: center;\">Den gl\u00f8dende sprettballen oppmuntrer barn til \u00e5 holde seg aktive samtidig som de har det g\u00f8y. Den bidrar til \u00e5 forbedre koordinasjon, balanse og konsentrasjon. Dette underholdende leket\u00f8yet gj\u00f8r treningen morsom for b\u00e5de barn og voksne.<\/p>\n<p><img decoding=\"async\" class=\"alignnone size-medium wp-image-11021 aligncenter\" src=\"https:\/\/keluvo.com\/template\/wp-content\/uploads\/sites\/5\/2025\/02\/Sd9c95b1ba86a491db2e923da70f4b37eP.jpeg\" alt=\"\" \/><\/p>\n<h2 style=\"text-align: center;\"><strong>Lysende Gl\u00f8d For Ekstra Moro<\/strong><\/h2>\n<p style=\"text-align: center;\">Ballen lyser opp med sterke, fargerike blink, noe som gj\u00f8r den spesielt spennende \u00e5 bruke i m\u00f8rket. Den gl\u00f8dende funksjonen gj\u00f8r den til et engasjerende element i fester, spill og aktive leke\u00f8kter, b\u00e5de innend\u00f8rs og utend\u00f8rs.<\/p>\n<p><img decoding=\"async\" class=\"alignnone size-medium wp-image-11024 aligncenter\" src=\"https:\/\/keluvo.com\/template\/wp-content\/uploads\/sites\/5\/2025\/02\/81c26150-8db0-468e-ad70-57f55eea0828.webp\" alt=\"\" \/><\/p>\n","protected":false},"excerpt":{"rendered":"<p>Morsom Og Aktiv Lek Den gl\u00f8dende sprettballen oppmuntrer barn til \u00e5 holde seg aktive samtidig som de har det g\u00f8y. [&hellip;]<\/p>\n","protected":false},"featured_media":12298,"comment_status":"open","ping_status":"closed","template":"","meta":{"site-sidebar-layout":"default","site-content-layout":"","ast-site-content-layout":"default","site-content-style":"default","site-sidebar-style":"default","ast-global-header-display":"","ast-banner-title-visibility":"","ast-main-header-display":"","ast-hfb-above-header-display":"","ast-hfb-below-header-display":"","ast-hfb-mobile-header-display":"","site-post-title":"","ast-breadcrumbs-content":"","ast-featured-img":"","footer-sml-layout":"","theme-transparent-header-meta":"default","adv-header-id-meta":"","stick-header-meta":"","header-above-stick-meta":"","header-main-stick-meta":"","header-below-stick-meta":"","astra-migrate-meta-layouts":"set","ast-page-background-enabled":"default","ast-page-background-meta":{"desktop":{"background-color":"var(--ast-global-color-4)","background-image":"","background-repeat":"repeat","background-position":"center center","background-size":"auto","background-attachment":"scroll","background-type":"","background-media":"","overlay-type":"","overlay-color":"","overlay-opacity":"","overlay-gradient":""},"tablet":{"background-color":"","background-image":"","background-repeat":"repeat","background-position":"center center","background-size":"auto","background-attachment":"scroll","background-type":"","background-media":"","overlay-type":"","overlay-color":"","overlay-opacity":"","overlay-gradient":""},"mobile":{"background-color":"","background-image":"","background-repeat":"repeat","background-position":"center center","background-size":"auto","background-attachment":"scroll","background-type":"","background-media":"","overlay-type":"","overlay-color":"","overlay-opacity":"","overlay-gradient":""}},"ast-content-background-meta":{"desktop":{"background-color":"var(--ast-global-color-5)","background-image":"","background-repeat":"repeat","background-position":"center center","background-size":"auto","background-attachment":"scroll","background-type":"","background-media":"","overlay-type":"","overlay-color":"","overlay-opacity":"","overlay-gradient":""},"tablet":{"background-color":"var(--ast-global-color-5)","background-image":"","background-repeat":"repeat","background-position":"center center","background-size":"auto","background-attachment":"scroll","background-type":"","background-media":"","overlay-type":"","overlay-color":"","overlay-opacity":"","overlay-gradient":""},"mobile":{"background-color":"var(--ast-global-color-5)","background-image":"","background-repeat":"repeat","background-position":"center center","background-size":"auto","background-attachment":"scroll","background-type":"","background-media":"","overlay-type":"","overlay-color":"","overlay-opacity":"","overlay-gradient":""}}},"product_brand":[],"product_cat":[990],"product_tag":[],"class_list":{"0":"post-12302","1":"product","2":"type-product","3":"status-publish","4":"has-post-thumbnail","6":"product_cat-leker-barne-og-babyprodukter","7":"pa_39054_ssp3m1ca-bla","8":"pa_39054_ssp3m1ca-gul","9":"pa_39054_ssp3m1ca-rosa","10":"desktop-align-left","11":"tablet-align-left","12":"mobile-align-left","14":"first","15":"instock","16":"shipping-taxable","17":"purchasable","18":"product-type-variable"},"_links":{"self":[{"href":"https:\/\/keluvo.com\/no\/wp-json\/wp\/v2\/product\/12302","targetHints":{"allow":["GET"]}}],"collection":[{"href":"https:\/\/keluvo.com\/no\/wp-json\/wp\/v2\/product"}],"about":[{"href":"https:\/\/keluvo.com\/no\/wp-json\/wp\/v2\/types\/product"}],"replies":[{"embeddable":true,"href":"https:\/\/keluvo.com\/no\/wp-json\/wp\/v2\/comments?post=12302"}],"wp:featuredmedia":[{"embeddable":true,"href":"https:\/\/keluvo.com\/no\/wp-json\/wp\/v2\/media\/12298"}],"wp:attachment":[{"href":"https:\/\/keluvo.com\/no\/wp-json\/wp\/v2\/media?parent=12302"}],"wp:term":[{"taxonomy":"product_brand","embeddable":true,"href":"https:\/\/keluvo.com\/no\/wp-json\/wp\/v2\/product_brand?post=12302"},{"taxonomy":"product_cat","embeddable":true,"href":"https:\/\/keluvo.com\/no\/wp-json\/wp\/v2\/product_cat?post=12302"},{"taxonomy":"product_tag","embeddable":true,"href":"https:\/\/keluvo.com\/no\/wp-json\/wp\/v2\/product_tag?post=12302"}],"curies":[{"name":"wp","href":"https:\/\/api.w.org\/{rel}","templated":true}]}}