{"id":12287,"date":"2025-04-05T16:41:04","date_gmt":"2025-04-05T14:41:04","guid":{"rendered":"https:\/\/keluvo.com\/no\/produkt\/sportsbag-til-midjen\/"},"modified":"2025-09-15T17:28:31","modified_gmt":"2025-09-15T14:28:31","slug":"sportsbag-til-midjen","status":"publish","type":"product","link":"https:\/\/keluvo.com\/no\/produkt\/sportsbag-til-midjen\/","title":{"rendered":"Sportsbag til midjen"},"content":{"rendered":"<h2 style=\"text-align: center;\"><strong>Slitesterk Og Lett Design<\/strong><\/h2>\n<p style=\"text-align: center;\">Sportsbeltetasken er laget av robust nylonmateriale, noe som sikrer at den t\u00e5ler daglig bruk og utend\u00f8rsaktiviteter. Til tross for sin styrke er den lett og enkel \u00e5 b\u00e6re, noe som gj\u00f8r den til den perfekte f\u00f8lgesvenn for l\u00f8ping, fotturer eller sykling. Hold deg aktiv uten ekstra byrde.<\/p>\n<p><img decoding=\"async\" class=\"alignnone size-medium wp-image-8662 aligncenter\" src=\"https:\/\/keluvo.com\/template\/wp-content\/uploads\/sites\/5\/2025\/01\/S56af9484ae1a476ba0e216d12446f1fai.jpg_960x960q75.jpg_.jpeg\" alt=\"\" \/><\/p>\n<h2 style=\"text-align: center;\"><strong>Vanntett Og V\u00e6rbestandig<\/strong><\/h2>\n<p style=\"text-align: center;\">Med sin vanntette design holder midjevesken dine ting trygge og t\u00f8rre under ulike v\u00e6rforhold. Telefonen og andre verdisaker er beskyttet uansett om det regner, svetter eller spruter. Nyt utend\u00f8rsopplevelsene dine med ro i sjelen.<\/p>\n<p><img decoding=\"async\" class=\"alignnone size-medium wp-image-8657 aligncenter\" src=\"https:\/\/keluvo.com\/template\/wp-content\/uploads\/sites\/5\/2025\/01\/S020fe17a7a194f6680f72a3e55552721i.jpg_960x960q75.jpg_.jpeg\" alt=\"\" \/><\/p>\n","protected":false},"excerpt":{"rendered":"<p>Slitesterk Og Lett Design Sportsbeltetasken er laget av robust nylonmateriale, noe som sikrer at den t\u00e5ler daglig bruk og utend\u00f8rsaktiviteter. [&hellip;]<\/p>\n","protected":false},"featured_media":12283,"comment_status":"open","ping_status":"closed","template":"","meta":{"site-sidebar-layout":"default","site-content-layout":"","ast-site-content-layout":"default","site-content-style":"default","site-sidebar-style":"default","ast-global-header-display":"","ast-banner-title-visibility":"","ast-main-header-display":"","ast-hfb-above-header-display":"","ast-hfb-below-header-display":"","ast-hfb-mobile-header-display":"","site-post-title":"","ast-breadcrumbs-content":"","ast-featured-img":"","footer-sml-layout":"","theme-transparent-header-meta":"default","adv-header-id-meta":"","stick-header-meta":"","header-above-stick-meta":"","header-main-stick-meta":"","header-below-stick-meta":"","astra-migrate-meta-layouts":"set","ast-page-background-enabled":"default","ast-page-background-meta":{"desktop":{"background-color":"var(--ast-global-color-4)","background-image":"","background-repeat":"repeat","background-position":"center center","background-size":"auto","background-attachment":"scroll","background-type":"","background-media":"","overlay-type":"","overlay-color":"","overlay-opacity":"","overlay-gradient":""},"tablet":{"background-color":"","background-image":"","background-repeat":"repeat","background-position":"center center","background-size":"auto","background-attachment":"scroll","background-type":"","background-media":"","overlay-type":"","overlay-color":"","overlay-opacity":"","overlay-gradient":""},"mobile":{"background-color":"","background-image":"","background-repeat":"repeat","background-position":"center center","background-size":"auto","background-attachment":"scroll","background-type":"","background-media":"","overlay-type":"","overlay-color":"","overlay-opacity":"","overlay-gradient":""}},"ast-content-background-meta":{"desktop":{"background-color":"var(--ast-global-color-5)","background-image":"","background-repeat":"repeat","background-position":"center center","background-size":"auto","background-attachment":"scroll","background-type":"","background-media":"","overlay-type":"","overlay-color":"","overlay-opacity":"","overlay-gradient":""},"tablet":{"background-color":"var(--ast-global-color-5)","background-image":"","background-repeat":"repeat","background-position":"center center","background-size":"auto","background-attachment":"scroll","background-type":"","background-media":"","overlay-type":"","overlay-color":"","overlay-opacity":"","overlay-gradient":""},"mobile":{"background-color":"var(--ast-global-color-5)","background-image":"","background-repeat":"repeat","background-position":"center center","background-size":"auto","background-attachment":"scroll","background-type":"","background-media":"","overlay-type":"","overlay-color":"","overlay-opacity":"","overlay-gradient":""}}},"product_brand":[],"product_cat":[993],"product_tag":[],"class_list":{"0":"post-12287","1":"product","2":"type-product","3":"status-publish","4":"has-post-thumbnail","6":"product_cat-skotoy-tilbehor","7":"pa_39692_shqqpqpu-bla","8":"pa_39692_shqqpqpu-gronn","9":"pa_39692_shqqpqpu-oransje","10":"pa_39692_shqqpqpu-rose","11":"pa_39692_shqqpqpu-svart","12":"desktop-align-left","13":"tablet-align-left","14":"mobile-align-left","16":"first","17":"instock","18":"shipping-taxable","19":"purchasable","20":"product-type-variable"},"_links":{"self":[{"href":"https:\/\/keluvo.com\/no\/wp-json\/wp\/v2\/product\/12287","targetHints":{"allow":["GET"]}}],"collection":[{"href":"https:\/\/keluvo.com\/no\/wp-json\/wp\/v2\/product"}],"about":[{"href":"https:\/\/keluvo.com\/no\/wp-json\/wp\/v2\/types\/product"}],"replies":[{"embeddable":true,"href":"https:\/\/keluvo.com\/no\/wp-json\/wp\/v2\/comments?post=12287"}],"wp:featuredmedia":[{"embeddable":true,"href":"https:\/\/keluvo.com\/no\/wp-json\/wp\/v2\/media\/12283"}],"wp:attachment":[{"href":"https:\/\/keluvo.com\/no\/wp-json\/wp\/v2\/media?parent=12287"}],"wp:term":[{"taxonomy":"product_brand","embeddable":true,"href":"https:\/\/keluvo.com\/no\/wp-json\/wp\/v2\/product_brand?post=12287"},{"taxonomy":"product_cat","embeddable":true,"href":"https:\/\/keluvo.com\/no\/wp-json\/wp\/v2\/product_cat?post=12287"},{"taxonomy":"product_tag","embeddable":true,"href":"https:\/\/keluvo.com\/no\/wp-json\/wp\/v2\/product_tag?post=12287"}],"curies":[{"name":"wp","href":"https:\/\/api.w.org\/{rel}","templated":true}]}}