{"id":12175,"date":"2025-04-05T15:34:32","date_gmt":"2025-04-05T13:34:32","guid":{"rendered":"https:\/\/keluvo.com\/no\/produkt\/hundeband\/"},"modified":"2025-04-05T15:35:48","modified_gmt":"2025-04-05T13:35:48","slug":"hundeband","status":"publish","type":"product","link":"https:\/\/keluvo.com\/no\/produkt\/hundeband\/","title":{"rendered":"Hundeb\u00e5nd"},"content":{"rendered":"<h2 style=\"text-align: center\"><strong>Sterk Og Slitesterk Design<\/strong><\/h2>\n<p style=\"text-align: center\">Hundeb\u00e5ndet er laget av materialer av h\u00f8y kvalitet, noe som sikrer styrke og holdbarhet for daglig bruk. Enten du g\u00e5r tur med en liten, mellomstor eller stor hund, t\u00e5ler dette b\u00e5ndet kraftige trekk og aktiv lek. Det er bygget for \u00e5 vare, og gir trygghet p\u00e5 hver eneste tur.<\/p>\n<p><img decoding=\"async\" class=\"alignnone size-medium wp-image-8686 aligncenter\" src=\"https:\/\/keluvo.com\/template\/wp-content\/uploads\/sites\/5\/2025\/01\/Sf6c902a5ecd04a06aa39ec47f3fa2f3bH.jpg_960x960q75.jpg_.jpeg\" alt=\"\" \/><\/p>\n<h2 style=\"text-align: center\"><strong>Komfortabelt Og Sikkert Grep<\/strong><\/h2>\n<p style=\"text-align: center\">Designet med et ergonomisk h\u00e5ndtak, gir hundeb\u00e5ndet et komfortabelt og fast grep. Denne funksjonen reduserer belastningen p\u00e5 hendene, selv under lange turer eller med energiske hunder. F\u00f8l at du har kontroll samtidig som du holder kj\u00e6ledyret ditt trygt og sikkert.<\/p>\n<p><img decoding=\"async\" class=\"alignnone size-medium wp-image-8685 aligncenter\" src=\"https:\/\/keluvo.com\/template\/wp-content\/uploads\/sites\/5\/2025\/01\/S0004882ca7f64ecb8b72d1c1615073707.jpg_960x960q75.jpg_.jpeg\" alt=\"\" \/><\/p>\n","protected":false},"excerpt":{"rendered":"<p>Sterk Og Slitesterk Design Hundeb\u00e5ndet er laget av materialer av h\u00f8y kvalitet, noe som sikrer styrke og holdbarhet for daglig [&hellip;]<\/p>\n","protected":false},"featured_media":12171,"comment_status":"open","ping_status":"closed","template":"","meta":{"site-sidebar-layout":"default","site-content-layout":"","ast-site-content-layout":"default","site-content-style":"default","site-sidebar-style":"default","ast-global-header-display":"","ast-banner-title-visibility":"","ast-main-header-display":"","ast-hfb-above-header-display":"","ast-hfb-below-header-display":"","ast-hfb-mobile-header-display":"","site-post-title":"","ast-breadcrumbs-content":"","ast-featured-img":"","footer-sml-layout":"","theme-transparent-header-meta":"default","adv-header-id-meta":"","stick-header-meta":"","header-above-stick-meta":"","header-main-stick-meta":"","header-below-stick-meta":"","astra-migrate-meta-layouts":"set","ast-page-background-enabled":"default","ast-page-background-meta":{"desktop":{"background-color":"var(--ast-global-color-4)","background-image":"","background-repeat":"repeat","background-position":"center center","background-size":"auto","background-attachment":"scroll","background-type":"","background-media":"","overlay-type":"","overlay-color":"","overlay-opacity":"","overlay-gradient":""},"tablet":{"background-color":"","background-image":"","background-repeat":"repeat","background-position":"center center","background-size":"auto","background-attachment":"scroll","background-type":"","background-media":"","overlay-type":"","overlay-color":"","overlay-opacity":"","overlay-gradient":""},"mobile":{"background-color":"","background-image":"","background-repeat":"repeat","background-position":"center center","background-size":"auto","background-attachment":"scroll","background-type":"","background-media":"","overlay-type":"","overlay-color":"","overlay-opacity":"","overlay-gradient":""}},"ast-content-background-meta":{"desktop":{"background-color":"var(--ast-global-color-5)","background-image":"","background-repeat":"repeat","background-position":"center center","background-size":"auto","background-attachment":"scroll","background-type":"","background-media":"","overlay-type":"","overlay-color":"","overlay-opacity":"","overlay-gradient":""},"tablet":{"background-color":"var(--ast-global-color-5)","background-image":"","background-repeat":"repeat","background-position":"center center","background-size":"auto","background-attachment":"scroll","background-type":"","background-media":"","overlay-type":"","overlay-color":"","overlay-opacity":"","overlay-gradient":""},"mobile":{"background-color":"var(--ast-global-color-5)","background-image":"","background-repeat":"repeat","background-position":"center center","background-size":"auto","background-attachment":"scroll","background-type":"","background-media":"","overlay-type":"","overlay-color":"","overlay-opacity":"","overlay-gradient":""}}},"product_brand":[],"product_cat":[997],"product_tag":[],"class_list":{"0":"post-12175","1":"product","2":"type-product","3":"status-publish","4":"has-post-thumbnail","6":"product_cat-husdyrprodukter","7":"pa_39535_e3f7kogm-bla","8":"pa_39535_e3f7kogm-gronn","9":"pa_39535_e3f7kogm-lilla","10":"pa_39535_e3f7kogm-oransje","11":"pa_39535_e3f7kogm-rod","12":"pa_39535_e3f7kogm-rosa","13":"pa_39535_e3f7kogm-svart","14":"pa_39535_qcq29myo-08-cm-150-cm","15":"pa_39535_qcq29myo-08-cm-200-cm","16":"pa_39535_qcq29myo-10-cm-150-cm","17":"pa_39535_qcq29myo-10-cm-200-cm","18":"pa_39535_qcq29myo-12-cm-300-cm","19":"desktop-align-left","20":"tablet-align-left","21":"mobile-align-left","23":"first","24":"instock","25":"shipping-taxable","26":"purchasable","27":"product-type-variable"},"_links":{"self":[{"href":"https:\/\/keluvo.com\/no\/wp-json\/wp\/v2\/product\/12175","targetHints":{"allow":["GET"]}}],"collection":[{"href":"https:\/\/keluvo.com\/no\/wp-json\/wp\/v2\/product"}],"about":[{"href":"https:\/\/keluvo.com\/no\/wp-json\/wp\/v2\/types\/product"}],"replies":[{"embeddable":true,"href":"https:\/\/keluvo.com\/no\/wp-json\/wp\/v2\/comments?post=12175"}],"wp:featuredmedia":[{"embeddable":true,"href":"https:\/\/keluvo.com\/no\/wp-json\/wp\/v2\/media\/12171"}],"wp:attachment":[{"href":"https:\/\/keluvo.com\/no\/wp-json\/wp\/v2\/media?parent=12175"}],"wp:term":[{"taxonomy":"product_brand","embeddable":true,"href":"https:\/\/keluvo.com\/no\/wp-json\/wp\/v2\/product_brand?post=12175"},{"taxonomy":"product_cat","embeddable":true,"href":"https:\/\/keluvo.com\/no\/wp-json\/wp\/v2\/product_cat?post=12175"},{"taxonomy":"product_tag","embeddable":true,"href":"https:\/\/keluvo.com\/no\/wp-json\/wp\/v2\/product_tag?post=12175"}],"curies":[{"name":"wp","href":"https:\/\/api.w.org\/{rel}","templated":true}]}}