{"id":12154,"date":"2025-04-05T15:33:48","date_gmt":"2025-04-05T13:33:48","guid":{"rendered":"https:\/\/keluvo.com\/no\/produkt\/harspenner\/"},"modified":"2025-04-05T15:33:59","modified_gmt":"2025-04-05T13:33:59","slug":"harspenner","status":"publish","type":"product","link":"https:\/\/keluvo.com\/no\/produkt\/harspenner\/","title":{"rendered":"H\u00e5rspenner"},"content":{"rendered":"<h2 style=\"text-align: center\"><strong>Elegant Og Stilig Design<\/strong><\/h2>\n<p style=\"text-align: center\">H\u00e5rspennene har en stor sl\u00f8yfedesign i myk sateng, noe som gir et elegant preg til ethvert antrekk. Disse h\u00e5rspennene er perfekte til b\u00e5de uformelle og formelle anledninger, og er designet for \u00e5 l\u00f8fte stilen din uten problemer.<\/p>\n<p><img decoding=\"async\" class=\"alignnone size-medium wp-image-9363 aligncenter\" src=\"https:\/\/keluvo.com\/template\/wp-content\/uploads\/sites\/5\/2025\/01\/Sd0bf3fc4290c44779ddde83665ea5106x.jpg_960x960q75.jpg_.jpeg\" alt=\"\" \/><\/p>\n<h2 style=\"text-align: center\"><strong>Komfortabel Og Sikker Passform<\/strong><\/h2>\n<p style=\"text-align: center\">Med en solid fj\u00e6rklemme gir h\u00e5rspennene et sikkert grep samtidig som de er sk\u00e5nsomme mot h\u00e5ret ditt. Den lette designen s\u00f8rger for at du kan ha dem p\u00e5 hele dagen uten at det f\u00f8les ubehagelig eller trekker i h\u00e5ret.<\/p>\n<p><img decoding=\"async\" class=\"alignnone size-medium wp-image-9366 aligncenter\" src=\"https:\/\/keluvo.com\/template\/wp-content\/uploads\/sites\/5\/2025\/01\/Se2c9b23ece8041ad8aaa3b2a8d19796am.jpeg\" alt=\"\" \/><\/p>\n","protected":false},"excerpt":{"rendered":"<p>Elegant Og Stilig Design H\u00e5rspennene har en stor sl\u00f8yfedesign i myk sateng, noe som gir et elegant preg til ethvert [&hellip;]<\/p>\n","protected":false},"featured_media":12150,"comment_status":"open","ping_status":"closed","template":"","meta":{"site-sidebar-layout":"default","site-content-layout":"","ast-site-content-layout":"default","site-content-style":"default","site-sidebar-style":"default","ast-global-header-display":"","ast-banner-title-visibility":"","ast-main-header-display":"","ast-hfb-above-header-display":"","ast-hfb-below-header-display":"","ast-hfb-mobile-header-display":"","site-post-title":"","ast-breadcrumbs-content":"","ast-featured-img":"","footer-sml-layout":"","theme-transparent-header-meta":"default","adv-header-id-meta":"","stick-header-meta":"","header-above-stick-meta":"","header-main-stick-meta":"","header-below-stick-meta":"","astra-migrate-meta-layouts":"set","ast-page-background-enabled":"default","ast-page-background-meta":{"desktop":{"background-color":"var(--ast-global-color-4)","background-image":"","background-repeat":"repeat","background-position":"center center","background-size":"auto","background-attachment":"scroll","background-type":"","background-media":"","overlay-type":"","overlay-color":"","overlay-opacity":"","overlay-gradient":""},"tablet":{"background-color":"","background-image":"","background-repeat":"repeat","background-position":"center center","background-size":"auto","background-attachment":"scroll","background-type":"","background-media":"","overlay-type":"","overlay-color":"","overlay-opacity":"","overlay-gradient":""},"mobile":{"background-color":"","background-image":"","background-repeat":"repeat","background-position":"center center","background-size":"auto","background-attachment":"scroll","background-type":"","background-media":"","overlay-type":"","overlay-color":"","overlay-opacity":"","overlay-gradient":""}},"ast-content-background-meta":{"desktop":{"background-color":"var(--ast-global-color-5)","background-image":"","background-repeat":"repeat","background-position":"center center","background-size":"auto","background-attachment":"scroll","background-type":"","background-media":"","overlay-type":"","overlay-color":"","overlay-opacity":"","overlay-gradient":""},"tablet":{"background-color":"var(--ast-global-color-5)","background-image":"","background-repeat":"repeat","background-position":"center center","background-size":"auto","background-attachment":"scroll","background-type":"","background-media":"","overlay-type":"","overlay-color":"","overlay-opacity":"","overlay-gradient":""},"mobile":{"background-color":"var(--ast-global-color-5)","background-image":"","background-repeat":"repeat","background-position":"center center","background-size":"auto","background-attachment":"scroll","background-type":"","background-media":"","overlay-type":"","overlay-color":"","overlay-opacity":"","overlay-gradient":""}}},"product_brand":[],"product_cat":[993],"product_tag":[],"class_list":{"0":"post-12154","1":"product","2":"type-product","3":"status-publish","4":"has-post-thumbnail","6":"product_cat-skotoy-tilbehor","7":"pa_43876_25dhyd7u-beige","8":"pa_43876_25dhyd7u-gronn","9":"pa_43876_25dhyd7u-khaki","10":"pa_43876_25dhyd7u-lilla","11":"pa_43876_25dhyd7u-marinen","12":"pa_43876_25dhyd7u-rod","13":"pa_43876_25dhyd7u-rosa","14":"pa_43876_25dhyd7u-svart","15":"desktop-align-left","16":"tablet-align-left","17":"mobile-align-left","19":"first","20":"instock","21":"shipping-taxable","22":"purchasable","23":"product-type-variable"},"_links":{"self":[{"href":"https:\/\/keluvo.com\/no\/wp-json\/wp\/v2\/product\/12154","targetHints":{"allow":["GET"]}}],"collection":[{"href":"https:\/\/keluvo.com\/no\/wp-json\/wp\/v2\/product"}],"about":[{"href":"https:\/\/keluvo.com\/no\/wp-json\/wp\/v2\/types\/product"}],"replies":[{"embeddable":true,"href":"https:\/\/keluvo.com\/no\/wp-json\/wp\/v2\/comments?post=12154"}],"wp:featuredmedia":[{"embeddable":true,"href":"https:\/\/keluvo.com\/no\/wp-json\/wp\/v2\/media\/12150"}],"wp:attachment":[{"href":"https:\/\/keluvo.com\/no\/wp-json\/wp\/v2\/media?parent=12154"}],"wp:term":[{"taxonomy":"product_brand","embeddable":true,"href":"https:\/\/keluvo.com\/no\/wp-json\/wp\/v2\/product_brand?post=12154"},{"taxonomy":"product_cat","embeddable":true,"href":"https:\/\/keluvo.com\/no\/wp-json\/wp\/v2\/product_cat?post=12154"},{"taxonomy":"product_tag","embeddable":true,"href":"https:\/\/keluvo.com\/no\/wp-json\/wp\/v2\/product_tag?post=12154"}],"curies":[{"name":"wp","href":"https:\/\/api.w.org\/{rel}","templated":true}]}}