{"id":12145,"date":"2025-04-05T15:33:26","date_gmt":"2025-04-05T13:33:26","guid":{"rendered":"https:\/\/keluvo.com\/no\/produkt\/rakettboblemaskin\/"},"modified":"2025-04-05T15:33:30","modified_gmt":"2025-04-05T13:33:30","slug":"rakettboblemaskin","status":"publish","type":"product","link":"https:\/\/keluvo.com\/no\/produkt\/rakettboblemaskin\/","title":{"rendered":"Rakettboblemaskin"},"content":{"rendered":"<h2 style=\"text-align: center\"><strong>Morsom Boblelek For Alle<\/strong><\/h2>\n<p style=\"text-align: center\">Rakettboblemaskinen skaper endel\u00f8se bobler, noe som gj\u00f8r den perfekt for lek b\u00e5de innend\u00f8rs og utend\u00f8rs. Enten det er bursdagsfest, piknik eller en enkel ettermiddag i hagen, vil b\u00e5de barn og voksne nyte den magiske bobleopplevelsen.<\/p>\n<p><img decoding=\"async\" class=\"alignnone size-medium wp-image-11640 aligncenter\" src=\"https:\/\/keluvo.com\/template\/wp-content\/uploads\/sites\/5\/2025\/02\/S9cea0d3c2ebe4069a1a75969281a562f9.jpeg\" alt=\"\" \/><\/p>\n<h2 style=\"text-align: center\"><strong>I\u00f8ynefallende Rakettdesign<\/strong><\/h2>\n<p style=\"text-align: center\">Med sin unike rakettform tilf\u00f8rer rakettboblemaskinen spenning til enhver begivenhet. Designet er b\u00e5de morsomt og praktisk, noe som gj\u00f8r den enkel \u00e5 h\u00e5ndtere og en flott rekvisitt for kreative bilder under spesielle anledninger.<\/p>\n<p><img decoding=\"async\" class=\"alignnone size-medium wp-image-11641 aligncenter\" src=\"https:\/\/keluvo.com\/template\/wp-content\/uploads\/sites\/5\/2025\/02\/S48f1d2f5559643f2a7c7aecddac83f92G.jpeg\" alt=\"\" \/><\/p>\n","protected":false},"excerpt":{"rendered":"<p>Morsom Boblelek For Alle Rakettboblemaskinen skaper endel\u00f8se bobler, noe som gj\u00f8r den perfekt for lek b\u00e5de innend\u00f8rs og utend\u00f8rs. Enten [&hellip;]<\/p>\n","protected":false},"featured_media":12141,"comment_status":"open","ping_status":"closed","template":"","meta":{"site-sidebar-layout":"default","site-content-layout":"","ast-site-content-layout":"default","site-content-style":"default","site-sidebar-style":"default","ast-global-header-display":"","ast-banner-title-visibility":"","ast-main-header-display":"","ast-hfb-above-header-display":"","ast-hfb-below-header-display":"","ast-hfb-mobile-header-display":"","site-post-title":"","ast-breadcrumbs-content":"","ast-featured-img":"","footer-sml-layout":"","theme-transparent-header-meta":"default","adv-header-id-meta":"","stick-header-meta":"","header-above-stick-meta":"","header-main-stick-meta":"","header-below-stick-meta":"","astra-migrate-meta-layouts":"set","ast-page-background-enabled":"default","ast-page-background-meta":{"desktop":{"background-color":"var(--ast-global-color-4)","background-image":"","background-repeat":"repeat","background-position":"center center","background-size":"auto","background-attachment":"scroll","background-type":"","background-media":"","overlay-type":"","overlay-color":"","overlay-opacity":"","overlay-gradient":""},"tablet":{"background-color":"","background-image":"","background-repeat":"repeat","background-position":"center center","background-size":"auto","background-attachment":"scroll","background-type":"","background-media":"","overlay-type":"","overlay-color":"","overlay-opacity":"","overlay-gradient":""},"mobile":{"background-color":"","background-image":"","background-repeat":"repeat","background-position":"center center","background-size":"auto","background-attachment":"scroll","background-type":"","background-media":"","overlay-type":"","overlay-color":"","overlay-opacity":"","overlay-gradient":""}},"ast-content-background-meta":{"desktop":{"background-color":"var(--ast-global-color-5)","background-image":"","background-repeat":"repeat","background-position":"center center","background-size":"auto","background-attachment":"scroll","background-type":"","background-media":"","overlay-type":"","overlay-color":"","overlay-opacity":"","overlay-gradient":""},"tablet":{"background-color":"var(--ast-global-color-5)","background-image":"","background-repeat":"repeat","background-position":"center center","background-size":"auto","background-attachment":"scroll","background-type":"","background-media":"","overlay-type":"","overlay-color":"","overlay-opacity":"","overlay-gradient":""},"mobile":{"background-color":"var(--ast-global-color-5)","background-image":"","background-repeat":"repeat","background-position":"center center","background-size":"auto","background-attachment":"scroll","background-type":"","background-media":"","overlay-type":"","overlay-color":"","overlay-opacity":"","overlay-gradient":""}}},"product_brand":[],"product_cat":[990],"product_tag":[],"class_list":{"0":"post-12145","1":"product","2":"type-product","3":"status-publish","4":"has-post-thumbnail","6":"product_cat-leker-barne-og-babyprodukter","7":"pa_37971_en70vfuk-bla","8":"pa_37971_en70vfuk-rosa","9":"desktop-align-left","10":"tablet-align-left","11":"mobile-align-left","13":"first","14":"instock","15":"shipping-taxable","16":"purchasable","17":"product-type-variable"},"_links":{"self":[{"href":"https:\/\/keluvo.com\/no\/wp-json\/wp\/v2\/product\/12145","targetHints":{"allow":["GET"]}}],"collection":[{"href":"https:\/\/keluvo.com\/no\/wp-json\/wp\/v2\/product"}],"about":[{"href":"https:\/\/keluvo.com\/no\/wp-json\/wp\/v2\/types\/product"}],"replies":[{"embeddable":true,"href":"https:\/\/keluvo.com\/no\/wp-json\/wp\/v2\/comments?post=12145"}],"wp:featuredmedia":[{"embeddable":true,"href":"https:\/\/keluvo.com\/no\/wp-json\/wp\/v2\/media\/12141"}],"wp:attachment":[{"href":"https:\/\/keluvo.com\/no\/wp-json\/wp\/v2\/media?parent=12145"}],"wp:term":[{"taxonomy":"product_brand","embeddable":true,"href":"https:\/\/keluvo.com\/no\/wp-json\/wp\/v2\/product_brand?post=12145"},{"taxonomy":"product_cat","embeddable":true,"href":"https:\/\/keluvo.com\/no\/wp-json\/wp\/v2\/product_cat?post=12145"},{"taxonomy":"product_tag","embeddable":true,"href":"https:\/\/keluvo.com\/no\/wp-json\/wp\/v2\/product_tag?post=12145"}],"curies":[{"name":"wp","href":"https:\/\/api.w.org\/{rel}","templated":true}]}}