{"id":12111,"date":"2025-04-05T15:32:00","date_gmt":"2025-04-05T13:32:00","guid":{"rendered":"https:\/\/keluvo.com\/no\/produkt\/polymer-lekematte\/"},"modified":"2025-04-05T15:32:19","modified_gmt":"2025-04-05T13:32:19","slug":"polymer-lekematte","status":"publish","type":"product","link":"https:\/\/keluvo.com\/no\/produkt\/polymer-lekematte\/","title":{"rendered":"Polymer lekematte"},"content":{"rendered":"<h2 style=\"text-align: center\"><strong>Myk Og Behagelig Demping<\/strong><\/h2>\n<p style=\"text-align: center\">Polymerlekematten er laget av EVA-skum med h\u00f8y tetthet som gir utmerket demping. Den 0,4-tommers tykkelsen beskytter babyens ryggrad, hofter og kn\u00e6r under lek, noe som sikrer en trygg og komfortabel overflate p\u00e5 harde gulv.<\/p>\n<p><img decoding=\"async\" class=\"alignnone size-medium wp-image-8574 aligncenter\" src=\"https:\/\/keluvo.com\/template\/wp-content\/uploads\/sites\/5\/2025\/01\/Sb90655c8189b4e569f31588bd825b0c5l.jpg_960x960q75.jpg_.jpeg\" alt=\"\" \/><\/p>\n<h2 style=\"text-align: center\"><strong>Allsidig Og Tilpasningsdyktig<\/strong><\/h2>\n<p style=\"text-align: center\">Den sammenl\u00e5sende designen gj\u00f8r at du kan kombinere polymerlekematteflisene i forskjellige fargem\u00f8nstre for \u00e5 passe til din stil eller plass. Perfekt for bruk p\u00e5 soverom, i stuer eller lekerom, og passer perfekt til babyaktiviteter, yoga, fitness eller til \u00e5 skape et koselig lekeomr\u00e5de.<\/p>\n<p><img decoding=\"async\" class=\"alignnone size-medium wp-image-8576 aligncenter\" src=\"https:\/\/keluvo.com\/template\/wp-content\/uploads\/sites\/5\/2025\/01\/S56349a13bb7943e4b55136450a13a196l.jpg_960x960q75.jpg_.jpeg\" alt=\"\" \/><\/p>\n","protected":false},"excerpt":{"rendered":"<p>Myk Og Behagelig Demping Polymerlekematten er laget av EVA-skum med h\u00f8y tetthet som gir utmerket demping. Den 0,4-tommers tykkelsen beskytter [&hellip;]<\/p>\n","protected":false},"featured_media":12107,"comment_status":"open","ping_status":"closed","template":"","meta":{"site-sidebar-layout":"default","site-content-layout":"","ast-site-content-layout":"default","site-content-style":"default","site-sidebar-style":"default","ast-global-header-display":"","ast-banner-title-visibility":"","ast-main-header-display":"","ast-hfb-above-header-display":"","ast-hfb-below-header-display":"","ast-hfb-mobile-header-display":"","site-post-title":"","ast-breadcrumbs-content":"","ast-featured-img":"","footer-sml-layout":"","theme-transparent-header-meta":"default","adv-header-id-meta":"","stick-header-meta":"","header-above-stick-meta":"","header-main-stick-meta":"","header-below-stick-meta":"","astra-migrate-meta-layouts":"set","ast-page-background-enabled":"default","ast-page-background-meta":{"desktop":{"background-color":"var(--ast-global-color-4)","background-image":"","background-repeat":"repeat","background-position":"center center","background-size":"auto","background-attachment":"scroll","background-type":"","background-media":"","overlay-type":"","overlay-color":"","overlay-opacity":"","overlay-gradient":""},"tablet":{"background-color":"","background-image":"","background-repeat":"repeat","background-position":"center center","background-size":"auto","background-attachment":"scroll","background-type":"","background-media":"","overlay-type":"","overlay-color":"","overlay-opacity":"","overlay-gradient":""},"mobile":{"background-color":"","background-image":"","background-repeat":"repeat","background-position":"center center","background-size":"auto","background-attachment":"scroll","background-type":"","background-media":"","overlay-type":"","overlay-color":"","overlay-opacity":"","overlay-gradient":""}},"ast-content-background-meta":{"desktop":{"background-color":"var(--ast-global-color-5)","background-image":"","background-repeat":"repeat","background-position":"center center","background-size":"auto","background-attachment":"scroll","background-type":"","background-media":"","overlay-type":"","overlay-color":"","overlay-opacity":"","overlay-gradient":""},"tablet":{"background-color":"var(--ast-global-color-5)","background-image":"","background-repeat":"repeat","background-position":"center center","background-size":"auto","background-attachment":"scroll","background-type":"","background-media":"","overlay-type":"","overlay-color":"","overlay-opacity":"","overlay-gradient":""},"mobile":{"background-color":"var(--ast-global-color-5)","background-image":"","background-repeat":"repeat","background-position":"center center","background-size":"auto","background-attachment":"scroll","background-type":"","background-media":"","overlay-type":"","overlay-color":"","overlay-opacity":"","overlay-gradient":""}}},"product_brand":[],"product_cat":[1001],"product_tag":[],"class_list":{"0":"post-12111","1":"product","2":"type-product","3":"status-publish","4":"has-post-thumbnail","6":"product_cat-husholdningsartikler","7":"pa_40695_2yfjmyog-bla-gul","8":"pa_40695_2yfjmyog-bla-hvit","9":"pa_40695_2yfjmyog-brun-hvit","10":"pa_40695_2yfjmyog-gra-hvit","11":"pa_40695_2yfjmyog-rosa-hvit","12":"pa_40695_r0obmlb7-16-stk","13":"pa_40695_r0obmlb7-8-stk","14":"desktop-align-left","15":"tablet-align-left","16":"mobile-align-left","18":"first","19":"instock","20":"shipping-taxable","21":"purchasable","22":"product-type-variable"},"_links":{"self":[{"href":"https:\/\/keluvo.com\/no\/wp-json\/wp\/v2\/product\/12111","targetHints":{"allow":["GET"]}}],"collection":[{"href":"https:\/\/keluvo.com\/no\/wp-json\/wp\/v2\/product"}],"about":[{"href":"https:\/\/keluvo.com\/no\/wp-json\/wp\/v2\/types\/product"}],"replies":[{"embeddable":true,"href":"https:\/\/keluvo.com\/no\/wp-json\/wp\/v2\/comments?post=12111"}],"wp:featuredmedia":[{"embeddable":true,"href":"https:\/\/keluvo.com\/no\/wp-json\/wp\/v2\/media\/12107"}],"wp:attachment":[{"href":"https:\/\/keluvo.com\/no\/wp-json\/wp\/v2\/media?parent=12111"}],"wp:term":[{"taxonomy":"product_brand","embeddable":true,"href":"https:\/\/keluvo.com\/no\/wp-json\/wp\/v2\/product_brand?post=12111"},{"taxonomy":"product_cat","embeddable":true,"href":"https:\/\/keluvo.com\/no\/wp-json\/wp\/v2\/product_cat?post=12111"},{"taxonomy":"product_tag","embeddable":true,"href":"https:\/\/keluvo.com\/no\/wp-json\/wp\/v2\/product_tag?post=12111"}],"curies":[{"name":"wp","href":"https:\/\/api.w.org\/{rel}","templated":true}]}}