{"id":12089,"date":"2025-04-05T14:45:35","date_gmt":"2025-04-05T12:45:35","guid":{"rendered":"https:\/\/keluvo.com\/no\/produkt\/trekantet-brettspill\/"},"modified":"2025-04-07T21:36:30","modified_gmt":"2025-04-07T19:36:30","slug":"trekantet-brettspill","status":"publish","type":"product","link":"https:\/\/keluvo.com\/no\/produkt\/trekantet-brettspill\/","title":{"rendered":"Trekantet brettspill"},"content":{"rendered":"<h2 style=\"text-align: center;\"><strong>Spennende Strategi For Alle<\/strong><\/h2>\n<p style=\"text-align: center;\">Det trekantede brettspillet byr p\u00e5 en engasjerende strategiopplevelse for b\u00e5de barn og voksne. Perfekt for familiekvelder, det oppmuntrer til kritisk tenkning og vennlig konkurranse. Det dynamiske spillet s\u00f8rger for timevis med moro og underholdning for spillere i alle aldre.<\/p>\n<p><img decoding=\"async\" class=\"alignnone size-medium wp-image-8010 aligncenter\" src=\"https:\/\/keluvo.com\/template\/wp-content\/uploads\/sites\/5\/2025\/01\/S59e6732e57274ad581a1c4d126fb77f6U.jpg_960x960q75.jpg_.jpeg\" \/><\/p>\n<h2 style=\"text-align: center;\"><strong>Kompakt Og Reisevennlig<\/strong><\/h2>\n<p style=\"text-align: center;\">Pakket i en lett plastpose er det trekantede brettspillet enkelt \u00e5 b\u00e6re og oppbevare. Den kompakte designen gj\u00f8r det til et godt valg for spillkvelder hjemme eller p\u00e5 reise. Nyt spenningen ved et strategispill uansett hvor du er.<\/p>\n<p><img decoding=\"async\" class=\"alignnone size-medium wp-image-8009 aligncenter\" src=\"https:\/\/keluvo.com\/template\/wp-content\/uploads\/sites\/5\/2025\/01\/S9ef6483a11974b4d90edb41c261a2e4aI.jpg_960x960q75.jpg_.jpeg\" \/><\/p>\n","protected":false},"excerpt":{"rendered":"<p>Spennende Strategi For Alle Det trekantede brettspillet byr p\u00e5 en engasjerende strategiopplevelse for b\u00e5de barn og voksne. Perfekt for familiekvelder, [&hellip;]<\/p>\n","protected":false},"featured_media":12085,"comment_status":"open","ping_status":"closed","template":"","meta":{"site-sidebar-layout":"default","site-content-layout":"","ast-site-content-layout":"default","site-content-style":"default","site-sidebar-style":"default","ast-global-header-display":"","ast-banner-title-visibility":"","ast-main-header-display":"","ast-hfb-above-header-display":"","ast-hfb-below-header-display":"","ast-hfb-mobile-header-display":"","site-post-title":"","ast-breadcrumbs-content":"","ast-featured-img":"","footer-sml-layout":"","theme-transparent-header-meta":"default","adv-header-id-meta":"","stick-header-meta":"","header-above-stick-meta":"","header-main-stick-meta":"","header-below-stick-meta":"","astra-migrate-meta-layouts":"set","ast-page-background-enabled":"default","ast-page-background-meta":{"desktop":{"background-color":"var(--ast-global-color-4)","background-image":"","background-repeat":"repeat","background-position":"center center","background-size":"auto","background-attachment":"scroll","background-type":"","background-media":"","overlay-type":"","overlay-color":"","overlay-opacity":"","overlay-gradient":""},"tablet":{"background-color":"","background-image":"","background-repeat":"repeat","background-position":"center center","background-size":"auto","background-attachment":"scroll","background-type":"","background-media":"","overlay-type":"","overlay-color":"","overlay-opacity":"","overlay-gradient":""},"mobile":{"background-color":"","background-image":"","background-repeat":"repeat","background-position":"center center","background-size":"auto","background-attachment":"scroll","background-type":"","background-media":"","overlay-type":"","overlay-color":"","overlay-opacity":"","overlay-gradient":""}},"ast-content-background-meta":{"desktop":{"background-color":"var(--ast-global-color-5)","background-image":"","background-repeat":"repeat","background-position":"center center","background-size":"auto","background-attachment":"scroll","background-type":"","background-media":"","overlay-type":"","overlay-color":"","overlay-opacity":"","overlay-gradient":""},"tablet":{"background-color":"var(--ast-global-color-5)","background-image":"","background-repeat":"repeat","background-position":"center center","background-size":"auto","background-attachment":"scroll","background-type":"","background-media":"","overlay-type":"","overlay-color":"","overlay-opacity":"","overlay-gradient":""},"mobile":{"background-color":"var(--ast-global-color-5)","background-image":"","background-repeat":"repeat","background-position":"center center","background-size":"auto","background-attachment":"scroll","background-type":"","background-media":"","overlay-type":"","overlay-color":"","overlay-opacity":"","overlay-gradient":""}}},"product_brand":[],"product_cat":[990],"product_tag":[],"class_list":{"0":"post-12089","1":"product","2":"type-product","3":"status-publish","4":"has-post-thumbnail","6":"product_cat-leker-barne-og-babyprodukter","7":"pa_45509_joxngmsv-17x15-cm","8":"pa_45509_joxngmsv-23x21-cm","9":"pa_45509_joxngmsv-28x25-cm","10":"desktop-align-left","11":"tablet-align-left","12":"mobile-align-left","14":"first","15":"instock","16":"shipping-taxable","17":"purchasable","18":"product-type-simple"},"_links":{"self":[{"href":"https:\/\/keluvo.com\/no\/wp-json\/wp\/v2\/product\/12089","targetHints":{"allow":["GET"]}}],"collection":[{"href":"https:\/\/keluvo.com\/no\/wp-json\/wp\/v2\/product"}],"about":[{"href":"https:\/\/keluvo.com\/no\/wp-json\/wp\/v2\/types\/product"}],"replies":[{"embeddable":true,"href":"https:\/\/keluvo.com\/no\/wp-json\/wp\/v2\/comments?post=12089"}],"wp:featuredmedia":[{"embeddable":true,"href":"https:\/\/keluvo.com\/no\/wp-json\/wp\/v2\/media\/12085"}],"wp:attachment":[{"href":"https:\/\/keluvo.com\/no\/wp-json\/wp\/v2\/media?parent=12089"}],"wp:term":[{"taxonomy":"product_brand","embeddable":true,"href":"https:\/\/keluvo.com\/no\/wp-json\/wp\/v2\/product_brand?post=12089"},{"taxonomy":"product_cat","embeddable":true,"href":"https:\/\/keluvo.com\/no\/wp-json\/wp\/v2\/product_cat?post=12089"},{"taxonomy":"product_tag","embeddable":true,"href":"https:\/\/keluvo.com\/no\/wp-json\/wp\/v2\/product_tag?post=12089"}],"curies":[{"name":"wp","href":"https:\/\/api.w.org\/{rel}","templated":true}]}}