{"id":12079,"date":"2025-04-05T14:44:21","date_gmt":"2025-04-05T12:44:21","guid":{"rendered":"https:\/\/keluvo.com\/no\/produkt\/produsent-av-krystallregnbuer\/"},"modified":"2025-04-07T21:38:01","modified_gmt":"2025-04-07T19:38:01","slug":"produsent-av-krystallregnbuer","status":"publish","type":"product","link":"https:\/\/keluvo.com\/no\/produkt\/produsent-av-krystallregnbuer\/","title":{"rendered":"Produsent av krystallregnbuer"},"content":{"rendered":"<h2 style=\"text-align: center;\"><strong>Skaper Fantastiske Regnbuer<\/strong><\/h2>\n<p style=\"text-align: center;\">Regnbuemakeren i krystall reflekterer lyset vakkert n\u00e5r den plasseres i direkte sollys, og fyller rommet ditt med livlige, fargerike regnbuer. Det er en perfekt m\u00e5te \u00e5 lyse opp rommet ditt p\u00e5 og skape en munter atmosf\u00e6re.<\/p>\n<p><img decoding=\"async\" class=\"alignnone size-medium wp-image-6046 aligncenter\" src=\"https:\/\/keluvo.com\/template\/wp-content\/uploads\/sites\/5\/2024\/12\/Se075a0c8777b41409bde8ee2ca0bf4ees.jpeg\" alt=\"\" \/><\/p>\n<h2 style=\"text-align: center;\"><strong>Allsidig Dekorasjonsobjekt<\/strong><\/h2>\n<p style=\"text-align: center;\">Denne elegante regnbuemakeren i krystall kan henges i vinduer, hager, d\u00f8r\u00e5pninger eller p\u00e5 juletr\u00e6r. Den glitrende designen gir et snev av sjarm til ethvert milj\u00f8, enten det er innend\u00f8rs eller utend\u00f8rs.<\/p>\n<p><img decoding=\"async\" class=\"alignnone size-medium wp-image-6047 aligncenter\" src=\"https:\/\/keluvo.com\/template\/wp-content\/uploads\/sites\/5\/2024\/12\/S8e2a7efc35384291bb63dba94157b05f9.jpeg\" alt=\"\" \/><\/p>\n","protected":false},"excerpt":{"rendered":"<p>Skaper Fantastiske Regnbuer Regnbuemakeren i krystall reflekterer lyset vakkert n\u00e5r den plasseres i direkte sollys, og fyller rommet ditt med [&hellip;]<\/p>\n","protected":false},"featured_media":12075,"comment_status":"open","ping_status":"closed","template":"","meta":{"site-sidebar-layout":"default","site-content-layout":"","ast-site-content-layout":"default","site-content-style":"default","site-sidebar-style":"default","ast-global-header-display":"","ast-banner-title-visibility":"","ast-main-header-display":"","ast-hfb-above-header-display":"","ast-hfb-below-header-display":"","ast-hfb-mobile-header-display":"","site-post-title":"","ast-breadcrumbs-content":"","ast-featured-img":"","footer-sml-layout":"","theme-transparent-header-meta":"default","adv-header-id-meta":"","stick-header-meta":"","header-above-stick-meta":"","header-main-stick-meta":"","header-below-stick-meta":"","astra-migrate-meta-layouts":"set","ast-page-background-enabled":"default","ast-page-background-meta":{"desktop":{"background-color":"var(--ast-global-color-4)","background-image":"","background-repeat":"repeat","background-position":"center center","background-size":"auto","background-attachment":"scroll","background-type":"","background-media":"","overlay-type":"","overlay-color":"","overlay-opacity":"","overlay-gradient":""},"tablet":{"background-color":"","background-image":"","background-repeat":"repeat","background-position":"center center","background-size":"auto","background-attachment":"scroll","background-type":"","background-media":"","overlay-type":"","overlay-color":"","overlay-opacity":"","overlay-gradient":""},"mobile":{"background-color":"","background-image":"","background-repeat":"repeat","background-position":"center center","background-size":"auto","background-attachment":"scroll","background-type":"","background-media":"","overlay-type":"","overlay-color":"","overlay-opacity":"","overlay-gradient":""}},"ast-content-background-meta":{"desktop":{"background-color":"var(--ast-global-color-5)","background-image":"","background-repeat":"repeat","background-position":"center center","background-size":"auto","background-attachment":"scroll","background-type":"","background-media":"","overlay-type":"","overlay-color":"","overlay-opacity":"","overlay-gradient":""},"tablet":{"background-color":"var(--ast-global-color-5)","background-image":"","background-repeat":"repeat","background-position":"center center","background-size":"auto","background-attachment":"scroll","background-type":"","background-media":"","overlay-type":"","overlay-color":"","overlay-opacity":"","overlay-gradient":""},"mobile":{"background-color":"var(--ast-global-color-5)","background-image":"","background-repeat":"repeat","background-position":"center center","background-size":"auto","background-attachment":"scroll","background-type":"","background-media":"","overlay-type":"","overlay-color":"","overlay-opacity":"","overlay-gradient":""}}},"product_brand":[],"product_cat":[993],"product_tag":[],"class_list":{"0":"post-12079","1":"product","2":"type-product","3":"status-publish","4":"has-post-thumbnail","6":"product_cat-skotoy-tilbehor","7":"desktop-align-left","8":"tablet-align-left","9":"mobile-align-left","11":"first","12":"instock","13":"shipping-taxable","14":"purchasable","15":"product-type-simple"},"_links":{"self":[{"href":"https:\/\/keluvo.com\/no\/wp-json\/wp\/v2\/product\/12079","targetHints":{"allow":["GET"]}}],"collection":[{"href":"https:\/\/keluvo.com\/no\/wp-json\/wp\/v2\/product"}],"about":[{"href":"https:\/\/keluvo.com\/no\/wp-json\/wp\/v2\/types\/product"}],"replies":[{"embeddable":true,"href":"https:\/\/keluvo.com\/no\/wp-json\/wp\/v2\/comments?post=12079"}],"wp:featuredmedia":[{"embeddable":true,"href":"https:\/\/keluvo.com\/no\/wp-json\/wp\/v2\/media\/12075"}],"wp:attachment":[{"href":"https:\/\/keluvo.com\/no\/wp-json\/wp\/v2\/media?parent=12079"}],"wp:term":[{"taxonomy":"product_brand","embeddable":true,"href":"https:\/\/keluvo.com\/no\/wp-json\/wp\/v2\/product_brand?post=12079"},{"taxonomy":"product_cat","embeddable":true,"href":"https:\/\/keluvo.com\/no\/wp-json\/wp\/v2\/product_cat?post=12079"},{"taxonomy":"product_tag","embeddable":true,"href":"https:\/\/keluvo.com\/no\/wp-json\/wp\/v2\/product_tag?post=12079"}],"curies":[{"name":"wp","href":"https:\/\/api.w.org\/{rel}","templated":true}]}}