{"id":12064,"date":"2025-04-05T14:38:45","date_gmt":"2025-04-05T12:38:45","guid":{"rendered":"https:\/\/keluvo.com\/no\/produkt\/reparasjonslim-for-metall\/"},"modified":"2025-04-05T14:38:45","modified_gmt":"2025-04-05T12:38:45","slug":"reparasjonslim-for-metall","status":"publish","type":"product","link":"https:\/\/keluvo.com\/no\/produkt\/reparasjonslim-for-metall\/","title":{"rendered":"Reparasjonslim for metall"},"content":{"rendered":"<h2 style=\"text-align: center\"><strong>Sterk Og Holdbar Vedheft<\/strong><\/h2>\n<p style=\"text-align: center\">Metallreparasjonslimet har h\u00f8y vedheftsstyrke, noe som gj\u00f8r det ideelt for reparasjon av metaller, st\u00f8pejern og andre overflater. Det holdbare limet sikrer langvarige resultater, og forenkler selv de mest komplekse reparasjonsoppgavene.<\/p>\n<p style=\"text-align: center\"><img decoding=\"async\" class=\"alignnone size-medium wp-image-9590\" src=\"https:\/\/keluvo.com\/template\/wp-content\/uploads\/sites\/5\/2025\/01\/85da188f-496d-4626-a5a9-f587baac03f3.webp\" alt=\"\" \/><\/p>\n<h2 style=\"text-align: center\"><strong>Enkelt \u00c5 Bruke<\/strong><\/h2>\n<p style=\"text-align: center\">Dette metallreparasjonslimet leveres med et praktisk brett og en pinne som gj\u00f8r det mulig \u00e5 blande og p\u00e5f\u00f8re limet n\u00f8yaktig. Uansett om du skal reparere sm\u00e5 sprekker eller st\u00f8rre brudd, gir det en jevn og enkel reparasjonsprosess.<\/p>\n<p><img decoding=\"async\" class=\"alignnone size-medium wp-image-9592 aligncenter\" src=\"https:\/\/keluvo.com\/template\/wp-content\/uploads\/sites\/5\/2025\/01\/b6e0a855-fe20-49aa-a93e-40e122666057.webp\" alt=\"\" \/><\/p>\n","protected":false},"excerpt":{"rendered":"<p>Sterk Og Holdbar Vedheft Metallreparasjonslimet har h\u00f8y vedheftsstyrke, noe som gj\u00f8r det ideelt for reparasjon av metaller, st\u00f8pejern og andre [&hellip;]<\/p>\n","protected":false},"featured_media":12060,"comment_status":"open","ping_status":"closed","template":"","meta":{"site-sidebar-layout":"default","site-content-layout":"","ast-site-content-layout":"default","site-content-style":"default","site-sidebar-style":"default","ast-global-header-display":"","ast-banner-title-visibility":"","ast-main-header-display":"","ast-hfb-above-header-display":"","ast-hfb-below-header-display":"","ast-hfb-mobile-header-display":"","site-post-title":"","ast-breadcrumbs-content":"","ast-featured-img":"","footer-sml-layout":"","theme-transparent-header-meta":"default","adv-header-id-meta":"","stick-header-meta":"","header-above-stick-meta":"","header-main-stick-meta":"","header-below-stick-meta":"","astra-migrate-meta-layouts":"set","ast-page-background-enabled":"default","ast-page-background-meta":{"desktop":{"background-color":"var(--ast-global-color-4)","background-image":"","background-repeat":"repeat","background-position":"center center","background-size":"auto","background-attachment":"scroll","background-type":"","background-media":"","overlay-type":"","overlay-color":"","overlay-opacity":"","overlay-gradient":""},"tablet":{"background-color":"","background-image":"","background-repeat":"repeat","background-position":"center center","background-size":"auto","background-attachment":"scroll","background-type":"","background-media":"","overlay-type":"","overlay-color":"","overlay-opacity":"","overlay-gradient":""},"mobile":{"background-color":"","background-image":"","background-repeat":"repeat","background-position":"center center","background-size":"auto","background-attachment":"scroll","background-type":"","background-media":"","overlay-type":"","overlay-color":"","overlay-opacity":"","overlay-gradient":""}},"ast-content-background-meta":{"desktop":{"background-color":"var(--ast-global-color-5)","background-image":"","background-repeat":"repeat","background-position":"center center","background-size":"auto","background-attachment":"scroll","background-type":"","background-media":"","overlay-type":"","overlay-color":"","overlay-opacity":"","overlay-gradient":""},"tablet":{"background-color":"var(--ast-global-color-5)","background-image":"","background-repeat":"repeat","background-position":"center center","background-size":"auto","background-attachment":"scroll","background-type":"","background-media":"","overlay-type":"","overlay-color":"","overlay-opacity":"","overlay-gradient":""},"mobile":{"background-color":"var(--ast-global-color-5)","background-image":"","background-repeat":"repeat","background-position":"center center","background-size":"auto","background-attachment":"scroll","background-type":"","background-media":"","overlay-type":"","overlay-color":"","overlay-opacity":"","overlay-gradient":""}}},"product_brand":[],"product_cat":[993],"product_tag":[],"class_list":{"0":"post-12064","1":"product","2":"type-product","3":"status-publish","4":"has-post-thumbnail","6":"product_cat-skotoy-tilbehor","7":"desktop-align-left","8":"tablet-align-left","9":"mobile-align-left","11":"first","12":"instock","13":"shipping-taxable","14":"purchasable","15":"product-type-simple"},"_links":{"self":[{"href":"https:\/\/keluvo.com\/no\/wp-json\/wp\/v2\/product\/12064","targetHints":{"allow":["GET"]}}],"collection":[{"href":"https:\/\/keluvo.com\/no\/wp-json\/wp\/v2\/product"}],"about":[{"href":"https:\/\/keluvo.com\/no\/wp-json\/wp\/v2\/types\/product"}],"replies":[{"embeddable":true,"href":"https:\/\/keluvo.com\/no\/wp-json\/wp\/v2\/comments?post=12064"}],"wp:featuredmedia":[{"embeddable":true,"href":"https:\/\/keluvo.com\/no\/wp-json\/wp\/v2\/media\/12060"}],"wp:attachment":[{"href":"https:\/\/keluvo.com\/no\/wp-json\/wp\/v2\/media?parent=12064"}],"wp:term":[{"taxonomy":"product_brand","embeddable":true,"href":"https:\/\/keluvo.com\/no\/wp-json\/wp\/v2\/product_brand?post=12064"},{"taxonomy":"product_cat","embeddable":true,"href":"https:\/\/keluvo.com\/no\/wp-json\/wp\/v2\/product_cat?post=12064"},{"taxonomy":"product_tag","embeddable":true,"href":"https:\/\/keluvo.com\/no\/wp-json\/wp\/v2\/product_tag?post=12064"}],"curies":[{"name":"wp","href":"https:\/\/api.w.org\/{rel}","templated":true}]}}