{"id":12053,"date":"2025-04-05T14:36:58","date_gmt":"2025-04-05T12:36:58","guid":{"rendered":"https:\/\/keluvo.com\/no\/produkt\/toalettborste-for-kylling\/"},"modified":"2025-04-06T11:10:32","modified_gmt":"2025-04-06T09:10:32","slug":"toalettborste-for-kylling","status":"publish","type":"product","link":"https:\/\/keluvo.com\/no\/produkt\/toalettborste-for-kylling\/","title":{"rendered":"Toalettb\u00f8rste for kylling"},"content":{"rendered":"<h2 style=\"text-align: center;\"><strong>Unik Kyllingformet Design<\/strong><\/h2>\n<p style=\"text-align: center;\">Toalettb\u00f8rsten har en morsom og kreativ kyllingform som gir en leken touch til baderomsinnredningen. Den veggmonterte designen sparer plass, samtidig som b\u00f8rsten er lett tilgjengelig for daglig bruk. Et praktisk verkt\u00f8y med en sjarmerende vri.<\/p>\n<p><img decoding=\"async\" class=\"alignnone size-medium wp-image-7488 aligncenter\" src=\"https:\/\/keluvo.com\/template\/wp-content\/uploads\/sites\/5\/2025\/01\/Sb3d7675c1b1d4769b429a2a82508671dE.jpg_960x960q75.jpg_.webp\" \/><\/p>\n<h2 style=\"text-align: center;\"><strong>Dyp Rengj\u00f8ring Gjort Enkelt<\/strong><\/h2>\n<p style=\"text-align: center;\">Med et 360\u00b0 rengj\u00f8ringshode n\u00e5r kylling-toalettb\u00f8rsten hvert hj\u00f8rne av toalettet, inkludert vanskelig tilgjengelige omr\u00e5der og kanter. Det myke svampmaterialet s\u00f8rger for effektiv rengj\u00f8ring uten \u00e5 skrape opp toalettglasset, slik at badet ditt blir skinnende rent og skadefritt.<\/p>\n<p><img decoding=\"async\" class=\"alignnone size-medium wp-image-7485 aligncenter\" src=\"https:\/\/keluvo.com\/template\/wp-content\/uploads\/sites\/5\/2025\/01\/S189914af3fcb4c8ca64511cde17232c0h.jpg_960x960q75.jpg_.webp\" \/><\/p>\n","protected":false},"excerpt":{"rendered":"<p>Unik Kyllingformet Design Toalettb\u00f8rsten har en morsom og kreativ kyllingform som gir en leken touch til baderomsinnredningen. Den veggmonterte designen [&hellip;]<\/p>\n","protected":false},"featured_media":12049,"comment_status":"open","ping_status":"closed","template":"","meta":{"site-sidebar-layout":"default","site-content-layout":"","ast-site-content-layout":"default","site-content-style":"default","site-sidebar-style":"default","ast-global-header-display":"","ast-banner-title-visibility":"","ast-main-header-display":"","ast-hfb-above-header-display":"","ast-hfb-below-header-display":"","ast-hfb-mobile-header-display":"","site-post-title":"","ast-breadcrumbs-content":"","ast-featured-img":"","footer-sml-layout":"","theme-transparent-header-meta":"default","adv-header-id-meta":"","stick-header-meta":"","header-above-stick-meta":"","header-main-stick-meta":"","header-below-stick-meta":"","astra-migrate-meta-layouts":"set","ast-page-background-enabled":"default","ast-page-background-meta":{"desktop":{"background-color":"var(--ast-global-color-4)","background-image":"","background-repeat":"repeat","background-position":"center center","background-size":"auto","background-attachment":"scroll","background-type":"","background-media":"","overlay-type":"","overlay-color":"","overlay-opacity":"","overlay-gradient":""},"tablet":{"background-color":"","background-image":"","background-repeat":"repeat","background-position":"center center","background-size":"auto","background-attachment":"scroll","background-type":"","background-media":"","overlay-type":"","overlay-color":"","overlay-opacity":"","overlay-gradient":""},"mobile":{"background-color":"","background-image":"","background-repeat":"repeat","background-position":"center center","background-size":"auto","background-attachment":"scroll","background-type":"","background-media":"","overlay-type":"","overlay-color":"","overlay-opacity":"","overlay-gradient":""}},"ast-content-background-meta":{"desktop":{"background-color":"var(--ast-global-color-5)","background-image":"","background-repeat":"repeat","background-position":"center center","background-size":"auto","background-attachment":"scroll","background-type":"","background-media":"","overlay-type":"","overlay-color":"","overlay-opacity":"","overlay-gradient":""},"tablet":{"background-color":"var(--ast-global-color-5)","background-image":"","background-repeat":"repeat","background-position":"center center","background-size":"auto","background-attachment":"scroll","background-type":"","background-media":"","overlay-type":"","overlay-color":"","overlay-opacity":"","overlay-gradient":""},"mobile":{"background-color":"var(--ast-global-color-5)","background-image":"","background-repeat":"repeat","background-position":"center center","background-size":"auto","background-attachment":"scroll","background-type":"","background-media":"","overlay-type":"","overlay-color":"","overlay-opacity":"","overlay-gradient":""}}},"product_brand":[],"product_cat":[1001],"product_tag":[],"class_list":{"0":"post-12053","1":"product","2":"type-product","3":"status-publish","4":"has-post-thumbnail","6":"product_cat-husholdningsartikler","7":"pa_36369_cikuc7lr-havet","8":"pa_36369_cikuc7lr-lavendel","9":"pa_36369_cikuc7lr-sitron","10":"desktop-align-left","11":"tablet-align-left","12":"mobile-align-left","14":"first","15":"instock","16":"shipping-taxable","17":"purchasable","18":"product-type-variable"},"_links":{"self":[{"href":"https:\/\/keluvo.com\/no\/wp-json\/wp\/v2\/product\/12053","targetHints":{"allow":["GET"]}}],"collection":[{"href":"https:\/\/keluvo.com\/no\/wp-json\/wp\/v2\/product"}],"about":[{"href":"https:\/\/keluvo.com\/no\/wp-json\/wp\/v2\/types\/product"}],"replies":[{"embeddable":true,"href":"https:\/\/keluvo.com\/no\/wp-json\/wp\/v2\/comments?post=12053"}],"wp:featuredmedia":[{"embeddable":true,"href":"https:\/\/keluvo.com\/no\/wp-json\/wp\/v2\/media\/12049"}],"wp:attachment":[{"href":"https:\/\/keluvo.com\/no\/wp-json\/wp\/v2\/media?parent=12053"}],"wp:term":[{"taxonomy":"product_brand","embeddable":true,"href":"https:\/\/keluvo.com\/no\/wp-json\/wp\/v2\/product_brand?post=12053"},{"taxonomy":"product_cat","embeddable":true,"href":"https:\/\/keluvo.com\/no\/wp-json\/wp\/v2\/product_cat?post=12053"},{"taxonomy":"product_tag","embeddable":true,"href":"https:\/\/keluvo.com\/no\/wp-json\/wp\/v2\/product_tag?post=12053"}],"curies":[{"name":"wp","href":"https:\/\/api.w.org\/{rel}","templated":true}]}}