{"id":12040,"date":"2025-04-05T14:33:22","date_gmt":"2025-04-05T12:33:22","guid":{"rendered":"https:\/\/keluvo.com\/no\/produkt\/vanntett-svommeveske\/"},"modified":"2025-04-05T14:35:27","modified_gmt":"2025-04-05T12:35:27","slug":"vanntett-svommeveske","status":"publish","type":"product","link":"https:\/\/keluvo.com\/no\/produkt\/vanntett-svommeveske\/","title":{"rendered":"Vanntett sv\u00f8mmeveske"},"content":{"rendered":"<h2 style=\"text-align: center\"><strong>Sterk Vanntett Beskyttelse<\/strong><\/h2>\n<p style=\"text-align: center\">Den vanntette badevesken har tre lag med forsegling for \u00e5 holde tingene dine t\u00f8rre. Den beskytter telefonen, lommeboken og verdisakene dine mot vann, sand og st\u00f8v. Dette gj\u00f8r den perfekt for sv\u00f8mming, strandturer og utend\u00f8rsaktiviteter.<\/p>\n<p><img decoding=\"async\" class=\"alignnone size-medium wp-image-9973 aligncenter\" src=\"https:\/\/keluvo.com\/template\/wp-content\/uploads\/sites\/5\/2025\/01\/Sb24f66daee524abfb927074337261b32w.jpeg\" alt=\"\" \/><\/p>\n<h2 style=\"text-align: center\"><strong>Stor Og Praktisk Oppbevaring<\/strong><\/h2>\n<p style=\"text-align: center\">Den vanntette badevesken er designet med et romslig interi\u00f8r, og har plass til telefon, n\u00f8kler, penger og mer. Den holder alt sikkert og lett tilgjengelig mens du nyter tiden i vannet. Dette gj\u00f8r den til et godt valg for reiser og sport.<\/p>\n<p><img decoding=\"async\" class=\"alignnone size-medium wp-image-9984 aligncenter\" src=\"https:\/\/keluvo.com\/template\/wp-content\/uploads\/sites\/5\/2025\/01\/S7d3d947f57a445559cea6f816a056048l-1.jpeg\" alt=\"\" \/><\/p>\n","protected":false},"excerpt":{"rendered":"<p>Sterk Vanntett Beskyttelse Den vanntette badevesken har tre lag med forsegling for \u00e5 holde tingene dine t\u00f8rre. Den beskytter telefonen, [&hellip;]<\/p>\n","protected":false},"featured_media":12036,"comment_status":"open","ping_status":"closed","template":"","meta":{"site-sidebar-layout":"default","site-content-layout":"","ast-site-content-layout":"default","site-content-style":"default","site-sidebar-style":"default","ast-global-header-display":"","ast-banner-title-visibility":"","ast-main-header-display":"","ast-hfb-above-header-display":"","ast-hfb-below-header-display":"","ast-hfb-mobile-header-display":"","site-post-title":"","ast-breadcrumbs-content":"","ast-featured-img":"","footer-sml-layout":"","theme-transparent-header-meta":"default","adv-header-id-meta":"","stick-header-meta":"","header-above-stick-meta":"","header-main-stick-meta":"","header-below-stick-meta":"","astra-migrate-meta-layouts":"set","ast-page-background-enabled":"default","ast-page-background-meta":{"desktop":{"background-color":"var(--ast-global-color-4)","background-image":"","background-repeat":"repeat","background-position":"center center","background-size":"auto","background-attachment":"scroll","background-type":"","background-media":"","overlay-type":"","overlay-color":"","overlay-opacity":"","overlay-gradient":""},"tablet":{"background-color":"","background-image":"","background-repeat":"repeat","background-position":"center center","background-size":"auto","background-attachment":"scroll","background-type":"","background-media":"","overlay-type":"","overlay-color":"","overlay-opacity":"","overlay-gradient":""},"mobile":{"background-color":"","background-image":"","background-repeat":"repeat","background-position":"center center","background-size":"auto","background-attachment":"scroll","background-type":"","background-media":"","overlay-type":"","overlay-color":"","overlay-opacity":"","overlay-gradient":""}},"ast-content-background-meta":{"desktop":{"background-color":"var(--ast-global-color-5)","background-image":"","background-repeat":"repeat","background-position":"center center","background-size":"auto","background-attachment":"scroll","background-type":"","background-media":"","overlay-type":"","overlay-color":"","overlay-opacity":"","overlay-gradient":""},"tablet":{"background-color":"var(--ast-global-color-5)","background-image":"","background-repeat":"repeat","background-position":"center center","background-size":"auto","background-attachment":"scroll","background-type":"","background-media":"","overlay-type":"","overlay-color":"","overlay-opacity":"","overlay-gradient":""},"mobile":{"background-color":"var(--ast-global-color-5)","background-image":"","background-repeat":"repeat","background-position":"center center","background-size":"auto","background-attachment":"scroll","background-type":"","background-media":"","overlay-type":"","overlay-color":"","overlay-opacity":"","overlay-gradient":""}}},"product_brand":[],"product_cat":[993],"product_tag":[],"class_list":{"0":"post-12040","1":"product","2":"type-product","3":"status-publish","4":"has-post-thumbnail","6":"product_cat-skotoy-tilbehor","7":"pa_42883_4zewamvu-bla","8":"pa_42883_4zewamvu-gul","9":"pa_42883_4zewamvu-hvit","10":"pa_42883_4zewamvu-svart","11":"desktop-align-left","12":"tablet-align-left","13":"mobile-align-left","15":"first","16":"instock","17":"shipping-taxable","18":"purchasable","19":"product-type-variable"},"_links":{"self":[{"href":"https:\/\/keluvo.com\/no\/wp-json\/wp\/v2\/product\/12040","targetHints":{"allow":["GET"]}}],"collection":[{"href":"https:\/\/keluvo.com\/no\/wp-json\/wp\/v2\/product"}],"about":[{"href":"https:\/\/keluvo.com\/no\/wp-json\/wp\/v2\/types\/product"}],"replies":[{"embeddable":true,"href":"https:\/\/keluvo.com\/no\/wp-json\/wp\/v2\/comments?post=12040"}],"wp:featuredmedia":[{"embeddable":true,"href":"https:\/\/keluvo.com\/no\/wp-json\/wp\/v2\/media\/12036"}],"wp:attachment":[{"href":"https:\/\/keluvo.com\/no\/wp-json\/wp\/v2\/media?parent=12040"}],"wp:term":[{"taxonomy":"product_brand","embeddable":true,"href":"https:\/\/keluvo.com\/no\/wp-json\/wp\/v2\/product_brand?post=12040"},{"taxonomy":"product_cat","embeddable":true,"href":"https:\/\/keluvo.com\/no\/wp-json\/wp\/v2\/product_cat?post=12040"},{"taxonomy":"product_tag","embeddable":true,"href":"https:\/\/keluvo.com\/no\/wp-json\/wp\/v2\/product_tag?post=12040"}],"curies":[{"name":"wp","href":"https:\/\/api.w.org\/{rel}","templated":true}]}}