{"id":12004,"date":"2025-04-05T14:23:06","date_gmt":"2025-04-05T12:23:06","guid":{"rendered":"https:\/\/keluvo.com\/no\/produkt\/paereformede-oredobber\/"},"modified":"2025-04-05T14:24:46","modified_gmt":"2025-04-05T12:24:46","slug":"paereformede-oredobber","status":"publish","type":"product","link":"https:\/\/keluvo.com\/no\/produkt\/paereformede-oredobber\/","title":{"rendered":"P\u00e6reformede \u00f8redobber"},"content":{"rendered":"<h2 style=\"text-align: center\"><strong>Elegant P\u00e6reformede \u00d8redobber<\/strong><\/h2>\n<p style=\"text-align: center\">P\u00e6reformede \u00f8redobber har et dristig og moderne design med en elegant p\u00e6reform. Den i\u00f8ynefallende silhuetten tilf\u00f8rer et sofistikert preg til ethvert antrekk, og passer perfekt til b\u00e5de uformelle og formelle anledninger.<\/p>\n<p><img decoding=\"async\" class=\"alignnone size-medium wp-image-11392 aligncenter\" src=\"https:\/\/keluvo.com\/template\/wp-content\/uploads\/sites\/5\/2025\/02\/S8801bad6ebef42ec83ae43e10fce2276o.jpeg\" alt=\"\" \/><\/p>\n<h2 style=\"text-align: center\"><strong>Slitesterkt Og Allergivennlig Materiale<\/strong><\/h2>\n<p style=\"text-align: center\">\u00d8redobbene er laget av rustfritt st\u00e5l av h\u00f8y kvalitet, og de er antiflekkfrie og allergivennlige. De holder lenge samtidig som de er sk\u00e5nsomme mot sensitiv hud, noe som gj\u00f8r dem til et p\u00e5litelig valg til hverdagsbruk.<\/p>\n<p><img decoding=\"async\" class=\"alignnone size-medium wp-image-11396 aligncenter\" src=\"https:\/\/keluvo.com\/template\/wp-content\/uploads\/sites\/5\/2025\/02\/S900998dfca0c4b34b22f0a1485e940a3a.jpg_960x960q75.jpg_.jpeg\" alt=\"\" \/><\/p>\n","protected":false},"excerpt":{"rendered":"<p>Elegant P\u00e6reformede \u00d8redobber P\u00e6reformede \u00f8redobber har et dristig og moderne design med en elegant p\u00e6reform. Den i\u00f8ynefallende silhuetten tilf\u00f8rer et [&hellip;]<\/p>\n","protected":false},"featured_media":12000,"comment_status":"open","ping_status":"closed","template":"","meta":{"site-sidebar-layout":"default","site-content-layout":"","ast-site-content-layout":"default","site-content-style":"default","site-sidebar-style":"default","ast-global-header-display":"","ast-banner-title-visibility":"","ast-main-header-display":"","ast-hfb-above-header-display":"","ast-hfb-below-header-display":"","ast-hfb-mobile-header-display":"","site-post-title":"","ast-breadcrumbs-content":"","ast-featured-img":"","footer-sml-layout":"","theme-transparent-header-meta":"default","adv-header-id-meta":"","stick-header-meta":"","header-above-stick-meta":"","header-main-stick-meta":"","header-below-stick-meta":"","astra-migrate-meta-layouts":"set","ast-page-background-enabled":"default","ast-page-background-meta":{"desktop":{"background-color":"var(--ast-global-color-4)","background-image":"","background-repeat":"repeat","background-position":"center center","background-size":"auto","background-attachment":"scroll","background-type":"","background-media":"","overlay-type":"","overlay-color":"","overlay-opacity":"","overlay-gradient":""},"tablet":{"background-color":"","background-image":"","background-repeat":"repeat","background-position":"center center","background-size":"auto","background-attachment":"scroll","background-type":"","background-media":"","overlay-type":"","overlay-color":"","overlay-opacity":"","overlay-gradient":""},"mobile":{"background-color":"","background-image":"","background-repeat":"repeat","background-position":"center center","background-size":"auto","background-attachment":"scroll","background-type":"","background-media":"","overlay-type":"","overlay-color":"","overlay-opacity":"","overlay-gradient":""}},"ast-content-background-meta":{"desktop":{"background-color":"var(--ast-global-color-5)","background-image":"","background-repeat":"repeat","background-position":"center center","background-size":"auto","background-attachment":"scroll","background-type":"","background-media":"","overlay-type":"","overlay-color":"","overlay-opacity":"","overlay-gradient":""},"tablet":{"background-color":"var(--ast-global-color-5)","background-image":"","background-repeat":"repeat","background-position":"center center","background-size":"auto","background-attachment":"scroll","background-type":"","background-media":"","overlay-type":"","overlay-color":"","overlay-opacity":"","overlay-gradient":""},"mobile":{"background-color":"var(--ast-global-color-5)","background-image":"","background-repeat":"repeat","background-position":"center center","background-size":"auto","background-attachment":"scroll","background-type":"","background-media":"","overlay-type":"","overlay-color":"","overlay-opacity":"","overlay-gradient":""}}},"product_brand":[],"product_cat":[993],"product_tag":[],"class_list":{"0":"post-12004","1":"product","2":"type-product","3":"status-publish","4":"has-post-thumbnail","6":"product_cat-skotoy-tilbehor","7":"pa_38851_7ymli63s-bla","8":"pa_38851_7ymli63s-gronn","9":"pa_38851_7ymli63s-gull","10":"pa_38851_7ymli63s-solv","11":"pa_38851_7ymli63s-svart","12":"desktop-align-left","13":"tablet-align-left","14":"mobile-align-left","16":"first","17":"instock","18":"shipping-taxable","19":"purchasable","20":"product-type-variable"},"_links":{"self":[{"href":"https:\/\/keluvo.com\/no\/wp-json\/wp\/v2\/product\/12004","targetHints":{"allow":["GET"]}}],"collection":[{"href":"https:\/\/keluvo.com\/no\/wp-json\/wp\/v2\/product"}],"about":[{"href":"https:\/\/keluvo.com\/no\/wp-json\/wp\/v2\/types\/product"}],"replies":[{"embeddable":true,"href":"https:\/\/keluvo.com\/no\/wp-json\/wp\/v2\/comments?post=12004"}],"wp:featuredmedia":[{"embeddable":true,"href":"https:\/\/keluvo.com\/no\/wp-json\/wp\/v2\/media\/12000"}],"wp:attachment":[{"href":"https:\/\/keluvo.com\/no\/wp-json\/wp\/v2\/media?parent=12004"}],"wp:term":[{"taxonomy":"product_brand","embeddable":true,"href":"https:\/\/keluvo.com\/no\/wp-json\/wp\/v2\/product_brand?post=12004"},{"taxonomy":"product_cat","embeddable":true,"href":"https:\/\/keluvo.com\/no\/wp-json\/wp\/v2\/product_cat?post=12004"},{"taxonomy":"product_tag","embeddable":true,"href":"https:\/\/keluvo.com\/no\/wp-json\/wp\/v2\/product_tag?post=12004"}],"curies":[{"name":"wp","href":"https:\/\/api.w.org\/{rel}","templated":true}]}}