{"id":11973,"date":"2025-04-05T14:08:45","date_gmt":"2025-04-05T12:08:45","guid":{"rendered":"https:\/\/keluvo.com\/no\/produkt\/verktoyhylster-i-laer\/"},"modified":"2025-04-05T14:08:58","modified_gmt":"2025-04-05T12:08:58","slug":"verktoyhylster-i-laer","status":"publish","type":"product","link":"https:\/\/keluvo.com\/no\/produkt\/verktoyhylster-i-laer\/","title":{"rendered":"Verkt\u00f8yhylster i l\u00e6r"},"content":{"rendered":"<h2 style=\"text-align: center\"><strong>Slitesterk L\u00e6rkonstruksjon<\/strong><\/h2>\n<p style=\"text-align: center\">Verkt\u00f8yhylsteret i l\u00e6r er laget av l\u00e6rmateriale av h\u00f8y kvalitet, noe som sikrer styrke og lang holdbarhet. Det motst\u00e5r slitasje og skj\u00e6ring, noe som gj\u00f8r det til et p\u00e5litelig valg for utend\u00f8rsaktiviteter og daglig bruk. Materialet er lett \u00e5 vedlikeholde og holder seg rent selv etter lang tids bruk.<\/p>\n<p><img decoding=\"async\" class=\"alignnone size-medium wp-image-10831 aligncenter\" src=\"https:\/\/keluvo.com\/template\/wp-content\/uploads\/sites\/5\/2025\/02\/S677cc3fa96bd41fcbc995db2772698e9r.jpg_960x960q75.jpg_.jpeg\" alt=\"\" \/><\/p>\n<h2 style=\"text-align: center\"><strong>Flere Lommer Til Verkt\u00f8y<\/strong><\/h2>\n<p style=\"text-align: center\">Verkt\u00f8yhylsteret har flere lommer som kan romme penner, kniver og andre sm\u00e5ting. Den gjennomtenkte designen gj\u00f8r det enkelt \u00e5 organisere og gi rask tilgang til verkt\u00f8yene dine. Det er ideelt for b\u00e5de profesjonell bruk og fritidsbruk.<\/p>\n<p><img decoding=\"async\" class=\"alignnone size-medium wp-image-10828 aligncenter\" src=\"https:\/\/keluvo.com\/template\/wp-content\/uploads\/sites\/5\/2025\/02\/S0ecd33a67a1e4fd8b6ac51396cbe1eae5.jpg_960x960q75.jpg_.jpeg\" alt=\"\" \/><\/p>\n","protected":false},"excerpt":{"rendered":"<p>Slitesterk L\u00e6rkonstruksjon Verkt\u00f8yhylsteret i l\u00e6r er laget av l\u00e6rmateriale av h\u00f8y kvalitet, noe som sikrer styrke og lang holdbarhet. Det [&hellip;]<\/p>\n","protected":false},"featured_media":11969,"comment_status":"open","ping_status":"closed","template":"","meta":{"site-sidebar-layout":"default","site-content-layout":"","ast-site-content-layout":"default","site-content-style":"default","site-sidebar-style":"default","ast-global-header-display":"","ast-banner-title-visibility":"","ast-main-header-display":"","ast-hfb-above-header-display":"","ast-hfb-below-header-display":"","ast-hfb-mobile-header-display":"","site-post-title":"","ast-breadcrumbs-content":"","ast-featured-img":"","footer-sml-layout":"","theme-transparent-header-meta":"default","adv-header-id-meta":"","stick-header-meta":"","header-above-stick-meta":"","header-main-stick-meta":"","header-below-stick-meta":"","astra-migrate-meta-layouts":"set","ast-page-background-enabled":"default","ast-page-background-meta":{"desktop":{"background-color":"var(--ast-global-color-4)","background-image":"","background-repeat":"repeat","background-position":"center center","background-size":"auto","background-attachment":"scroll","background-type":"","background-media":"","overlay-type":"","overlay-color":"","overlay-opacity":"","overlay-gradient":""},"tablet":{"background-color":"","background-image":"","background-repeat":"repeat","background-position":"center center","background-size":"auto","background-attachment":"scroll","background-type":"","background-media":"","overlay-type":"","overlay-color":"","overlay-opacity":"","overlay-gradient":""},"mobile":{"background-color":"","background-image":"","background-repeat":"repeat","background-position":"center center","background-size":"auto","background-attachment":"scroll","background-type":"","background-media":"","overlay-type":"","overlay-color":"","overlay-opacity":"","overlay-gradient":""}},"ast-content-background-meta":{"desktop":{"background-color":"var(--ast-global-color-5)","background-image":"","background-repeat":"repeat","background-position":"center center","background-size":"auto","background-attachment":"scroll","background-type":"","background-media":"","overlay-type":"","overlay-color":"","overlay-opacity":"","overlay-gradient":""},"tablet":{"background-color":"var(--ast-global-color-5)","background-image":"","background-repeat":"repeat","background-position":"center center","background-size":"auto","background-attachment":"scroll","background-type":"","background-media":"","overlay-type":"","overlay-color":"","overlay-opacity":"","overlay-gradient":""},"mobile":{"background-color":"var(--ast-global-color-5)","background-image":"","background-repeat":"repeat","background-position":"center center","background-size":"auto","background-attachment":"scroll","background-type":"","background-media":"","overlay-type":"","overlay-color":"","overlay-opacity":"","overlay-gradient":""}}},"product_brand":[],"product_cat":[993],"product_tag":[],"class_list":{"0":"post-11973","1":"product","2":"type-product","3":"status-publish","4":"has-post-thumbnail","6":"product_cat-skotoy-tilbehor","7":"pa_39946_kidkz2aw-lysebrun","8":"pa_39946_kidkz2aw-mork-brun","9":"pa_39946_kidkz2aw-svart","10":"desktop-align-left","11":"tablet-align-left","12":"mobile-align-left","14":"first","15":"instock","16":"shipping-taxable","17":"purchasable","18":"product-type-variable"},"_links":{"self":[{"href":"https:\/\/keluvo.com\/no\/wp-json\/wp\/v2\/product\/11973","targetHints":{"allow":["GET"]}}],"collection":[{"href":"https:\/\/keluvo.com\/no\/wp-json\/wp\/v2\/product"}],"about":[{"href":"https:\/\/keluvo.com\/no\/wp-json\/wp\/v2\/types\/product"}],"replies":[{"embeddable":true,"href":"https:\/\/keluvo.com\/no\/wp-json\/wp\/v2\/comments?post=11973"}],"wp:featuredmedia":[{"embeddable":true,"href":"https:\/\/keluvo.com\/no\/wp-json\/wp\/v2\/media\/11969"}],"wp:attachment":[{"href":"https:\/\/keluvo.com\/no\/wp-json\/wp\/v2\/media?parent=11973"}],"wp:term":[{"taxonomy":"product_brand","embeddable":true,"href":"https:\/\/keluvo.com\/no\/wp-json\/wp\/v2\/product_brand?post=11973"},{"taxonomy":"product_cat","embeddable":true,"href":"https:\/\/keluvo.com\/no\/wp-json\/wp\/v2\/product_cat?post=11973"},{"taxonomy":"product_tag","embeddable":true,"href":"https:\/\/keluvo.com\/no\/wp-json\/wp\/v2\/product_tag?post=11973"}],"curies":[{"name":"wp","href":"https:\/\/api.w.org\/{rel}","templated":true}]}}