{"id":11958,"date":"2025-04-05T14:07:27","date_gmt":"2025-04-05T12:07:27","guid":{"rendered":"https:\/\/keluvo.com\/no\/produkt\/nattlys-for-fugler\/"},"modified":"2025-04-05T14:08:21","modified_gmt":"2025-04-05T12:08:21","slug":"nattlys-for-fugler","status":"publish","type":"product","link":"https:\/\/keluvo.com\/no\/produkt\/nattlys-for-fugler\/","title":{"rendered":"Nattlys for fugler"},"content":{"rendered":"<h2 style=\"text-align: center\"><strong>Myk Og Justerbar Belysning<\/strong><\/h2>\n<p style=\"text-align: center\">Fuglenattlyset har tre lysfarger: hvit, n\u00f8ytral og varm. Du kan enkelt justere lysstyrken med et enkelt trykk, noe som gj\u00f8r den perfekt til lesing, s\u00f8vn eller avslapping. Nyt den myke belysningen som passer til enhver stemning eller setting.<\/p>\n<p><img decoding=\"async\" class=\"alignnone size-medium wp-image-10329 aligncenter\" src=\"https:\/\/keluvo.com\/template\/wp-content\/uploads\/sites\/5\/2025\/02\/S546405f9b668448c96e44e7a30bc70b2i.jpg_960x960q75.jpg_.jpeg\" alt=\"\" \/><\/p>\n<h2 style=\"text-align: center\"><strong>Tr\u00e5dl\u00f8s Og Oppladbar<\/strong><\/h2>\n<p style=\"text-align: center\">Med et innebygd 1800 mAh-batteri er fuglenattlampen fullstendig oppladbar og tr\u00e5dl\u00f8s. Bruk den som nattbordslampe, skrivebordslampe eller til og med som campinglampe. Du trenger ikke \u00e5 koble den til str\u00f8m hele tiden &#8211; bare lad den og plasser den hvor som helst.<\/p>\n<p><img decoding=\"async\" class=\"alignnone size-medium wp-image-10326 aligncenter\" src=\"https:\/\/keluvo.com\/template\/wp-content\/uploads\/sites\/5\/2025\/02\/S65f6816952694257bab8c7b37f415d7ev.jpeg\" alt=\"\" \/><\/p>\n","protected":false},"excerpt":{"rendered":"<p>Myk Og Justerbar Belysning Fuglenattlyset har tre lysfarger: hvit, n\u00f8ytral og varm. Du kan enkelt justere lysstyrken med et enkelt [&hellip;]<\/p>\n","protected":false},"featured_media":11954,"comment_status":"open","ping_status":"closed","template":"","meta":{"site-sidebar-layout":"default","site-content-layout":"","ast-site-content-layout":"default","site-content-style":"default","site-sidebar-style":"default","ast-global-header-display":"","ast-banner-title-visibility":"","ast-main-header-display":"","ast-hfb-above-header-display":"","ast-hfb-below-header-display":"","ast-hfb-mobile-header-display":"","site-post-title":"","ast-breadcrumbs-content":"","ast-featured-img":"","footer-sml-layout":"","theme-transparent-header-meta":"default","adv-header-id-meta":"","stick-header-meta":"","header-above-stick-meta":"","header-main-stick-meta":"","header-below-stick-meta":"","astra-migrate-meta-layouts":"set","ast-page-background-enabled":"default","ast-page-background-meta":{"desktop":{"background-color":"var(--ast-global-color-4)","background-image":"","background-repeat":"repeat","background-position":"center center","background-size":"auto","background-attachment":"scroll","background-type":"","background-media":"","overlay-type":"","overlay-color":"","overlay-opacity":"","overlay-gradient":""},"tablet":{"background-color":"","background-image":"","background-repeat":"repeat","background-position":"center center","background-size":"auto","background-attachment":"scroll","background-type":"","background-media":"","overlay-type":"","overlay-color":"","overlay-opacity":"","overlay-gradient":""},"mobile":{"background-color":"","background-image":"","background-repeat":"repeat","background-position":"center center","background-size":"auto","background-attachment":"scroll","background-type":"","background-media":"","overlay-type":"","overlay-color":"","overlay-opacity":"","overlay-gradient":""}},"ast-content-background-meta":{"desktop":{"background-color":"var(--ast-global-color-5)","background-image":"","background-repeat":"repeat","background-position":"center center","background-size":"auto","background-attachment":"scroll","background-type":"","background-media":"","overlay-type":"","overlay-color":"","overlay-opacity":"","overlay-gradient":""},"tablet":{"background-color":"var(--ast-global-color-5)","background-image":"","background-repeat":"repeat","background-position":"center center","background-size":"auto","background-attachment":"scroll","background-type":"","background-media":"","overlay-type":"","overlay-color":"","overlay-opacity":"","overlay-gradient":""},"mobile":{"background-color":"var(--ast-global-color-5)","background-image":"","background-repeat":"repeat","background-position":"center center","background-size":"auto","background-attachment":"scroll","background-type":"","background-media":"","overlay-type":"","overlay-color":"","overlay-opacity":"","overlay-gradient":""}}},"product_brand":[],"product_cat":[1001],"product_tag":[],"class_list":{"0":"post-11958","1":"product","2":"type-product","3":"status-publish","4":"has-post-thumbnail","6":"product_cat-husholdningsartikler","7":"pa_39956_e17rqwoy-gra","8":"pa_39956_e17rqwoy-gull","9":"pa_39956_e17rqwoy-rod","10":"pa_39956_e17rqwoy-solv","11":"pa_39956_e17rqwoy-tre","12":"desktop-align-left","13":"tablet-align-left","14":"mobile-align-left","16":"first","17":"instock","18":"shipping-taxable","19":"purchasable","20":"product-type-variable"},"_links":{"self":[{"href":"https:\/\/keluvo.com\/no\/wp-json\/wp\/v2\/product\/11958","targetHints":{"allow":["GET"]}}],"collection":[{"href":"https:\/\/keluvo.com\/no\/wp-json\/wp\/v2\/product"}],"about":[{"href":"https:\/\/keluvo.com\/no\/wp-json\/wp\/v2\/types\/product"}],"replies":[{"embeddable":true,"href":"https:\/\/keluvo.com\/no\/wp-json\/wp\/v2\/comments?post=11958"}],"wp:featuredmedia":[{"embeddable":true,"href":"https:\/\/keluvo.com\/no\/wp-json\/wp\/v2\/media\/11954"}],"wp:attachment":[{"href":"https:\/\/keluvo.com\/no\/wp-json\/wp\/v2\/media?parent=11958"}],"wp:term":[{"taxonomy":"product_brand","embeddable":true,"href":"https:\/\/keluvo.com\/no\/wp-json\/wp\/v2\/product_brand?post=11958"},{"taxonomy":"product_cat","embeddable":true,"href":"https:\/\/keluvo.com\/no\/wp-json\/wp\/v2\/product_cat?post=11958"},{"taxonomy":"product_tag","embeddable":true,"href":"https:\/\/keluvo.com\/no\/wp-json\/wp\/v2\/product_tag?post=11958"}],"curies":[{"name":"wp","href":"https:\/\/api.w.org\/{rel}","templated":true}]}}