{"id":11937,"date":"2025-04-05T14:05:30","date_gmt":"2025-04-05T12:05:30","guid":{"rendered":"https:\/\/keluvo.com\/no\/produkt\/lip-plumper-gloss\/"},"modified":"2025-04-05T14:05:46","modified_gmt":"2025-04-05T12:05:46","slug":"lip-plumper-gloss","status":"publish","type":"product","link":"https:\/\/keluvo.com\/no\/produkt\/lip-plumper-gloss\/","title":{"rendered":"Lip plumper gloss"},"content":{"rendered":"<h2 style=\"text-align: center\"><strong>Fuktighetsgivende For Myke Lepper<\/strong><\/h2>\n<p style=\"text-align: center\">Leppepomaderglossen er beriket med fuktighetsgivende ingredienser som bidrar til \u00e5 holde leppene myke og glatte gjennom hele dagen. Den fuktighetsgivende formelen forhindrer t\u00f8rrhet og flassing, og etterlater leppene dine med en n\u00e6rende og behagelig f\u00f8lelse.<\/p>\n<p><img fetchpriority=\"high\" decoding=\"async\" class=\"alignnone  wp-image-11261 aligncenter\" src=\"https:\/\/keluvo.com\/template\/wp-content\/uploads\/sites\/5\/2025\/02\/S897c466ce86f4ad793e37b4f32246e7b3.jpg_960x960q75.jpg_.jpeg\" alt=\"\" width=\"801\" height=\"801\" \/><\/p>\n<h2 style=\"text-align: center\"><strong>Naturlig Plumping-Effekt<\/strong><\/h2>\n<p style=\"text-align: center\">Denne lip plumper glossen forbedrer leppene dine med en subtil plumping-effekt for et fyldigere utseende. Den milde formelen gir en prikkende f\u00f8lelse som stimulerer leppene og skaper et naturlig fyldig utseende uten irritasjon.<\/p>\n<p><img decoding=\"async\" class=\"alignnone size-medium wp-image-11256 aligncenter\" src=\"https:\/\/keluvo.com\/template\/wp-content\/uploads\/sites\/5\/2025\/02\/S6feaba5088384a7a9a89e605c4dafe04U.jpg_960x960q75.jpg_.jpeg\" alt=\"\" \/><\/p>\n","protected":false},"excerpt":{"rendered":"<p>Fuktighetsgivende For Myke Lepper Leppepomaderglossen er beriket med fuktighetsgivende ingredienser som bidrar til \u00e5 holde leppene myke og glatte gjennom [&hellip;]<\/p>\n","protected":false},"featured_media":11933,"comment_status":"open","ping_status":"closed","template":"","meta":{"site-sidebar-layout":"default","site-content-layout":"","ast-site-content-layout":"default","site-content-style":"default","site-sidebar-style":"default","ast-global-header-display":"","ast-banner-title-visibility":"","ast-main-header-display":"","ast-hfb-above-header-display":"","ast-hfb-below-header-display":"","ast-hfb-mobile-header-display":"","site-post-title":"","ast-breadcrumbs-content":"","ast-featured-img":"","footer-sml-layout":"","theme-transparent-header-meta":"default","adv-header-id-meta":"","stick-header-meta":"","header-above-stick-meta":"","header-main-stick-meta":"","header-below-stick-meta":"","astra-migrate-meta-layouts":"set","ast-page-background-enabled":"default","ast-page-background-meta":{"desktop":{"background-color":"var(--ast-global-color-4)","background-image":"","background-repeat":"repeat","background-position":"center center","background-size":"auto","background-attachment":"scroll","background-type":"","background-media":"","overlay-type":"","overlay-color":"","overlay-opacity":"","overlay-gradient":""},"tablet":{"background-color":"","background-image":"","background-repeat":"repeat","background-position":"center center","background-size":"auto","background-attachment":"scroll","background-type":"","background-media":"","overlay-type":"","overlay-color":"","overlay-opacity":"","overlay-gradient":""},"mobile":{"background-color":"","background-image":"","background-repeat":"repeat","background-position":"center center","background-size":"auto","background-attachment":"scroll","background-type":"","background-media":"","overlay-type":"","overlay-color":"","overlay-opacity":"","overlay-gradient":""}},"ast-content-background-meta":{"desktop":{"background-color":"var(--ast-global-color-5)","background-image":"","background-repeat":"repeat","background-position":"center center","background-size":"auto","background-attachment":"scroll","background-type":"","background-media":"","overlay-type":"","overlay-color":"","overlay-opacity":"","overlay-gradient":""},"tablet":{"background-color":"var(--ast-global-color-5)","background-image":"","background-repeat":"repeat","background-position":"center center","background-size":"auto","background-attachment":"scroll","background-type":"","background-media":"","overlay-type":"","overlay-color":"","overlay-opacity":"","overlay-gradient":""},"mobile":{"background-color":"var(--ast-global-color-5)","background-image":"","background-repeat":"repeat","background-position":"center center","background-size":"auto","background-attachment":"scroll","background-type":"","background-media":"","overlay-type":"","overlay-color":"","overlay-opacity":"","overlay-gradient":""}}},"product_brand":[],"product_cat":[992],"product_tag":[],"class_list":{"0":"post-11937","1":"product","2":"type-product","3":"status-publish","4":"has-post-thumbnail","6":"product_cat-skjonnhets-og-hygieneprodukter","7":"pa_39983_sdy12lqd-2505","8":"pa_39983_sdy12lqd-2506","9":"pa_39983_sdy12lqd-2507","10":"pa_39983_sdy12lqd-2508","11":"pa_39983_sdy12lqd-2509","12":"pa_39983_sdy12lqd-2510","13":"pa_39983_sdy12lqd-2511","14":"pa_39983_sdy12lqd-2512","15":"desktop-align-left","16":"tablet-align-left","17":"mobile-align-left","19":"first","20":"instock","21":"shipping-taxable","22":"purchasable","23":"product-type-variable"},"_links":{"self":[{"href":"https:\/\/keluvo.com\/no\/wp-json\/wp\/v2\/product\/11937","targetHints":{"allow":["GET"]}}],"collection":[{"href":"https:\/\/keluvo.com\/no\/wp-json\/wp\/v2\/product"}],"about":[{"href":"https:\/\/keluvo.com\/no\/wp-json\/wp\/v2\/types\/product"}],"replies":[{"embeddable":true,"href":"https:\/\/keluvo.com\/no\/wp-json\/wp\/v2\/comments?post=11937"}],"wp:featuredmedia":[{"embeddable":true,"href":"https:\/\/keluvo.com\/no\/wp-json\/wp\/v2\/media\/11933"}],"wp:attachment":[{"href":"https:\/\/keluvo.com\/no\/wp-json\/wp\/v2\/media?parent=11937"}],"wp:term":[{"taxonomy":"product_brand","embeddable":true,"href":"https:\/\/keluvo.com\/no\/wp-json\/wp\/v2\/product_brand?post=11937"},{"taxonomy":"product_cat","embeddable":true,"href":"https:\/\/keluvo.com\/no\/wp-json\/wp\/v2\/product_cat?post=11937"},{"taxonomy":"product_tag","embeddable":true,"href":"https:\/\/keluvo.com\/no\/wp-json\/wp\/v2\/product_tag?post=11937"}],"curies":[{"name":"wp","href":"https:\/\/api.w.org\/{rel}","templated":true}]}}