{"id":11888,"date":"2025-04-05T10:29:32","date_gmt":"2025-04-05T08:29:32","guid":{"rendered":"https:\/\/keluvo.com\/no\/produkt\/sofaovertrekk\/"},"modified":"2025-04-05T10:29:32","modified_gmt":"2025-04-05T08:29:32","slug":"sofaovertrekk","status":"publish","type":"product","link":"https:\/\/keluvo.com\/no\/produkt\/sofaovertrekk\/","title":{"rendered":"Sofaovertrekk"},"content":{"rendered":"<h2 style=\"text-align: center\" data-start=\"0\" data-end=\"33\"><strong>Mykt Og Komfortabelt Stoff<\/strong><\/h2>\n<p style=\"text-align: center\" data-start=\"34\" data-end=\"251\">Sofaovertrekket er laget av tykt, plysjaktig materiale som f\u00f8les mykt og varmt. Det gir ekstra komfort til sofaen din, noe som gj\u00f8r den perfekt for avslapping. Stoffet av h\u00f8y kvalitet er sk\u00e5nsomt mot huden og gir en koselig f\u00f8lelse.<\/p>\n<p data-start=\"34\" data-end=\"251\"><img decoding=\"async\" class=\"alignnone size-medium wp-image-12360 aligncenter\" src=\"https:\/\/keluvo.com\/template\/wp-content\/uploads\/sites\/5\/2025\/03\/S15e957c6ac884d1087fd2c7f97b28d3cW.jpg_960x960q75.jpg_.jpeg\" alt=\"\" \/><\/p>\n<h2 style=\"text-align: center\" data-start=\"253\" data-end=\"282\"><strong>Sklisikker Og Sikker Passform<\/strong><\/h2>\n<p style=\"text-align: center\" data-start=\"283\" data-end=\"522\">Sofaovertrekket er designet for \u00e5 holde seg p\u00e5 plass, og har en sklisikker design som forhindrer at det forskyver seg. Det kan legges under putene eller draperes over sidene for bedre beskyttelse. Dette bidrar til \u00e5 holde sofaen pen og godt dekket.<\/p>\n<p data-start=\"283\" data-end=\"522\"><img decoding=\"async\" class=\"alignnone size-medium wp-image-12361 aligncenter\" src=\"https:\/\/keluvo.com\/template\/wp-content\/uploads\/sites\/5\/2025\/03\/S77a08e1427894f198c7d5db9e364eb8aT.jpg_960x960q75.jpg_.jpeg\" alt=\"\" \/><\/p>\n","protected":false},"excerpt":{"rendered":"<p>Mykt Og Komfortabelt Stoff Sofaovertrekket er laget av tykt, plysjaktig materiale som f\u00f8les mykt og varmt. Det gir ekstra komfort [&hellip;]<\/p>\n","protected":false},"featured_media":11884,"comment_status":"open","ping_status":"closed","template":"","meta":{"site-sidebar-layout":"default","site-content-layout":"","ast-site-content-layout":"default","site-content-style":"default","site-sidebar-style":"default","ast-global-header-display":"","ast-banner-title-visibility":"","ast-main-header-display":"","ast-hfb-above-header-display":"","ast-hfb-below-header-display":"","ast-hfb-mobile-header-display":"","site-post-title":"","ast-breadcrumbs-content":"","ast-featured-img":"","footer-sml-layout":"","theme-transparent-header-meta":"default","adv-header-id-meta":"","stick-header-meta":"","header-above-stick-meta":"","header-main-stick-meta":"","header-below-stick-meta":"","astra-migrate-meta-layouts":"set","ast-page-background-enabled":"default","ast-page-background-meta":{"desktop":{"background-color":"var(--ast-global-color-4)","background-image":"","background-repeat":"repeat","background-position":"center center","background-size":"auto","background-attachment":"scroll","background-type":"","background-media":"","overlay-type":"","overlay-color":"","overlay-opacity":"","overlay-gradient":""},"tablet":{"background-color":"","background-image":"","background-repeat":"repeat","background-position":"center center","background-size":"auto","background-attachment":"scroll","background-type":"","background-media":"","overlay-type":"","overlay-color":"","overlay-opacity":"","overlay-gradient":""},"mobile":{"background-color":"","background-image":"","background-repeat":"repeat","background-position":"center center","background-size":"auto","background-attachment":"scroll","background-type":"","background-media":"","overlay-type":"","overlay-color":"","overlay-opacity":"","overlay-gradient":""}},"ast-content-background-meta":{"desktop":{"background-color":"var(--ast-global-color-5)","background-image":"","background-repeat":"repeat","background-position":"center center","background-size":"auto","background-attachment":"scroll","background-type":"","background-media":"","overlay-type":"","overlay-color":"","overlay-opacity":"","overlay-gradient":""},"tablet":{"background-color":"var(--ast-global-color-5)","background-image":"","background-repeat":"repeat","background-position":"center center","background-size":"auto","background-attachment":"scroll","background-type":"","background-media":"","overlay-type":"","overlay-color":"","overlay-opacity":"","overlay-gradient":""},"mobile":{"background-color":"var(--ast-global-color-5)","background-image":"","background-repeat":"repeat","background-position":"center center","background-size":"auto","background-attachment":"scroll","background-type":"","background-media":"","overlay-type":"","overlay-color":"","overlay-opacity":"","overlay-gradient":""}}},"product_brand":[],"product_cat":[1001],"product_tag":[],"class_list":{"0":"post-11888","1":"product","2":"type-product","3":"status-publish","4":"has-post-thumbnail","6":"product_cat-husholdningsartikler","7":"pa_34671_jj8ezalf-hvit","8":"pa_34671_jj8ezalf-kaffe","9":"pa_34671_jj8ezalf-lys-gra","10":"pa_34671_jj8ezalf-mork-gra","11":"pa_34671_jj8ezalf-rosa","12":"pa_34671_v8fmgyq3-70x120-cm","13":"pa_34671_v8fmgyq3-70x180-cm","14":"pa_34671_v8fmgyq3-70x70-cm","15":"pa_34671_v8fmgyq3-90x120-cm","16":"pa_34671_v8fmgyq3-90x180-cm","17":"pa_34671_v8fmgyq3-90x90cm","18":"desktop-align-left","19":"tablet-align-left","20":"mobile-align-left","22":"first","23":"outofstock","24":"shipping-taxable","25":"product-type-variable"},"_links":{"self":[{"href":"https:\/\/keluvo.com\/no\/wp-json\/wp\/v2\/product\/11888","targetHints":{"allow":["GET"]}}],"collection":[{"href":"https:\/\/keluvo.com\/no\/wp-json\/wp\/v2\/product"}],"about":[{"href":"https:\/\/keluvo.com\/no\/wp-json\/wp\/v2\/types\/product"}],"replies":[{"embeddable":true,"href":"https:\/\/keluvo.com\/no\/wp-json\/wp\/v2\/comments?post=11888"}],"wp:featuredmedia":[{"embeddable":true,"href":"https:\/\/keluvo.com\/no\/wp-json\/wp\/v2\/media\/11884"}],"wp:attachment":[{"href":"https:\/\/keluvo.com\/no\/wp-json\/wp\/v2\/media?parent=11888"}],"wp:term":[{"taxonomy":"product_brand","embeddable":true,"href":"https:\/\/keluvo.com\/no\/wp-json\/wp\/v2\/product_brand?post=11888"},{"taxonomy":"product_cat","embeddable":true,"href":"https:\/\/keluvo.com\/no\/wp-json\/wp\/v2\/product_cat?post=11888"},{"taxonomy":"product_tag","embeddable":true,"href":"https:\/\/keluvo.com\/no\/wp-json\/wp\/v2\/product_tag?post=11888"}],"curies":[{"name":"wp","href":"https:\/\/api.w.org\/{rel}","templated":true}]}}