{"id":11883,"date":"2025-04-05T10:28:39","date_gmt":"2025-04-05T08:28:39","guid":{"rendered":"https:\/\/keluvo.com\/no\/produkt\/bluetooth-mottaker\/"},"modified":"2025-04-05T10:28:39","modified_gmt":"2025-04-05T08:28:39","slug":"bluetooth-mottaker","status":"publish","type":"product","link":"https:\/\/keluvo.com\/no\/produkt\/bluetooth-mottaker\/","title":{"rendered":"Bluetooth-mottaker"},"content":{"rendered":"<h2 style=\"text-align: center\" data-start=\"0\" data-end=\"29\"><strong>Tr\u00e5dl\u00f8s Musikk Hvor Som Helst<\/strong><\/h2>\n<p class=\"\" style=\"text-align: center\" data-start=\"30\" data-end=\"307\">Bluetooth-mottakeren lar deg str\u00f8mme musikk tr\u00e5dl\u00f8st til h\u00f8yttalere som ikke har Bluetooth, bilstereoanlegg og stereoanlegg hjemme. Bare koble til via 3,5 mm AUX- eller RCA-portene og nyt lyd av h\u00f8y kvalitet uten kabler. Den fungerer med smarttelefoner, nettbrett og andre Bluetooth-enheter.<\/p>\n<p data-start=\"30\" data-end=\"307\"><img decoding=\"async\" class=\"alignnone size-medium wp-image-13379 aligncenter\" src=\"https:\/\/keluvo.com\/template\/wp-content\/uploads\/sites\/5\/2025\/04\/Scf1487498e5e4489bd34b6071d57ffbeL.jpg_960x960q75.jpg_.jpeg\" alt=\"\" \/><\/p>\n<h2 style=\"text-align: center\" data-start=\"309\" data-end=\"337\"><strong>Dual Device Connection<\/strong><\/h2>\n<p class=\"\" style=\"text-align: center\" data-start=\"338\" data-end=\"557\">Med denne Bluetooth-mottakeren kan du koble til to enheter samtidig. Du kan enkelt bytte mellom telefonen og nettbrettet for \u00e5 spille av musikk, ta imot samtaler eller lytte til lyd uten \u00e5 m\u00e5tte koble til p\u00e5 nytt. Perfekt for bruk hjemme og i bilen.<\/p>\n<p style=\"text-align: center\" data-start=\"338\" data-end=\"557\"><img decoding=\"async\" class=\"alignnone size-medium wp-image-13375\" src=\"https:\/\/keluvo.com\/template\/wp-content\/uploads\/sites\/5\/2025\/04\/S4c9d4c127a104c26810854d8cf4b3b71B.jpg_960x960q75.jpg_.jpeg\" alt=\"\" \/><\/p>\n","protected":false},"excerpt":{"rendered":"<p>Tr\u00e5dl\u00f8s Musikk Hvor Som Helst Bluetooth-mottakeren lar deg str\u00f8mme musikk tr\u00e5dl\u00f8st til h\u00f8yttalere som ikke har Bluetooth, bilstereoanlegg og stereoanlegg [&hellip;]<\/p>\n","protected":false},"featured_media":11879,"comment_status":"open","ping_status":"closed","template":"","meta":{"site-sidebar-layout":"default","site-content-layout":"","ast-site-content-layout":"default","site-content-style":"default","site-sidebar-style":"default","ast-global-header-display":"","ast-banner-title-visibility":"","ast-main-header-display":"","ast-hfb-above-header-display":"","ast-hfb-below-header-display":"","ast-hfb-mobile-header-display":"","site-post-title":"","ast-breadcrumbs-content":"","ast-featured-img":"","footer-sml-layout":"","theme-transparent-header-meta":"default","adv-header-id-meta":"","stick-header-meta":"","header-above-stick-meta":"","header-main-stick-meta":"","header-below-stick-meta":"","astra-migrate-meta-layouts":"set","ast-page-background-enabled":"default","ast-page-background-meta":{"desktop":{"background-color":"var(--ast-global-color-4)","background-image":"","background-repeat":"repeat","background-position":"center center","background-size":"auto","background-attachment":"scroll","background-type":"","background-media":"","overlay-type":"","overlay-color":"","overlay-opacity":"","overlay-gradient":""},"tablet":{"background-color":"","background-image":"","background-repeat":"repeat","background-position":"center center","background-size":"auto","background-attachment":"scroll","background-type":"","background-media":"","overlay-type":"","overlay-color":"","overlay-opacity":"","overlay-gradient":""},"mobile":{"background-color":"","background-image":"","background-repeat":"repeat","background-position":"center center","background-size":"auto","background-attachment":"scroll","background-type":"","background-media":"","overlay-type":"","overlay-color":"","overlay-opacity":"","overlay-gradient":""}},"ast-content-background-meta":{"desktop":{"background-color":"var(--ast-global-color-5)","background-image":"","background-repeat":"repeat","background-position":"center center","background-size":"auto","background-attachment":"scroll","background-type":"","background-media":"","overlay-type":"","overlay-color":"","overlay-opacity":"","overlay-gradient":""},"tablet":{"background-color":"var(--ast-global-color-5)","background-image":"","background-repeat":"repeat","background-position":"center center","background-size":"auto","background-attachment":"scroll","background-type":"","background-media":"","overlay-type":"","overlay-color":"","overlay-opacity":"","overlay-gradient":""},"mobile":{"background-color":"var(--ast-global-color-5)","background-image":"","background-repeat":"repeat","background-position":"center center","background-size":"auto","background-attachment":"scroll","background-type":"","background-media":"","overlay-type":"","overlay-color":"","overlay-opacity":"","overlay-gradient":""}}},"product_brand":[],"product_cat":[998],"product_tag":[],"class_list":{"0":"post-11883","1":"product","2":"type-product","3":"status-publish","4":"has-post-thumbnail","6":"product_cat-bilprodukter","7":"desktop-align-left","8":"tablet-align-left","9":"mobile-align-left","11":"first","12":"instock","13":"shipping-taxable","14":"purchasable","15":"product-type-simple"},"_links":{"self":[{"href":"https:\/\/keluvo.com\/no\/wp-json\/wp\/v2\/product\/11883","targetHints":{"allow":["GET"]}}],"collection":[{"href":"https:\/\/keluvo.com\/no\/wp-json\/wp\/v2\/product"}],"about":[{"href":"https:\/\/keluvo.com\/no\/wp-json\/wp\/v2\/types\/product"}],"replies":[{"embeddable":true,"href":"https:\/\/keluvo.com\/no\/wp-json\/wp\/v2\/comments?post=11883"}],"wp:featuredmedia":[{"embeddable":true,"href":"https:\/\/keluvo.com\/no\/wp-json\/wp\/v2\/media\/11879"}],"wp:attachment":[{"href":"https:\/\/keluvo.com\/no\/wp-json\/wp\/v2\/media?parent=11883"}],"wp:term":[{"taxonomy":"product_brand","embeddable":true,"href":"https:\/\/keluvo.com\/no\/wp-json\/wp\/v2\/product_brand?post=11883"},{"taxonomy":"product_cat","embeddable":true,"href":"https:\/\/keluvo.com\/no\/wp-json\/wp\/v2\/product_cat?post=11883"},{"taxonomy":"product_tag","embeddable":true,"href":"https:\/\/keluvo.com\/no\/wp-json\/wp\/v2\/product_tag?post=11883"}],"curies":[{"name":"wp","href":"https:\/\/api.w.org\/{rel}","templated":true}]}}