{"id":11869,"date":"2025-04-05T10:16:39","date_gmt":"2025-04-05T08:16:39","guid":{"rendered":"https:\/\/keluvo.com\/no\/produkt\/solsikkerhetsalarm\/"},"modified":"2025-04-05T10:16:39","modified_gmt":"2025-04-05T08:16:39","slug":"solsikkerhetsalarm","status":"publish","type":"product","link":"https:\/\/keluvo.com\/no\/produkt\/solsikkerhetsalarm\/","title":{"rendered":"Solsikkerhetsalarm"},"content":{"rendered":"<h2 style=\"text-align: center\" data-start=\"0\" data-end=\"30\"><strong>H\u00f8y Og Effektiv Alarm<\/strong><\/h2>\n<p class=\"\" style=\"text-align: center\" data-start=\"31\" data-end=\"217\">Solsikkerhetsalarmen avgir en kraftig lyd p\u00e5 129 desibel, inkludert skudd- og hundebjeffelyder. Dette bidrar til \u00e5 skremme bort inntrengere og u\u00f8nskede dyr, og holder eiendommen din trygg.<\/p>\n<p data-start=\"31\" data-end=\"217\"><img decoding=\"async\" class=\"alignnone size-medium wp-image-13282 aligncenter\" src=\"https:\/\/keluvo.com\/template\/wp-content\/uploads\/sites\/5\/2025\/04\/891801e5-e249-4cb1-8518-e784cf1f8b14.webp\" alt=\"\" \/><\/p>\n<h2 style=\"text-align: center\" data-start=\"219\" data-end=\"255\"><strong>Solcelledrevet Og V\u00e6rbestandig<\/strong><\/h2>\n<p class=\"\" style=\"text-align: center\" data-start=\"256\" data-end=\"439\">Med et h\u00f8yeffektivt solcellepanel lades solsikkerhetsalarmen i l\u00f8pet av dagen, selv i overskyet v\u00e6r. Den vanntette IP65-designen sikrer p\u00e5litelig drift under alle forhold.<\/p>\n<p data-start=\"256\" data-end=\"439\"><img decoding=\"async\" class=\"alignnone size-medium wp-image-13284 aligncenter\" src=\"https:\/\/keluvo.com\/template\/wp-content\/uploads\/sites\/5\/2025\/04\/S4acc594856dc4d268d32c109d6e2d618W.jpg_960x960q75.jpg_.jpeg\" alt=\"\" \/><\/p>\n","protected":false},"excerpt":{"rendered":"<p>H\u00f8y Og Effektiv Alarm Solsikkerhetsalarmen avgir en kraftig lyd p\u00e5 129 desibel, inkludert skudd- og hundebjeffelyder. Dette bidrar til \u00e5 [&hellip;]<\/p>\n","protected":false},"featured_media":11865,"comment_status":"open","ping_status":"closed","template":"","meta":{"site-sidebar-layout":"default","site-content-layout":"","ast-site-content-layout":"default","site-content-style":"default","site-sidebar-style":"default","ast-global-header-display":"","ast-banner-title-visibility":"","ast-main-header-display":"","ast-hfb-above-header-display":"","ast-hfb-below-header-display":"","ast-hfb-mobile-header-display":"","site-post-title":"","ast-breadcrumbs-content":"","ast-featured-img":"","footer-sml-layout":"","theme-transparent-header-meta":"default","adv-header-id-meta":"","stick-header-meta":"","header-above-stick-meta":"","header-main-stick-meta":"","header-below-stick-meta":"","astra-migrate-meta-layouts":"set","ast-page-background-enabled":"default","ast-page-background-meta":{"desktop":{"background-color":"var(--ast-global-color-4)","background-image":"","background-repeat":"repeat","background-position":"center center","background-size":"auto","background-attachment":"scroll","background-type":"","background-media":"","overlay-type":"","overlay-color":"","overlay-opacity":"","overlay-gradient":""},"tablet":{"background-color":"","background-image":"","background-repeat":"repeat","background-position":"center center","background-size":"auto","background-attachment":"scroll","background-type":"","background-media":"","overlay-type":"","overlay-color":"","overlay-opacity":"","overlay-gradient":""},"mobile":{"background-color":"","background-image":"","background-repeat":"repeat","background-position":"center center","background-size":"auto","background-attachment":"scroll","background-type":"","background-media":"","overlay-type":"","overlay-color":"","overlay-opacity":"","overlay-gradient":""}},"ast-content-background-meta":{"desktop":{"background-color":"var(--ast-global-color-5)","background-image":"","background-repeat":"repeat","background-position":"center center","background-size":"auto","background-attachment":"scroll","background-type":"","background-media":"","overlay-type":"","overlay-color":"","overlay-opacity":"","overlay-gradient":""},"tablet":{"background-color":"var(--ast-global-color-5)","background-image":"","background-repeat":"repeat","background-position":"center center","background-size":"auto","background-attachment":"scroll","background-type":"","background-media":"","overlay-type":"","overlay-color":"","overlay-opacity":"","overlay-gradient":""},"mobile":{"background-color":"var(--ast-global-color-5)","background-image":"","background-repeat":"repeat","background-position":"center center","background-size":"auto","background-attachment":"scroll","background-type":"","background-media":"","overlay-type":"","overlay-color":"","overlay-opacity":"","overlay-gradient":""}}},"product_brand":[],"product_cat":[993],"product_tag":[],"class_list":{"0":"post-11869","1":"product","2":"type-product","3":"status-publish","4":"has-post-thumbnail","6":"product_cat-skotoy-tilbehor","7":"desktop-align-left","8":"tablet-align-left","9":"mobile-align-left","11":"first","12":"instock","13":"shipping-taxable","14":"purchasable","15":"product-type-simple"},"_links":{"self":[{"href":"https:\/\/keluvo.com\/no\/wp-json\/wp\/v2\/product\/11869","targetHints":{"allow":["GET"]}}],"collection":[{"href":"https:\/\/keluvo.com\/no\/wp-json\/wp\/v2\/product"}],"about":[{"href":"https:\/\/keluvo.com\/no\/wp-json\/wp\/v2\/types\/product"}],"replies":[{"embeddable":true,"href":"https:\/\/keluvo.com\/no\/wp-json\/wp\/v2\/comments?post=11869"}],"wp:featuredmedia":[{"embeddable":true,"href":"https:\/\/keluvo.com\/no\/wp-json\/wp\/v2\/media\/11865"}],"wp:attachment":[{"href":"https:\/\/keluvo.com\/no\/wp-json\/wp\/v2\/media?parent=11869"}],"wp:term":[{"taxonomy":"product_brand","embeddable":true,"href":"https:\/\/keluvo.com\/no\/wp-json\/wp\/v2\/product_brand?post=11869"},{"taxonomy":"product_cat","embeddable":true,"href":"https:\/\/keluvo.com\/no\/wp-json\/wp\/v2\/product_cat?post=11869"},{"taxonomy":"product_tag","embeddable":true,"href":"https:\/\/keluvo.com\/no\/wp-json\/wp\/v2\/product_tag?post=11869"}],"curies":[{"name":"wp","href":"https:\/\/api.w.org\/{rel}","templated":true}]}}