{"id":11838,"date":"2025-04-05T10:10:36","date_gmt":"2025-04-05T08:10:36","guid":{"rendered":"https:\/\/keluvo.com\/no\/produkt\/pute-til-bilsete\/"},"modified":"2025-04-14T16:24:20","modified_gmt":"2025-04-14T14:24:20","slug":"pute-til-bilsete-3","status":"publish","type":"product","link":"https:\/\/keluvo.com\/no\/produkt\/pute-til-bilsete-3\/","title":{"rendered":"Pute til bilsete"},"content":{"rendered":"<h2 style=\"text-align: center;\" data-start=\"0\" data-end=\"28\"><strong>Mykt Og Varmt Materiale<\/strong><\/h2>\n<p class=\"\" style=\"text-align: center;\" data-start=\"29\" data-end=\"196\">Bilseteputen er laget av plysjstoff som gir varme og komfort. Den bidrar til \u00e5 holde setene lune i kaldt v\u00e6r, noe som gj\u00f8r hver kj\u00f8retur mer behagelig.<\/p>\n<p style=\"text-align: center;\" data-start=\"29\" data-end=\"196\"><img decoding=\"async\" class=\"alignnone size-medium wp-image-13322\" src=\"https:\/\/keluvo.com\/template\/wp-content\/uploads\/sites\/5\/2025\/04\/Sf19f4e482ef74c5f8a94a02c79c7de97r.jpg_960x960q75.jpg_.jpeg\" alt=\"\" \/><\/p>\n<h2 style=\"text-align: center;\" data-start=\"198\" data-end=\"220\"><strong>Sklisikker Design<\/strong><\/h2>\n<p class=\"\" style=\"text-align: center;\" data-start=\"221\" data-end=\"381\">Designet med en sklisikker bakside, holder bilseteputen seg sikkert p\u00e5 plass. Den forhindrer at den sklir under kj\u00f8ring, noe som gir en trygg og komfortabel opplevelse.<\/p>\n<p data-start=\"221\" data-end=\"381\"><img decoding=\"async\" class=\"alignnone size-medium wp-image-13319 aligncenter\" src=\"https:\/\/keluvo.com\/template\/wp-content\/uploads\/sites\/5\/2025\/04\/Hd80ccda93ae24a15be574c730ac9d9eej.jpg_960x960q75.jpg_.jpeg\" alt=\"\" \/><\/p>\n","protected":false},"excerpt":{"rendered":"<p>Mykt Og Varmt Materiale Bilseteputen er laget av plysjstoff som gir varme og komfort. Den bidrar til \u00e5 holde setene [&hellip;]<\/p>\n","protected":false},"featured_media":11834,"comment_status":"open","ping_status":"closed","template":"","meta":{"site-sidebar-layout":"default","site-content-layout":"","ast-site-content-layout":"default","site-content-style":"default","site-sidebar-style":"default","ast-global-header-display":"","ast-banner-title-visibility":"","ast-main-header-display":"","ast-hfb-above-header-display":"","ast-hfb-below-header-display":"","ast-hfb-mobile-header-display":"","site-post-title":"","ast-breadcrumbs-content":"","ast-featured-img":"","footer-sml-layout":"","theme-transparent-header-meta":"default","adv-header-id-meta":"","stick-header-meta":"","header-above-stick-meta":"","header-main-stick-meta":"","header-below-stick-meta":"","astra-migrate-meta-layouts":"set","ast-page-background-enabled":"default","ast-page-background-meta":{"desktop":{"background-color":"var(--ast-global-color-4)","background-image":"","background-repeat":"repeat","background-position":"center center","background-size":"auto","background-attachment":"scroll","background-type":"","background-media":"","overlay-type":"","overlay-color":"","overlay-opacity":"","overlay-gradient":""},"tablet":{"background-color":"","background-image":"","background-repeat":"repeat","background-position":"center center","background-size":"auto","background-attachment":"scroll","background-type":"","background-media":"","overlay-type":"","overlay-color":"","overlay-opacity":"","overlay-gradient":""},"mobile":{"background-color":"","background-image":"","background-repeat":"repeat","background-position":"center center","background-size":"auto","background-attachment":"scroll","background-type":"","background-media":"","overlay-type":"","overlay-color":"","overlay-opacity":"","overlay-gradient":""}},"ast-content-background-meta":{"desktop":{"background-color":"var(--ast-global-color-5)","background-image":"","background-repeat":"repeat","background-position":"center center","background-size":"auto","background-attachment":"scroll","background-type":"","background-media":"","overlay-type":"","overlay-color":"","overlay-opacity":"","overlay-gradient":""},"tablet":{"background-color":"var(--ast-global-color-5)","background-image":"","background-repeat":"repeat","background-position":"center center","background-size":"auto","background-attachment":"scroll","background-type":"","background-media":"","overlay-type":"","overlay-color":"","overlay-opacity":"","overlay-gradient":""},"mobile":{"background-color":"var(--ast-global-color-5)","background-image":"","background-repeat":"repeat","background-position":"center center","background-size":"auto","background-attachment":"scroll","background-type":"","background-media":"","overlay-type":"","overlay-color":"","overlay-opacity":"","overlay-gradient":""}}},"product_brand":[],"product_cat":[15],"product_tag":[],"class_list":{"0":"post-11838","1":"product","2":"type-product","3":"status-publish","4":"has-post-thumbnail","6":"product_cat-uncategorized","7":"pa_29811_xi3w8icf-beige","8":"pa_29811_xi3w8icf-bla","9":"pa_29811_xi3w8icf-gra","10":"pa_29811_xi3w8icf-kamel","11":"pa_29811_xi3w8icf-lilla","12":"pa_29811_xi3w8icf-rod","13":"pa_29811_xi3w8icf-rosa","14":"pa_29811_xi3w8icf-svart","15":"desktop-align-left","16":"tablet-align-left","17":"mobile-align-left","19":"first","20":"instock","21":"shipping-taxable","22":"purchasable","23":"product-type-variable"},"_links":{"self":[{"href":"https:\/\/keluvo.com\/no\/wp-json\/wp\/v2\/product\/11838","targetHints":{"allow":["GET"]}}],"collection":[{"href":"https:\/\/keluvo.com\/no\/wp-json\/wp\/v2\/product"}],"about":[{"href":"https:\/\/keluvo.com\/no\/wp-json\/wp\/v2\/types\/product"}],"replies":[{"embeddable":true,"href":"https:\/\/keluvo.com\/no\/wp-json\/wp\/v2\/comments?post=11838"}],"wp:featuredmedia":[{"embeddable":true,"href":"https:\/\/keluvo.com\/no\/wp-json\/wp\/v2\/media\/11834"}],"wp:attachment":[{"href":"https:\/\/keluvo.com\/no\/wp-json\/wp\/v2\/media?parent=11838"}],"wp:term":[{"taxonomy":"product_brand","embeddable":true,"href":"https:\/\/keluvo.com\/no\/wp-json\/wp\/v2\/product_brand?post=11838"},{"taxonomy":"product_cat","embeddable":true,"href":"https:\/\/keluvo.com\/no\/wp-json\/wp\/v2\/product_cat?post=11838"},{"taxonomy":"product_tag","embeddable":true,"href":"https:\/\/keluvo.com\/no\/wp-json\/wp\/v2\/product_tag?post=11838"}],"curies":[{"name":"wp","href":"https:\/\/api.w.org\/{rel}","templated":true}]}}