{"id":11827,"date":"2025-04-05T10:07:01","date_gmt":"2025-04-05T08:07:01","guid":{"rendered":"https:\/\/keluvo.com\/no\/produkt\/beroligende-oterleke\/"},"modified":"2025-04-05T10:07:57","modified_gmt":"2025-04-05T08:07:57","slug":"beroligende-oterleke","status":"publish","type":"product","link":"https:\/\/keluvo.com\/no\/produkt\/beroligende-oterleke\/","title":{"rendered":"Beroligende oterleke"},"content":{"rendered":"<h2 style=\"text-align: center\" data-start=\"0\" data-end=\"29\"><strong>Sk\u00e5nsom Pustebevegelse<\/strong><\/h2>\n<p class=\"\" style=\"text-align: center\" data-start=\"30\" data-end=\"239\">Den beroligende oterleken beveger seg p\u00e5 en myk, rytmisk m\u00e5te som etterligner naturlig pust. Denne milde bevegelsen bidrar til at babyen f\u00f8ler seg avslappet og trygg. Den gir tr\u00f8st og gj\u00f8r det lettere for de minste \u00e5 sovne.<\/p>\n<p data-start=\"30\" data-end=\"239\"><img decoding=\"async\" class=\"alignnone size-medium wp-image-13348 aligncenter\" src=\"https:\/\/keluvo.com\/template\/wp-content\/uploads\/sites\/5\/2025\/04\/Sa336660e4a5247879b6bc12d4eda87d9K.jpeg\" alt=\"\" \/><\/p>\n<h2 style=\"text-align: center\" data-start=\"241\" data-end=\"268\"><strong>Myk Musikk Og Lys<\/strong><\/h2>\n<p class=\"\" style=\"text-align: center\" data-start=\"269\" data-end=\"523\">Denne beroligende oterleken spiller beroligende musikk og avgir et mykt lys for \u00e5 skape en fredelig atmosf\u00e6re ved leggetid. Kombinasjonen av myke lyder og dempet belysning bidrar til \u00e5 berolige babyen. Den er designet for \u00e5 gj\u00f8re nattrutinene enklere for foreldre og barn.<\/p>\n<p data-start=\"269\" data-end=\"523\"><img decoding=\"async\" class=\"alignnone size-medium wp-image-13345 aligncenter\" src=\"https:\/\/keluvo.com\/template\/wp-content\/uploads\/sites\/5\/2025\/04\/S76ffac1e92254918b1dff825ebf660a5b.jpeg\" alt=\"\" \/><\/p>\n","protected":false},"excerpt":{"rendered":"<p>Sk\u00e5nsom Pustebevegelse Den beroligende oterleken beveger seg p\u00e5 en myk, rytmisk m\u00e5te som etterligner naturlig pust. Denne milde bevegelsen bidrar [&hellip;]<\/p>\n","protected":false},"featured_media":11823,"comment_status":"open","ping_status":"closed","template":"","meta":{"site-sidebar-layout":"default","site-content-layout":"","ast-site-content-layout":"default","site-content-style":"default","site-sidebar-style":"default","ast-global-header-display":"","ast-banner-title-visibility":"","ast-main-header-display":"","ast-hfb-above-header-display":"","ast-hfb-below-header-display":"","ast-hfb-mobile-header-display":"","site-post-title":"","ast-breadcrumbs-content":"","ast-featured-img":"","footer-sml-layout":"","theme-transparent-header-meta":"default","adv-header-id-meta":"","stick-header-meta":"","header-above-stick-meta":"","header-main-stick-meta":"","header-below-stick-meta":"","astra-migrate-meta-layouts":"set","ast-page-background-enabled":"default","ast-page-background-meta":{"desktop":{"background-color":"var(--ast-global-color-4)","background-image":"","background-repeat":"repeat","background-position":"center center","background-size":"auto","background-attachment":"scroll","background-type":"","background-media":"","overlay-type":"","overlay-color":"","overlay-opacity":"","overlay-gradient":""},"tablet":{"background-color":"","background-image":"","background-repeat":"repeat","background-position":"center center","background-size":"auto","background-attachment":"scroll","background-type":"","background-media":"","overlay-type":"","overlay-color":"","overlay-opacity":"","overlay-gradient":""},"mobile":{"background-color":"","background-image":"","background-repeat":"repeat","background-position":"center center","background-size":"auto","background-attachment":"scroll","background-type":"","background-media":"","overlay-type":"","overlay-color":"","overlay-opacity":"","overlay-gradient":""}},"ast-content-background-meta":{"desktop":{"background-color":"var(--ast-global-color-5)","background-image":"","background-repeat":"repeat","background-position":"center center","background-size":"auto","background-attachment":"scroll","background-type":"","background-media":"","overlay-type":"","overlay-color":"","overlay-opacity":"","overlay-gradient":""},"tablet":{"background-color":"var(--ast-global-color-5)","background-image":"","background-repeat":"repeat","background-position":"center center","background-size":"auto","background-attachment":"scroll","background-type":"","background-media":"","overlay-type":"","overlay-color":"","overlay-opacity":"","overlay-gradient":""},"mobile":{"background-color":"var(--ast-global-color-5)","background-image":"","background-repeat":"repeat","background-position":"center center","background-size":"auto","background-attachment":"scroll","background-type":"","background-media":"","overlay-type":"","overlay-color":"","overlay-opacity":"","overlay-gradient":""}}},"product_brand":[],"product_cat":[990],"product_tag":[],"class_list":{"0":"post-11827","1":"product","2":"type-product","3":"status-publish","4":"has-post-thumbnail","6":"product_cat-leker-barne-og-babyprodukter","7":"pa_29989_yhq3cdj7-bla","8":"pa_29989_yhq3cdj7-gra","9":"pa_29989_yhq3cdj7-rosa","10":"desktop-align-left","11":"tablet-align-left","12":"mobile-align-left","14":"first","15":"instock","16":"shipping-taxable","17":"purchasable","18":"product-type-variable"},"_links":{"self":[{"href":"https:\/\/keluvo.com\/no\/wp-json\/wp\/v2\/product\/11827","targetHints":{"allow":["GET"]}}],"collection":[{"href":"https:\/\/keluvo.com\/no\/wp-json\/wp\/v2\/product"}],"about":[{"href":"https:\/\/keluvo.com\/no\/wp-json\/wp\/v2\/types\/product"}],"replies":[{"embeddable":true,"href":"https:\/\/keluvo.com\/no\/wp-json\/wp\/v2\/comments?post=11827"}],"wp:featuredmedia":[{"embeddable":true,"href":"https:\/\/keluvo.com\/no\/wp-json\/wp\/v2\/media\/11823"}],"wp:attachment":[{"href":"https:\/\/keluvo.com\/no\/wp-json\/wp\/v2\/media?parent=11827"}],"wp:term":[{"taxonomy":"product_brand","embeddable":true,"href":"https:\/\/keluvo.com\/no\/wp-json\/wp\/v2\/product_brand?post=11827"},{"taxonomy":"product_cat","embeddable":true,"href":"https:\/\/keluvo.com\/no\/wp-json\/wp\/v2\/product_cat?post=11827"},{"taxonomy":"product_tag","embeddable":true,"href":"https:\/\/keluvo.com\/no\/wp-json\/wp\/v2\/product_tag?post=11827"}],"curies":[{"name":"wp","href":"https:\/\/api.w.org\/{rel}","templated":true}]}}