{"id":11807,"date":"2025-04-05T10:02:32","date_gmt":"2025-04-05T08:02:32","guid":{"rendered":"https:\/\/keluvo.com\/no\/produkt\/halskjede-med-syv-chakraer\/"},"modified":"2025-04-05T10:03:41","modified_gmt":"2025-04-05T08:03:41","slug":"halskjede-med-syv-chakraer","status":"publish","type":"product","link":"https:\/\/keluvo.com\/no\/produkt\/halskjede-med-syv-chakraer\/","title":{"rendered":"Halskjede med syv chakraer"},"content":{"rendered":"<h2 style=\"text-align: center\" data-start=\"0\" data-end=\"25\"><strong>Balanser Energien Din<\/strong><\/h2>\n<p class=\"\" style=\"text-align: center\" data-start=\"26\" data-end=\"235\">Halsb\u00e5ndet med de syv chakraene er designet for \u00e5 bidra til \u00e5 balansere kroppens energi. Hver stein representerer ett av de syv chakraene, noe som fremmer harmoni og velv\u00e6re. Bruk det hver dag for \u00e5 f\u00f8le deg mer sentrert og forbundet.<\/p>\n<p style=\"text-align: center\" data-start=\"26\" data-end=\"235\"><img decoding=\"async\" class=\"alignnone size-medium wp-image-13384\" src=\"https:\/\/keluvo.com\/template\/wp-content\/uploads\/sites\/5\/2025\/04\/S37da8be7e5b44a0f9dffd0ec7fcac9a40.jpg_960x960q75.jpg_.jpeg\" alt=\"\" \/><\/p>\n<h2 style=\"text-align: center\" data-start=\"237\" data-end=\"274\"><strong>Vakkert Og Meningsfylt Design<\/strong><\/h2>\n<p class=\"\" style=\"text-align: center\" data-start=\"275\" data-end=\"491\">Dette halskjedet har et delikat design med n\u00f8ye utvalgte steiner. Fargene og arrangementet skaper et stilig uttrykk samtidig som det har en dyp spirituell betydning. Perfekt til hverdagsbruk eller spesielle anledninger.<\/p>\n<p data-start=\"275\" data-end=\"491\"><img decoding=\"async\" class=\"alignnone size-medium wp-image-13386 aligncenter\" src=\"https:\/\/keluvo.com\/template\/wp-content\/uploads\/sites\/5\/2025\/04\/Sa3e7c657909449c7adbf3c339b15e004s.jpg_960x960q75.jpg_.jpeg\" alt=\"\" \/><\/p>\n","protected":false},"excerpt":{"rendered":"<p>Balanser Energien Din Halsb\u00e5ndet med de syv chakraene er designet for \u00e5 bidra til \u00e5 balansere kroppens energi. Hver stein [&hellip;]<\/p>\n","protected":false},"featured_media":11803,"comment_status":"open","ping_status":"closed","template":"","meta":{"site-sidebar-layout":"default","site-content-layout":"","ast-site-content-layout":"default","site-content-style":"default","site-sidebar-style":"default","ast-global-header-display":"","ast-banner-title-visibility":"","ast-main-header-display":"","ast-hfb-above-header-display":"","ast-hfb-below-header-display":"","ast-hfb-mobile-header-display":"","site-post-title":"","ast-breadcrumbs-content":"","ast-featured-img":"","footer-sml-layout":"","theme-transparent-header-meta":"default","adv-header-id-meta":"","stick-header-meta":"","header-above-stick-meta":"","header-main-stick-meta":"","header-below-stick-meta":"","astra-migrate-meta-layouts":"set","ast-page-background-enabled":"default","ast-page-background-meta":{"desktop":{"background-color":"var(--ast-global-color-4)","background-image":"","background-repeat":"repeat","background-position":"center center","background-size":"auto","background-attachment":"scroll","background-type":"","background-media":"","overlay-type":"","overlay-color":"","overlay-opacity":"","overlay-gradient":""},"tablet":{"background-color":"","background-image":"","background-repeat":"repeat","background-position":"center center","background-size":"auto","background-attachment":"scroll","background-type":"","background-media":"","overlay-type":"","overlay-color":"","overlay-opacity":"","overlay-gradient":""},"mobile":{"background-color":"","background-image":"","background-repeat":"repeat","background-position":"center center","background-size":"auto","background-attachment":"scroll","background-type":"","background-media":"","overlay-type":"","overlay-color":"","overlay-opacity":"","overlay-gradient":""}},"ast-content-background-meta":{"desktop":{"background-color":"var(--ast-global-color-5)","background-image":"","background-repeat":"repeat","background-position":"center center","background-size":"auto","background-attachment":"scroll","background-type":"","background-media":"","overlay-type":"","overlay-color":"","overlay-opacity":"","overlay-gradient":""},"tablet":{"background-color":"var(--ast-global-color-5)","background-image":"","background-repeat":"repeat","background-position":"center center","background-size":"auto","background-attachment":"scroll","background-type":"","background-media":"","overlay-type":"","overlay-color":"","overlay-opacity":"","overlay-gradient":""},"mobile":{"background-color":"var(--ast-global-color-5)","background-image":"","background-repeat":"repeat","background-position":"center center","background-size":"auto","background-attachment":"scroll","background-type":"","background-media":"","overlay-type":"","overlay-color":"","overlay-opacity":"","overlay-gradient":""}}},"product_brand":[],"product_cat":[993],"product_tag":[],"class_list":{"0":"post-11807","1":"product","2":"type-product","3":"status-publish","4":"has-post-thumbnail","6":"product_cat-skotoy-tilbehor","7":"pa_34487_km8rslta-gull","8":"pa_34487_km8rslta-solv","9":"desktop-align-left","10":"tablet-align-left","11":"mobile-align-left","13":"first","14":"instock","15":"shipping-taxable","16":"purchasable","17":"product-type-variable"},"_links":{"self":[{"href":"https:\/\/keluvo.com\/no\/wp-json\/wp\/v2\/product\/11807","targetHints":{"allow":["GET"]}}],"collection":[{"href":"https:\/\/keluvo.com\/no\/wp-json\/wp\/v2\/product"}],"about":[{"href":"https:\/\/keluvo.com\/no\/wp-json\/wp\/v2\/types\/product"}],"replies":[{"embeddable":true,"href":"https:\/\/keluvo.com\/no\/wp-json\/wp\/v2\/comments?post=11807"}],"wp:featuredmedia":[{"embeddable":true,"href":"https:\/\/keluvo.com\/no\/wp-json\/wp\/v2\/media\/11803"}],"wp:attachment":[{"href":"https:\/\/keluvo.com\/no\/wp-json\/wp\/v2\/media?parent=11807"}],"wp:term":[{"taxonomy":"product_brand","embeddable":true,"href":"https:\/\/keluvo.com\/no\/wp-json\/wp\/v2\/product_brand?post=11807"},{"taxonomy":"product_cat","embeddable":true,"href":"https:\/\/keluvo.com\/no\/wp-json\/wp\/v2\/product_cat?post=11807"},{"taxonomy":"product_tag","embeddable":true,"href":"https:\/\/keluvo.com\/no\/wp-json\/wp\/v2\/product_tag?post=11807"}],"curies":[{"name":"wp","href":"https:\/\/api.w.org\/{rel}","templated":true}]}}