{"id":11780,"date":"2025-04-05T09:47:52","date_gmt":"2025-04-05T07:47:52","guid":{"rendered":"https:\/\/keluvo.com\/no\/produkt\/frityrgryte-i-rustfritt-stal\/"},"modified":"2025-09-05T17:49:53","modified_gmt":"2025-09-05T14:49:53","slug":"frityrgryte-i-rustfritt-stal","status":"publish","type":"product","link":"https:\/\/keluvo.com\/no\/produkt\/frityrgryte-i-rustfritt-stal\/","title":{"rendered":"Frityrgryte i rustfritt st\u00e5l"},"content":{"rendered":"<h2 style=\"text-align: center\"><strong>Rustfritt St\u00e5l Av H\u00f8y Kvalitet<\/strong><\/h2>\n<p style=\"text-align: center\">Friteusen i rustfritt st\u00e5l er laget av slitesterkt 304 rustfritt st\u00e5l, noe som sikrer langvarig bruk. Dette materialet er trygt, hygienisk og motstandsdyktig mot rust, noe som gj\u00f8r det ideelt for daglig matlaging.<\/p>\n<p><img decoding=\"async\" class=\"alignnone size-medium wp-image-11656 aligncenter\" src=\"https:\/\/keluvo.com\/template\/wp-content\/uploads\/sites\/5\/2025\/02\/S9a757397e1cc4c6ea1f7b0224f3a83d4a.jpeg\" alt=\"\" \/><\/p>\n<h2 style=\"text-align: center\"><strong>Perfekt For Steking Av Ulike Typer Mat<\/strong><\/h2>\n<p style=\"text-align: center\">Denne frityrgryten er egnet for \u00e5 lage spr\u00f8stekt mat som kyllingvinger, pommes frites, tempura og mye mer. Enten du tilbereder snacks eller hele m\u00e5ltider, hjelper den deg med \u00e5 oppn\u00e5 deilige resultater hver gang.<\/p>\n<p><img decoding=\"async\" class=\"alignnone size-medium wp-image-11659 aligncenter\" src=\"https:\/\/keluvo.com\/template\/wp-content\/uploads\/sites\/5\/2025\/02\/Sed04757c62f346149f976dd3cfd4b65ar.jpeg\" alt=\"\" \/><\/p>\n","protected":false},"excerpt":{"rendered":"<p>Rustfritt St\u00e5l Av H\u00f8y Kvalitet Friteusen i rustfritt st\u00e5l er laget av slitesterkt 304 rustfritt st\u00e5l, noe som sikrer langvarig [&hellip;]<\/p>\n","protected":false},"featured_media":11776,"comment_status":"open","ping_status":"closed","template":"","meta":{"site-sidebar-layout":"default","site-content-layout":"","ast-site-content-layout":"default","site-content-style":"default","site-sidebar-style":"default","ast-global-header-display":"","ast-banner-title-visibility":"","ast-main-header-display":"","ast-hfb-above-header-display":"","ast-hfb-below-header-display":"","ast-hfb-mobile-header-display":"","site-post-title":"","ast-breadcrumbs-content":"","ast-featured-img":"","footer-sml-layout":"","theme-transparent-header-meta":"default","adv-header-id-meta":"","stick-header-meta":"","header-above-stick-meta":"","header-main-stick-meta":"","header-below-stick-meta":"","astra-migrate-meta-layouts":"set","ast-page-background-enabled":"default","ast-page-background-meta":{"desktop":{"background-color":"var(--ast-global-color-4)","background-image":"","background-repeat":"repeat","background-position":"center center","background-size":"auto","background-attachment":"scroll","background-type":"","background-media":"","overlay-type":"","overlay-color":"","overlay-opacity":"","overlay-gradient":""},"tablet":{"background-color":"","background-image":"","background-repeat":"repeat","background-position":"center center","background-size":"auto","background-attachment":"scroll","background-type":"","background-media":"","overlay-type":"","overlay-color":"","overlay-opacity":"","overlay-gradient":""},"mobile":{"background-color":"","background-image":"","background-repeat":"repeat","background-position":"center center","background-size":"auto","background-attachment":"scroll","background-type":"","background-media":"","overlay-type":"","overlay-color":"","overlay-opacity":"","overlay-gradient":""}},"ast-content-background-meta":{"desktop":{"background-color":"var(--ast-global-color-5)","background-image":"","background-repeat":"repeat","background-position":"center center","background-size":"auto","background-attachment":"scroll","background-type":"","background-media":"","overlay-type":"","overlay-color":"","overlay-opacity":"","overlay-gradient":""},"tablet":{"background-color":"var(--ast-global-color-5)","background-image":"","background-repeat":"repeat","background-position":"center center","background-size":"auto","background-attachment":"scroll","background-type":"","background-media":"","overlay-type":"","overlay-color":"","overlay-opacity":"","overlay-gradient":""},"mobile":{"background-color":"var(--ast-global-color-5)","background-image":"","background-repeat":"repeat","background-position":"center center","background-size":"auto","background-attachment":"scroll","background-type":"","background-media":"","overlay-type":"","overlay-color":"","overlay-opacity":"","overlay-gradient":""}}},"product_brand":[],"product_cat":[1001],"product_tag":[],"class_list":{"0":"post-11780","1":"product","2":"type-product","3":"status-publish","4":"has-post-thumbnail","6":"product_cat-husholdningsartikler","7":"desktop-align-left","8":"tablet-align-left","9":"mobile-align-left","11":"first","12":"instock","13":"shipping-taxable","14":"purchasable","15":"product-type-simple"},"_links":{"self":[{"href":"https:\/\/keluvo.com\/no\/wp-json\/wp\/v2\/product\/11780","targetHints":{"allow":["GET"]}}],"collection":[{"href":"https:\/\/keluvo.com\/no\/wp-json\/wp\/v2\/product"}],"about":[{"href":"https:\/\/keluvo.com\/no\/wp-json\/wp\/v2\/types\/product"}],"replies":[{"embeddable":true,"href":"https:\/\/keluvo.com\/no\/wp-json\/wp\/v2\/comments?post=11780"}],"wp:featuredmedia":[{"embeddable":true,"href":"https:\/\/keluvo.com\/no\/wp-json\/wp\/v2\/media\/11776"}],"wp:attachment":[{"href":"https:\/\/keluvo.com\/no\/wp-json\/wp\/v2\/media?parent=11780"}],"wp:term":[{"taxonomy":"product_brand","embeddable":true,"href":"https:\/\/keluvo.com\/no\/wp-json\/wp\/v2\/product_brand?post=11780"},{"taxonomy":"product_cat","embeddable":true,"href":"https:\/\/keluvo.com\/no\/wp-json\/wp\/v2\/product_cat?post=11780"},{"taxonomy":"product_tag","embeddable":true,"href":"https:\/\/keluvo.com\/no\/wp-json\/wp\/v2\/product_tag?post=11780"}],"curies":[{"name":"wp","href":"https:\/\/api.w.org\/{rel}","templated":true}]}}