{"id":11775,"date":"2025-04-05T09:46:34","date_gmt":"2025-04-05T07:46:34","guid":{"rendered":"https:\/\/keluvo.com\/no\/produkt\/minimalistisk-armband\/"},"modified":"2025-04-09T12:47:55","modified_gmt":"2025-04-09T10:47:55","slug":"minimalistisk-armband","status":"publish","type":"product","link":"https:\/\/keluvo.com\/no\/produkt\/minimalistisk-armband\/","title":{"rendered":"Minimalistisk armb\u00e5nd"},"content":{"rendered":"<h2 style=\"text-align: center;\" data-start=\"0\" data-end=\"31\"><strong>Elegant Og Enkel Design<\/strong><\/h2>\n<p class=\"\" style=\"text-align: center;\" data-start=\"32\" data-end=\"247\">Det minimalistiske armb\u00e5ndet er perfekt for deg som liker diskrete og stilige smykker. Den elegante designen gj\u00f8r det enkelt \u00e5 b\u00e6re alene eller sammen med andre tilbeh\u00f8r. Armb\u00e5ndet tilf\u00f8rer et snev av eleganse til ethvert antrekk.<\/p>\n<p data-start=\"32\" data-end=\"247\"><img decoding=\"async\" class=\"alignnone size-medium wp-image-12922 aligncenter\" src=\"https:\/\/keluvo.com\/template\/wp-content\/uploads\/sites\/5\/2025\/03\/2b285582-3c9d-4012-800b-f5a8b8f48f99.webp\" alt=\"\" \/><\/p>\n<h2 style=\"text-align: center;\" data-start=\"249\" data-end=\"277\"><strong>Materialer Av H\u00f8y Kvalitet<\/strong><\/h2>\n<p class=\"\" style=\"text-align: center;\" data-start=\"278\" data-end=\"525\">Laget med n\u00f8ye utvalgte perler og gullfylte aksenter er det minimalistiske armb\u00e5ndet b\u00e5de slitesterkt og vakkert. Materialene er designet for \u00e5 motst\u00e5 falming og bevare glansen over tid. Nyt et langvarig og stilig smykke.<\/p>\n<p data-start=\"278\" data-end=\"525\"><img decoding=\"async\" class=\"alignnone size-medium wp-image-12925 aligncenter\" src=\"https:\/\/keluvo.com\/template\/wp-content\/uploads\/sites\/5\/2025\/03\/Sb8c0ec00ac384eadb11c96b54f2dc8c1e.jpg_960x960q75.jpg_.jpeg\" alt=\"\" \/><\/p>\n","protected":false},"excerpt":{"rendered":"<p>Elegant Og Enkel Design Det minimalistiske armb\u00e5ndet er perfekt for deg som liker diskrete og stilige smykker. Den elegante designen [&hellip;]<\/p>\n","protected":false},"featured_media":11771,"comment_status":"open","ping_status":"closed","template":"","meta":{"site-sidebar-layout":"default","site-content-layout":"","ast-site-content-layout":"default","site-content-style":"default","site-sidebar-style":"default","ast-global-header-display":"","ast-banner-title-visibility":"","ast-main-header-display":"","ast-hfb-above-header-display":"","ast-hfb-below-header-display":"","ast-hfb-mobile-header-display":"","site-post-title":"","ast-breadcrumbs-content":"","ast-featured-img":"","footer-sml-layout":"","theme-transparent-header-meta":"default","adv-header-id-meta":"","stick-header-meta":"","header-above-stick-meta":"","header-main-stick-meta":"","header-below-stick-meta":"","astra-migrate-meta-layouts":"set","ast-page-background-enabled":"default","ast-page-background-meta":{"desktop":{"background-color":"var(--ast-global-color-4)","background-image":"","background-repeat":"repeat","background-position":"center center","background-size":"auto","background-attachment":"scroll","background-type":"","background-media":"","overlay-type":"","overlay-color":"","overlay-opacity":"","overlay-gradient":""},"tablet":{"background-color":"","background-image":"","background-repeat":"repeat","background-position":"center center","background-size":"auto","background-attachment":"scroll","background-type":"","background-media":"","overlay-type":"","overlay-color":"","overlay-opacity":"","overlay-gradient":""},"mobile":{"background-color":"","background-image":"","background-repeat":"repeat","background-position":"center center","background-size":"auto","background-attachment":"scroll","background-type":"","background-media":"","overlay-type":"","overlay-color":"","overlay-opacity":"","overlay-gradient":""}},"ast-content-background-meta":{"desktop":{"background-color":"var(--ast-global-color-5)","background-image":"","background-repeat":"repeat","background-position":"center center","background-size":"auto","background-attachment":"scroll","background-type":"","background-media":"","overlay-type":"","overlay-color":"","overlay-opacity":"","overlay-gradient":""},"tablet":{"background-color":"var(--ast-global-color-5)","background-image":"","background-repeat":"repeat","background-position":"center center","background-size":"auto","background-attachment":"scroll","background-type":"","background-media":"","overlay-type":"","overlay-color":"","overlay-opacity":"","overlay-gradient":""},"mobile":{"background-color":"var(--ast-global-color-5)","background-image":"","background-repeat":"repeat","background-position":"center center","background-size":"auto","background-attachment":"scroll","background-type":"","background-media":"","overlay-type":"","overlay-color":"","overlay-opacity":"","overlay-gradient":""}}},"product_brand":[],"product_cat":[993],"product_tag":[],"class_list":{"0":"post-11775","1":"product","2":"type-product","3":"status-publish","4":"has-post-thumbnail","6":"product_cat-skotoy-tilbehor","7":"desktop-align-left","8":"tablet-align-left","9":"mobile-align-left","11":"first","12":"instock","13":"shipping-taxable","14":"purchasable","15":"product-type-simple"},"_links":{"self":[{"href":"https:\/\/keluvo.com\/no\/wp-json\/wp\/v2\/product\/11775","targetHints":{"allow":["GET"]}}],"collection":[{"href":"https:\/\/keluvo.com\/no\/wp-json\/wp\/v2\/product"}],"about":[{"href":"https:\/\/keluvo.com\/no\/wp-json\/wp\/v2\/types\/product"}],"replies":[{"embeddable":true,"href":"https:\/\/keluvo.com\/no\/wp-json\/wp\/v2\/comments?post=11775"}],"wp:featuredmedia":[{"embeddable":true,"href":"https:\/\/keluvo.com\/no\/wp-json\/wp\/v2\/media\/11771"}],"wp:attachment":[{"href":"https:\/\/keluvo.com\/no\/wp-json\/wp\/v2\/media?parent=11775"}],"wp:term":[{"taxonomy":"product_brand","embeddable":true,"href":"https:\/\/keluvo.com\/no\/wp-json\/wp\/v2\/product_brand?post=11775"},{"taxonomy":"product_cat","embeddable":true,"href":"https:\/\/keluvo.com\/no\/wp-json\/wp\/v2\/product_cat?post=11775"},{"taxonomy":"product_tag","embeddable":true,"href":"https:\/\/keluvo.com\/no\/wp-json\/wp\/v2\/product_tag?post=11775"}],"curies":[{"name":"wp","href":"https:\/\/api.w.org\/{rel}","templated":true}]}}