{"id":11632,"date":"2025-04-02T19:06:29","date_gmt":"2025-04-02T17:06:29","guid":{"rendered":"https:\/\/keluvo.com\/no\/produkt\/reiseveske\/"},"modified":"2025-04-02T19:06:47","modified_gmt":"2025-04-02T17:06:47","slug":"reiseveske","status":"publish","type":"product","link":"https:\/\/keluvo.com\/no\/produkt\/reiseveske\/","title":{"rendered":"Reiseveske"},"content":{"rendered":"<h2 style=\"text-align: center\" data-start=\"238\" data-end=\"269\"><strong>Mykt Og Slitesterkt Materiale<\/strong><\/h2>\n<p class=\"\" style=\"text-align: center\" data-start=\"270\" data-end=\"456\">Laget av PU-l\u00e6r av h\u00f8y kvalitet, er denne reisevesken b\u00e5de myk og slitesterk. Den er designet for \u00e5 t\u00e5le daglig bruk, noe som gj\u00f8r den til et p\u00e5litelig valg for jobb, shopping eller reise.<\/p>\n<p style=\"text-align: center\" data-start=\"270\" data-end=\"456\"><img decoding=\"async\" class=\"alignnone size-medium wp-image-13222\" src=\"https:\/\/keluvo.com\/template\/wp-content\/uploads\/sites\/5\/2025\/04\/Sc10cd4c7ac944de3af7eaff66f4a35c7H.jpg_960x960q75.jpg_.jpeg\" alt=\"\" \/><\/p>\n<h2 style=\"text-align: center\" data-start=\"458\" data-end=\"485\"><strong>Stilig Og Allsidig<\/strong><\/h2>\n<p class=\"\" style=\"text-align: center\" data-start=\"486\" data-end=\"657\">Med sin enkle og elegante design passer denne reisetasken til ethvert antrekk. Enten du skal p\u00e5 et m\u00f8te eller p\u00e5 en uformell utflukt, vil den tilf\u00f8re stil til antrekket ditt.<\/p>\n<p style=\"text-align: center\" data-start=\"486\" data-end=\"657\"><img decoding=\"async\" class=\"alignnone size-medium wp-image-13221\" src=\"https:\/\/keluvo.com\/template\/wp-content\/uploads\/sites\/5\/2025\/04\/Sbf87925b043640b0a24519a99360bf20F.jpg_960x960q75.jpg_.jpeg\" alt=\"\" \/><\/p>\n","protected":false},"excerpt":{"rendered":"<p>Mykt Og Slitesterkt Materiale Laget av PU-l\u00e6r av h\u00f8y kvalitet, er denne reisevesken b\u00e5de myk og slitesterk. Den er designet [&hellip;]<\/p>\n","protected":false},"featured_media":11628,"comment_status":"open","ping_status":"closed","template":"","meta":{"site-sidebar-layout":"default","site-content-layout":"","ast-site-content-layout":"default","site-content-style":"default","site-sidebar-style":"default","ast-global-header-display":"","ast-banner-title-visibility":"","ast-main-header-display":"","ast-hfb-above-header-display":"","ast-hfb-below-header-display":"","ast-hfb-mobile-header-display":"","site-post-title":"","ast-breadcrumbs-content":"","ast-featured-img":"","footer-sml-layout":"","theme-transparent-header-meta":"default","adv-header-id-meta":"","stick-header-meta":"","header-above-stick-meta":"","header-main-stick-meta":"","header-below-stick-meta":"","astra-migrate-meta-layouts":"set","ast-page-background-enabled":"default","ast-page-background-meta":{"desktop":{"background-color":"var(--ast-global-color-4)","background-image":"","background-repeat":"repeat","background-position":"center center","background-size":"auto","background-attachment":"scroll","background-type":"","background-media":"","overlay-type":"","overlay-color":"","overlay-opacity":"","overlay-gradient":""},"tablet":{"background-color":"","background-image":"","background-repeat":"repeat","background-position":"center center","background-size":"auto","background-attachment":"scroll","background-type":"","background-media":"","overlay-type":"","overlay-color":"","overlay-opacity":"","overlay-gradient":""},"mobile":{"background-color":"","background-image":"","background-repeat":"repeat","background-position":"center center","background-size":"auto","background-attachment":"scroll","background-type":"","background-media":"","overlay-type":"","overlay-color":"","overlay-opacity":"","overlay-gradient":""}},"ast-content-background-meta":{"desktop":{"background-color":"var(--ast-global-color-5)","background-image":"","background-repeat":"repeat","background-position":"center center","background-size":"auto","background-attachment":"scroll","background-type":"","background-media":"","overlay-type":"","overlay-color":"","overlay-opacity":"","overlay-gradient":""},"tablet":{"background-color":"var(--ast-global-color-5)","background-image":"","background-repeat":"repeat","background-position":"center center","background-size":"auto","background-attachment":"scroll","background-type":"","background-media":"","overlay-type":"","overlay-color":"","overlay-opacity":"","overlay-gradient":""},"mobile":{"background-color":"var(--ast-global-color-5)","background-image":"","background-repeat":"repeat","background-position":"center center","background-size":"auto","background-attachment":"scroll","background-type":"","background-media":"","overlay-type":"","overlay-color":"","overlay-opacity":"","overlay-gradient":""}}},"product_brand":[],"product_cat":[993],"product_tag":[],"class_list":{"0":"post-11632","1":"product","2":"type-product","3":"status-publish","4":"has-post-thumbnail","6":"product_cat-skotoy-tilbehor","7":"pa_30076_qzujssmt-brun","8":"pa_30076_qzujssmt-burgunder","9":"pa_30076_qzujssmt-hvit","10":"pa_30076_qzujssmt-svart","11":"desktop-align-left","12":"tablet-align-left","13":"mobile-align-left","15":"first","16":"instock","17":"shipping-taxable","18":"purchasable","19":"product-type-variable"},"_links":{"self":[{"href":"https:\/\/keluvo.com\/no\/wp-json\/wp\/v2\/product\/11632","targetHints":{"allow":["GET"]}}],"collection":[{"href":"https:\/\/keluvo.com\/no\/wp-json\/wp\/v2\/product"}],"about":[{"href":"https:\/\/keluvo.com\/no\/wp-json\/wp\/v2\/types\/product"}],"replies":[{"embeddable":true,"href":"https:\/\/keluvo.com\/no\/wp-json\/wp\/v2\/comments?post=11632"}],"wp:featuredmedia":[{"embeddable":true,"href":"https:\/\/keluvo.com\/no\/wp-json\/wp\/v2\/media\/11628"}],"wp:attachment":[{"href":"https:\/\/keluvo.com\/no\/wp-json\/wp\/v2\/media?parent=11632"}],"wp:term":[{"taxonomy":"product_brand","embeddable":true,"href":"https:\/\/keluvo.com\/no\/wp-json\/wp\/v2\/product_brand?post=11632"},{"taxonomy":"product_cat","embeddable":true,"href":"https:\/\/keluvo.com\/no\/wp-json\/wp\/v2\/product_cat?post=11632"},{"taxonomy":"product_tag","embeddable":true,"href":"https:\/\/keluvo.com\/no\/wp-json\/wp\/v2\/product_tag?post=11632"}],"curies":[{"name":"wp","href":"https:\/\/api.w.org\/{rel}","templated":true}]}}