{"id":11616,"date":"2025-04-02T19:03:25","date_gmt":"2025-04-02T17:03:25","guid":{"rendered":"https:\/\/keluvo.com\/no\/produkt\/glodende-plekter\/"},"modified":"2025-09-08T10:45:17","modified_gmt":"2025-09-08T07:45:17","slug":"glodende-plekter","status":"publish","type":"product","link":"https:\/\/keluvo.com\/no\/produkt\/glodende-plekter\/","title":{"rendered":"Gl\u00f8dende plekter"},"content":{"rendered":"<h2 style=\"text-align: center\" data-start=\"0\" data-end=\"21\"><strong>Lysende Led-Gl\u00f8d<\/strong><\/h2>\n<p class=\"\" style=\"text-align: center\" data-start=\"22\" data-end=\"195\">Dette gl\u00f8dende plekteret har innebygde LED-lys som aktiveres ved ber\u00f8ring. Den sterke gl\u00f8den gir en unik visuell effekt mens du spiller, noe som gj\u00f8r opptredener mer spennende.<\/p>\n<p data-start=\"22\" data-end=\"195\"><img decoding=\"async\" class=\"alignnone size-medium wp-image-13236 aligncenter\" src=\"https:\/\/keluvo.com\/template\/wp-content\/uploads\/sites\/5\/2025\/04\/Sfcaeb6a0053b4b4bb2b460c916857ce5B.jpg_960x960q75.jpg_.jpeg\" alt=\"\" \/><\/p>\n<h2 style=\"text-align: center\" data-start=\"197\" data-end=\"226\"><strong>Komfortabelt Og Slitesterkt<\/strong><\/h2>\n<p class=\"\" style=\"text-align: center\" data-start=\"227\" data-end=\"398\">Laget av matvaregodkjent plast, er dette gl\u00f8dende plekteret b\u00e5de trygt og holdbart. Det har en glatt overflate og et komfortabelt grep som gj\u00f8r det enkelt \u00e5 h\u00e5ndtere under spilling.<\/p>\n<p style=\"text-align: center\" data-start=\"227\" data-end=\"398\"><img decoding=\"async\" class=\"alignnone size-medium wp-image-13229\" src=\"https:\/\/keluvo.com\/template\/wp-content\/uploads\/sites\/5\/2025\/04\/3cddc533-c292-4414-aec8-edf405529229.webp\" alt=\"\" \/><\/p>\n","protected":false},"excerpt":{"rendered":"<p>Lysende Led-Gl\u00f8d Dette gl\u00f8dende plekteret har innebygde LED-lys som aktiveres ved ber\u00f8ring. Den sterke gl\u00f8den gir en unik visuell effekt [&hellip;]<\/p>\n","protected":false},"featured_media":11612,"comment_status":"open","ping_status":"closed","template":"","meta":{"site-sidebar-layout":"default","site-content-layout":"","ast-site-content-layout":"default","site-content-style":"default","site-sidebar-style":"default","ast-global-header-display":"","ast-banner-title-visibility":"","ast-main-header-display":"","ast-hfb-above-header-display":"","ast-hfb-below-header-display":"","ast-hfb-mobile-header-display":"","site-post-title":"","ast-breadcrumbs-content":"","ast-featured-img":"","footer-sml-layout":"","theme-transparent-header-meta":"default","adv-header-id-meta":"","stick-header-meta":"","header-above-stick-meta":"","header-main-stick-meta":"","header-below-stick-meta":"","astra-migrate-meta-layouts":"set","ast-page-background-enabled":"default","ast-page-background-meta":{"desktop":{"background-color":"var(--ast-global-color-4)","background-image":"","background-repeat":"repeat","background-position":"center center","background-size":"auto","background-attachment":"scroll","background-type":"","background-media":"","overlay-type":"","overlay-color":"","overlay-opacity":"","overlay-gradient":""},"tablet":{"background-color":"","background-image":"","background-repeat":"repeat","background-position":"center center","background-size":"auto","background-attachment":"scroll","background-type":"","background-media":"","overlay-type":"","overlay-color":"","overlay-opacity":"","overlay-gradient":""},"mobile":{"background-color":"","background-image":"","background-repeat":"repeat","background-position":"center center","background-size":"auto","background-attachment":"scroll","background-type":"","background-media":"","overlay-type":"","overlay-color":"","overlay-opacity":"","overlay-gradient":""}},"ast-content-background-meta":{"desktop":{"background-color":"var(--ast-global-color-5)","background-image":"","background-repeat":"repeat","background-position":"center center","background-size":"auto","background-attachment":"scroll","background-type":"","background-media":"","overlay-type":"","overlay-color":"","overlay-opacity":"","overlay-gradient":""},"tablet":{"background-color":"var(--ast-global-color-5)","background-image":"","background-repeat":"repeat","background-position":"center center","background-size":"auto","background-attachment":"scroll","background-type":"","background-media":"","overlay-type":"","overlay-color":"","overlay-opacity":"","overlay-gradient":""},"mobile":{"background-color":"var(--ast-global-color-5)","background-image":"","background-repeat":"repeat","background-position":"center center","background-size":"auto","background-attachment":"scroll","background-type":"","background-media":"","overlay-type":"","overlay-color":"","overlay-opacity":"","overlay-gradient":""}}},"product_brand":[],"product_cat":[996],"product_tag":[],"class_list":{"0":"post-11616","1":"product","2":"type-product","3":"status-publish","4":"has-post-thumbnail","6":"product_cat-verktoy","7":"pa_33533_gfk51s8v-gronn","8":"pa_33533_gfk51s8v-hvit","9":"pa_33533_gfk51s8v-rosa","10":"desktop-align-left","11":"tablet-align-left","12":"mobile-align-left","14":"first","15":"instock","16":"shipping-taxable","17":"purchasable","18":"product-type-variable"},"_links":{"self":[{"href":"https:\/\/keluvo.com\/no\/wp-json\/wp\/v2\/product\/11616","targetHints":{"allow":["GET"]}}],"collection":[{"href":"https:\/\/keluvo.com\/no\/wp-json\/wp\/v2\/product"}],"about":[{"href":"https:\/\/keluvo.com\/no\/wp-json\/wp\/v2\/types\/product"}],"replies":[{"embeddable":true,"href":"https:\/\/keluvo.com\/no\/wp-json\/wp\/v2\/comments?post=11616"}],"wp:featuredmedia":[{"embeddable":true,"href":"https:\/\/keluvo.com\/no\/wp-json\/wp\/v2\/media\/11612"}],"wp:attachment":[{"href":"https:\/\/keluvo.com\/no\/wp-json\/wp\/v2\/media?parent=11616"}],"wp:term":[{"taxonomy":"product_brand","embeddable":true,"href":"https:\/\/keluvo.com\/no\/wp-json\/wp\/v2\/product_brand?post=11616"},{"taxonomy":"product_cat","embeddable":true,"href":"https:\/\/keluvo.com\/no\/wp-json\/wp\/v2\/product_cat?post=11616"},{"taxonomy":"product_tag","embeddable":true,"href":"https:\/\/keluvo.com\/no\/wp-json\/wp\/v2\/product_tag?post=11616"}],"curies":[{"name":"wp","href":"https:\/\/api.w.org\/{rel}","templated":true}]}}