{"id":11598,"date":"2025-04-02T19:00:16","date_gmt":"2025-04-02T17:00:16","guid":{"rendered":"https:\/\/keluvo.com\/no\/produkt\/verktoy-for-orerensing\/"},"modified":"2025-04-02T19:00:32","modified_gmt":"2025-04-02T17:00:32","slug":"verktoy-for-orerensing","status":"publish","type":"product","link":"https:\/\/keluvo.com\/no\/produkt\/verktoy-for-orerensing\/","title":{"rendered":"Verkt\u00f8y for \u00f8rerensing"},"content":{"rendered":"<h2 style=\"text-align: center\" data-start=\"0\" data-end=\"28\"><strong>Klar Og Presis Visning<\/strong><\/h2>\n<p class=\"\" style=\"text-align: center\" data-start=\"29\" data-end=\"196\">\u00d8rerenseren har en liten 3,9 mm eller 5,5 mm linse som gir enkel tilgang til \u00f8rekanalen. Den gir klar sikt og bidrar til sikker og effektiv rengj\u00f8ring.<\/p>\n<p data-start=\"29\" data-end=\"196\"><img decoding=\"async\" class=\"alignnone size-medium wp-image-13293 aligncenter\" src=\"https:\/\/keluvo.com\/template\/wp-content\/uploads\/sites\/5\/2025\/04\/S7a4c22f38382445a86eed3955447861dm.jpg_960x960q75.jpg_.jpeg\" alt=\"\" \/><\/p>\n<h2 style=\"text-align: center\" data-start=\"198\" data-end=\"221\"><strong>Flerbruksbruk<\/strong><\/h2>\n<p class=\"\" style=\"text-align: center\" data-start=\"222\" data-end=\"377\">Denne \u00f8rerenseren er ikke bare beregnet p\u00e5 \u00f8repleie, men kan ogs\u00e5 brukes til \u00e5 sjekke munn, tannkj\u00f8tt, svelg og nesehule. Det er et nyttig hjelpemiddel for hele familien.<\/p>\n<p style=\"text-align: center\" data-start=\"222\" data-end=\"377\"><img decoding=\"async\" class=\"alignnone size-medium wp-image-13296\" src=\"https:\/\/keluvo.com\/template\/wp-content\/uploads\/sites\/5\/2025\/04\/Sad9ddabbe007411bbf508f64f942e0c1v.jpg_960x960q75.jpg_.jpeg\" alt=\"\" \/><\/p>\n","protected":false},"excerpt":{"rendered":"<p>Klar Og Presis Visning \u00d8rerenseren har en liten 3,9 mm eller 5,5 mm linse som gir enkel tilgang til \u00f8rekanalen. [&hellip;]<\/p>\n","protected":false},"featured_media":11594,"comment_status":"open","ping_status":"closed","template":"","meta":{"site-sidebar-layout":"default","site-content-layout":"","ast-site-content-layout":"default","site-content-style":"default","site-sidebar-style":"default","ast-global-header-display":"","ast-banner-title-visibility":"","ast-main-header-display":"","ast-hfb-above-header-display":"","ast-hfb-below-header-display":"","ast-hfb-mobile-header-display":"","site-post-title":"","ast-breadcrumbs-content":"","ast-featured-img":"","footer-sml-layout":"","theme-transparent-header-meta":"default","adv-header-id-meta":"","stick-header-meta":"","header-above-stick-meta":"","header-main-stick-meta":"","header-below-stick-meta":"","astra-migrate-meta-layouts":"set","ast-page-background-enabled":"default","ast-page-background-meta":{"desktop":{"background-color":"var(--ast-global-color-4)","background-image":"","background-repeat":"repeat","background-position":"center center","background-size":"auto","background-attachment":"scroll","background-type":"","background-media":"","overlay-type":"","overlay-color":"","overlay-opacity":"","overlay-gradient":""},"tablet":{"background-color":"","background-image":"","background-repeat":"repeat","background-position":"center center","background-size":"auto","background-attachment":"scroll","background-type":"","background-media":"","overlay-type":"","overlay-color":"","overlay-opacity":"","overlay-gradient":""},"mobile":{"background-color":"","background-image":"","background-repeat":"repeat","background-position":"center center","background-size":"auto","background-attachment":"scroll","background-type":"","background-media":"","overlay-type":"","overlay-color":"","overlay-opacity":"","overlay-gradient":""}},"ast-content-background-meta":{"desktop":{"background-color":"var(--ast-global-color-5)","background-image":"","background-repeat":"repeat","background-position":"center center","background-size":"auto","background-attachment":"scroll","background-type":"","background-media":"","overlay-type":"","overlay-color":"","overlay-opacity":"","overlay-gradient":""},"tablet":{"background-color":"var(--ast-global-color-5)","background-image":"","background-repeat":"repeat","background-position":"center center","background-size":"auto","background-attachment":"scroll","background-type":"","background-media":"","overlay-type":"","overlay-color":"","overlay-opacity":"","overlay-gradient":""},"mobile":{"background-color":"var(--ast-global-color-5)","background-image":"","background-repeat":"repeat","background-position":"center center","background-size":"auto","background-attachment":"scroll","background-type":"","background-media":"","overlay-type":"","overlay-color":"","overlay-opacity":"","overlay-gradient":""}}},"product_brand":[],"product_cat":[996],"product_tag":[],"class_list":{"0":"post-11598","1":"product","2":"type-product","3":"status-publish","4":"has-post-thumbnail","6":"product_cat-verktoy","7":"pa_44702_gh96kr25-solv","8":"pa_44702_gh96kr25-svart","9":"pa_44702_rpbv5fpc-39-mm","10":"pa_44702_rpbv5fpc-55-mm","11":"desktop-align-left","12":"tablet-align-left","13":"mobile-align-left","15":"first","16":"instock","17":"shipping-taxable","18":"purchasable","19":"product-type-variable"},"_links":{"self":[{"href":"https:\/\/keluvo.com\/no\/wp-json\/wp\/v2\/product\/11598","targetHints":{"allow":["GET"]}}],"collection":[{"href":"https:\/\/keluvo.com\/no\/wp-json\/wp\/v2\/product"}],"about":[{"href":"https:\/\/keluvo.com\/no\/wp-json\/wp\/v2\/types\/product"}],"replies":[{"embeddable":true,"href":"https:\/\/keluvo.com\/no\/wp-json\/wp\/v2\/comments?post=11598"}],"wp:featuredmedia":[{"embeddable":true,"href":"https:\/\/keluvo.com\/no\/wp-json\/wp\/v2\/media\/11594"}],"wp:attachment":[{"href":"https:\/\/keluvo.com\/no\/wp-json\/wp\/v2\/media?parent=11598"}],"wp:term":[{"taxonomy":"product_brand","embeddable":true,"href":"https:\/\/keluvo.com\/no\/wp-json\/wp\/v2\/product_brand?post=11598"},{"taxonomy":"product_cat","embeddable":true,"href":"https:\/\/keluvo.com\/no\/wp-json\/wp\/v2\/product_cat?post=11598"},{"taxonomy":"product_tag","embeddable":true,"href":"https:\/\/keluvo.com\/no\/wp-json\/wp\/v2\/product_tag?post=11598"}],"curies":[{"name":"wp","href":"https:\/\/api.w.org\/{rel}","templated":true}]}}